{"id":2472,"date":"2013-05-02T17:30:40","date_gmt":"2013-05-02T20:30:40","guid":{"rendered":"http:\/\/www.encontrabelohorizonte.com.br\/guia\/?page_id=2472"},"modified":"2026-01-07T13:30:29","modified_gmt":"2026-01-07T16:30:29","slug":"sobre-belo-horizonte","status":"publish","type":"page","link":"https:\/\/www.encontrabelohorizonte.com.br\/guia\/sobre-belo-horizonte\/","title":{"rendered":"Sobre Belo Horizonte"},"content":{"rendered":"<p><a href=\"http:\/\/www.encontrabelohorizonte.com.br\/guia\/wp-content\/uploads\/2013\/05\/cidade-de-belo-horizonte.jpg\"><img loading=\"lazy\" decoding=\"async\" width=\"565\" height=\"198\" class=\"size-full wp-image-12648 alignnone\" style=\"width: 99%; height: auto;\" src=\"http:\/\/www.encontrabelohorizonte.com.br\/guia\/wp-content\/uploads\/2013\/05\/cidade-de-belo-horizonte.jpg\" alt=\"cidade-de-belo-horizonte\" srcset=\"https:\/\/www.encontrabelohorizonte.com.br\/guia\/wp-content\/uploads\/2013\/05\/cidade-de-belo-horizonte.jpg 565w, https:\/\/www.encontrabelohorizonte.com.br\/guia\/wp-content\/uploads\/2013\/05\/cidade-de-belo-horizonte-300x105.jpg 300w\" sizes=\"auto, (max-width: 565px) 100vw, 565px\" \/><\/a><\/p>\n<p><strong>Belo Horizonte\u00a0<\/strong>\u00e9 uma cidade brasileira, capital do estado de <a title=\"Encontra Minas Gerais\" href=\"http:\/\/www.encontraminasgerais.com.br\" target=\"_blank\" rel=\"noopener\">Minas Gerais<\/a>. Pertence \u00e0 Mesorregi\u00e3o Metropolitana de Belo Horizonte e \u00e0 Microrregi\u00e3o de Belo Horizonte. Com uma \u00e1rea de aproximadamente 330 km\u00b2, possui uma geografia diversificada, com morros e baixadas, distando 716 quil\u00f4metros de Bras\u00edlia, a capital nacional.<\/p>\n<p>Cercada pela Serra do Curral, que lhe serve de moldura natural e refer\u00eancia hist\u00f3rica, foi planejada e constru\u00edda para ser a capital pol\u00edtica e administrativa do estado mineiro sob influ\u00eancia das ideias do positivismo, num momento de forte apelo da ideologia republicana no pa\u00eds. Sofreu um inesperado acelerado crescimento populacional, chegando a mais de 1 milh\u00e3o de habitantes com quase 70 anos de funda\u00e7\u00e3o. Entre as d\u00e9cadas de 1930 e 1940, houve tamb\u00e9m o avan\u00e7o da industrializa\u00e7\u00e3o, al\u00e9m de muitas constru\u00e7\u00f5es de inspira\u00e7\u00e3o modernista, notadamente as casas do bairro Cidade Jardim, que ajudaram a definir a fisionomia da cidade.<\/p>\n<p>De acordo com o censo realizado pelo Instituto Brasileiro de Geografia e Estat\u00edstica (IBGE) em 2010, sua popula\u00e7\u00e3o \u00e9 de 2 375 444 habitantes, sendo a sexta cidade mais populosa do pa\u00eds. Belo Horizonte j\u00e1 foi indicada pelo Population Crisis Commitee, da ONU, como a metr\u00f3pole com melhor qualidade de vida na Am\u00e9rica Latina e a 45\u00aa entre as 100 melhores cidades do mundo. Hoje a cidade tem o quinto maior PIB entre os munic\u00edpios brasileiros, representando 1,38% do total das riquezas produzidas no pa\u00eds. Uma evid\u00eancia do desenvolvimento da cidade nos \u00faltimos tempos \u00e9 a classifica\u00e7\u00e3o da revista Am\u00e9rica Econom\u00eda, na qual Belo Horizonte aparece como uma das 10 melhores cidades para fazer neg\u00f3cios da Am\u00e9rica Latina em 2009, segunda do Brasil e \u00e0 frente de cidades como Rio de Janeiro, Bras\u00edlia e Curitiba.<\/p>\n<p>A\u00a0<a title=\"Cidade de Belo Horizonte\" href=\"http:\/\/www.encontrabelohorizonte.com.br\/\">Cidade de Belo Horizonte<\/a> \u00e9 mundialmente conhecida e exerce significativa influ\u00eancia nacional e at\u00e9 internacional, seja do ponto de vista cultural, econ\u00f4mico ou pol\u00edtico. Conta com importantes monumentos, parques e museus, como o Museu de Arte da Pampulha, o Museu de Artes e Of\u00edcios, o Museu de Ci\u00eancias Naturais da PUC Minas, o Circuito Cultural Pra\u00e7a da Liberdade, a <a href=\"https:\/\/pracasetedesetembro.com.br\/\" target=\"_blank\">Pra\u00e7a Sete de Setembro<\/a> o Conjunto Arquitet\u00f4nico da Pampulha, o Mercado Central e a Savassi, e eventos de grande repercuss\u00e3o, como o Festival Creamfields Brasil, o Festival Internacional de Teatro, Palco e Rua (FIT-BH), Festival Internacional de Curtas e o Encontro Internacional de Literaturas em L\u00edngua Portuguesa. \u00c9 tamb\u00e9m nacionalmente conhecida como a &#8220;capital nacional do boteco&#8221;, por existirem mais bares per capita do que em qualquer outra grande cidade do Brasil.<\/p>\n<h3>Economia<\/h3>\n<p>Belo Horizonte \u00e9 a quarta cidade mais rica do Brasil com 1,38% do PIB nacional, atr\u00e1s de S\u00e3o Paulo, Rio de Janeiro e Bras\u00edlia. Segundo dados da Funda\u00e7\u00e3o Jo\u00e3o Pinheiro (FJP), em 2008 seu PIB somou R$ 32.725.361.000, o que equivale a aproximadamente 15,2% de toda produ\u00e7\u00e3o de bens e servi\u00e7os do estado. Segundo dados do IBGE, em 2007, o PIB per capita do munic\u00edpio foi de R$ 13.636,00. A capital tem 77 454 sedes de empresas legalizadas, que abarcam 1 025 205 pessoas ocupadas. Sua regi\u00e3o metropolitana possui um PIB de aproximadamente R$ 74,16 bilh\u00f5es, o que corresponde a 34,5% de todo o PIB mineiro em 2006. Segundo dados do IBGE, a rede urbana de influ\u00eancia exercida pela cidade no resto do pa\u00eds abrange 9,1% da popula\u00e7\u00e3o e 7,5% do PIB brasileiro. A influ\u00eancia \u00e9 percebida em 698 cidades de S\u00e3o Paulo, Rio de Janeiro e de Minas Gerais. O munic\u00edpio tamb\u00e9m est\u00e1 entre os sete munic\u00edpios com a melhor infraestrutura do pa\u00eds. Posicionada em um eixo log\u00edstico do Brasil, \u00e9 servida por uma malha vi\u00e1ria e ferrovi\u00e1ria que a liga aos principais centros e portos do pa\u00eds. Recebe voos nacionais e internacionais pelo <a href=\"https:\/\/www.aeroportoconfins.com\/\" target=\"_blank\" rel=\"noopener\">Aeroporto de Confins<\/a> e voos nacionais e regionais pelo Aeroporto da Pampulha.<\/p>\n<p>Um dos maiores centros financeiros do Brasil, Belo Horizonte \u00e9 caracterizada pela predomin\u00e2ncia do setor terci\u00e1rio em sua economia. Mais de 80% da economia do munic\u00edpio se concentra nos servi\u00e7os, com destaque para o com\u00e9rcio, servi\u00e7os financeiros, atividades imobili\u00e1rias e administra\u00e7\u00e3o p\u00fablica. Segundo dados do IBGE, em 2006 o setor agropecu\u00e1rio representou apenas 0,0005% de todas as riquezas produzidas na cidade. De acordo com estudos do Departamento Intersindical de Estat\u00edstica e Estudos Socioecon\u00f4micos (Dieese), a taxa de desemprego da capital mineira \u00e9 a menor entre as capitais do Brasil, sendo o \u00edndice de 8,3%.<\/p>\n<p><a href=\"http:\/\/www.encontrabelohorizonte.com.br\/guia\/wp-content\/uploads\/2013\/05\/mineirinho-em-bh.jpg\"><img loading=\"lazy\" decoding=\"async\" width=\"550\" height=\"353\" class=\"size-full wp-image-12649 alignnone\" style=\"width: 99%; height: auto;\" src=\"http:\/\/www.encontrabelohorizonte.com.br\/guia\/wp-content\/uploads\/2013\/05\/mineirinho-em-bh.jpg\" alt=\"mineirinho-em-bh\" srcset=\"https:\/\/www.encontrabelohorizonte.com.br\/guia\/wp-content\/uploads\/2013\/05\/mineirinho-em-bh.jpg 550w, https:\/\/www.encontrabelohorizonte.com.br\/guia\/wp-content\/uploads\/2013\/05\/mineirinho-em-bh-300x192.jpg 300w\" sizes=\"auto, (max-width: 550px) 100vw, 550px\" \/><\/a><\/p>\n<p>&nbsp;<\/p>\n<h3>Educa\u00e7\u00e3o<\/h3>\n<p>&nbsp;<\/p>\n<p>O fator educa\u00e7\u00e3o do IDH no munic\u00edpio atingiu em 2000 a marca de 0,929 \u2013 patamar consideravelmente elevado, em conformidade aos padr\u00f5es do Programa das Na\u00e7\u00f5es Unidas para o Desenvolvimento (PNUD) \u2013 ao passo que a taxa de analfabetismo indicada pelo \u00faltimo censo demogr\u00e1fico do IBGE foi de 4,6%, superior apenas \u00e0 porcentagem verificada nas cidades de Curitiba, Porto Alegre, Florian\u00f3polis, Rio de Janeiro e Vit\u00f3ria. Nota-se que o analfabetismo vem se reduzindo nos \u00faltimos 30 anos, tanto no munic\u00edpio como no pa\u00eds (no Brasil, a taxa de analfabetismo \u00e9 de 13,6%). Os maiores \u00edndices de analfabetismo na capital encontram-se nas faixas et\u00e1rias que v\u00e3o de 45 a 59 anos (7,0%) e de 60 anos ou mais (14,9%). Entre a popula\u00e7\u00e3o de 10 aos 19 anos de idade, a taxa de analfabetismo \u00e9 de 1,5%, situando Belo Horizonte entre as cinco capitais brasileiras com menor n\u00famero de analfabetos tamb\u00e9m nesta faixa et\u00e1ria.<\/p>\n<p>Vista parcial do pr\u00e9dio da Reitoria da Universidade Federal de Minas Gerais (UFMG).<br \/>\nTomando-se por base o relat\u00f3rio do \u00cdndice de Desenvolvimento da Educa\u00e7\u00e3o B\u00e1sica (IDEB) de 2007, o munic\u00edpio obteve a segunda coloca\u00e7\u00e3o entre as capitais brasileiras. Na classifica\u00e7\u00e3o geral do Exame Nacional do Ensino M\u00e9dio (ENEM) de 2008, tr\u00eas escolas da cidade figuraram entre as 20 melhores do ranking, sendo os col\u00e9gios Bernoulli, Santo Ant\u00f4nio e Col\u00e9gio Coleguium os respectivos segundo, quarto e d\u00e9cimo terceiro colocados. Contudo, em algumas regi\u00f5es perif\u00e9ricas e empobrecidas, o aparato educacional p\u00fablico de n\u00edvel m\u00e9dio e fundamental \u00e9 deficit\u00e1rio, dada a escassez relativa de escolas ou recursos. Nesses locais, a viol\u00eancia manifestada em assaltos, brigas e vandalismo costuma impor certas barreiras ao aproveitamento escolar, constituindo-se em uma das causas preponderantes da evas\u00e3o ou do aprendizado carencial.<\/p>\n<p>Com 672 estabelecimentos de ensino fundamental, 587 estabelecimentos de ensino infantil, 251 escolas de n\u00edvel m\u00e9dio e 49 institui\u00e7\u00f5es de n\u00edvel superior, a rede de ensino da cidade \u00e9 uma das mais extensas do pa\u00eds. Ao total, s\u00e3o 639.352 matr\u00edculas e 153.284 docentes registrados.\u00a0<a title=\"Belo Horizonte\" href=\"http:\/\/www.encontrabelohorizonte.com.br\/\">Belo Horizonte<\/a>\u00a0conta tamb\u00e9m com 55 institui\u00e7\u00f5es de ensino superior que oferecem 704 cursos\/habilita\u00e7\u00f5es. Destacam-se importantes universidades p\u00fablicas e privadas, muitas delas consideradas centros de refer\u00eancia em determinadas \u00e1reas. As institui\u00e7\u00f5es p\u00fablicas de ensino superior sediadas em Belo Horizonte s\u00e3o: a Universidade Federal de Minas Gerais (UFMG), o Centro Federal de Educa\u00e7\u00e3o Tecnol\u00f3gica de Minas Gerais (CEFET-MG), a Escola de Governo da Funda\u00e7\u00e3o Jo\u00e3o Pinheiro e a Universidade do Estado de Minas Gerais (UEMG). Entre as institui\u00e7\u00f5es privadas, destacam-se institui\u00e7\u00f5es como a Pontif\u00edcia Universidade Cat\u00f3lica de Minas Gerais (PUC Minas) e a Funda\u00e7\u00e3o Dom Cabral.<\/p>\n<p>Para homenagear a comunidade de moradores desta maravilhosa cidade, o\u00a0<a title=\"Encontra Minas Gerais\" href=\"http:\/\/www.encontraminasgerais.com.br\/\" target=\"_blank\" rel=\"noopener\">Encontra Minas Gerais\u00a0<\/a>criou o\u00a0<a title=\"Encontra Belo Horizonte\" href=\"http:\/\/www.encontrabelohorizonte.com.br\/\" target=\"_blank\" rel=\"noopener\">Encontra Belo Horizonte<\/a>.<\/p>\n<h3>Limites &#8211; Cidades Vizinhas<\/h3>\n<p><a href=\"http:\/\/www.encontracentrobh.com.br\/\" target=\"_blank\" rel=\"noopener\">Centro de Belo Horizonte, Vespasiano<\/a>,\u00a0<a href=\"http:\/\/www.encontramg.com.br\/ribeirao-das-neves\" target=\"_blank\" rel=\"noopener\">Ribeir\u00e3o das Neves<\/a>,\u00a0<a title=\"Contagem\" href=\"http:\/\/www.encontracontagem.com.br\/\" target=\"_blank\" rel=\"noopener\">Contagem<\/a>,\u00a0<a href=\"http:\/\/www.encontramg.com.br\/ibirite\" target=\"_blank\" rel=\"noopener\">Ibirit\u00e9<\/a>, Brumadinho,\u00a0<a href=\"http:\/\/www.encontramg.com.br\/nova-lima\" target=\"_blank\" rel=\"noopener\">Nova Lima<\/a>,\u00a0<a href=\"http:\/\/www.encontramg.com.br\/sabara\" target=\"_blank\" rel=\"noopener\">Sabar\u00e1<\/a>\u00a0e\u00a0<a href=\"http:\/\/www.encontramg.com.br\/santa-luzia\" target=\"_blank\" rel=\"noopener\">Santa Luzia<\/a><\/p>\n<h4>Dados Principais sobre Belo Horizonte<\/h4>\n<p>Anivers\u00e1rio:\u00a012 de Dezembro<br \/>\nFunda\u00e7\u00e3o :\u00a01897<br \/>\nGent\u00edlico:\u00a0belo-horizontino<br \/>\nArea:\u00a0330,95 Km\u00b2<br \/>\nPopula\u00e7\u00e3o\u00a02.375 444 hab. (2010)<br \/>\nIDH\u00a00,839 &#8211; elevado<br \/>\nPrefeitura\u00a0Belo Horizonte<\/p>\n<p>&nbsp;<\/p>\n<p>Fonte: <a title=\"Guia da Cidade Belo Horizonte\" href=\"https:\/\/www.encontrabelohorizonte.com.br\/sobre\/\" target=\"_blank\" rel=\"noopener noreferrer\">www.encontrabelohorizonte.com.br<\/a><\/p>\n<h2><strong><img decoding=\"async\" class=\"emoji\" role=\"img\" draggable=\"false\" src=\"https:\/\/s.w.org\/images\/core\/emoji\/14.0.0\/svg\/1f3ea.svg\" alt=\"\ud83c\udfea\" \/>\u00a0MOVIMENTO APOIE O COM\u00c9RCIO LOCAL<\/strong><\/h2>\n<p>Ao comprar no mercadinho da esquina ou frequentar a pizzaria ao lado da sua casa, voc\u00ea est\u00e1 contribuindo para o\u00a0<strong>desenvolvimento do sua cidade , crescimento do com\u00e9rcio local<\/strong>\u00a0e na gera\u00e7\u00e3o de empregos.<\/p>\n<p>Prestigie o com\u00e9rcio local. Prestigie o com\u00e9rcio da sua cidade.<\/p>\n<p>Tudo \u00e9 mais perto: Voc\u00ea pode ir\u00a0<img decoding=\"async\" class=\"emoji\" role=\"img\" draggable=\"false\" src=\"https:\/\/s.w.org\/images\/core\/emoji\/14.0.0\/svg\/1f6b6.svg\" alt=\"\ud83d\udeb6\" \/>\u200d, de\u00a0<img decoding=\"async\" class=\"emoji\" role=\"img\" draggable=\"false\" src=\"https:\/\/s.w.org\/images\/core\/emoji\/14.0.0\/svg\/1f6b2.svg\" alt=\"\ud83d\udeb2\" \/>\u00a0ou at\u00e9 mesmo de\u00a0<img decoding=\"async\" class=\"emoji\" role=\"img\" draggable=\"false\" src=\"https:\/\/s.w.org\/images\/core\/emoji\/14.0.0\/svg\/1f697.svg\" alt=\"\ud83d\ude97\" \/>.<\/p>\n<p>O com\u00e9rcio est\u00e1 de bra\u00e7os abertos para recebe-los!<\/p>\n<p>&#8211; <a href=\"https:\/\/www.encontrabrasil.com.br\/cidade\/belo-horizonte-mg\" target=\"_blank\" rel=\"noopener\">EncontraBrasil &#8211; Belo Horizonte<\/a><\/p>\n<p>&#8211; \u00a0<a href=\"https:\/\/guia-mais.com\/belo-horizonte-mg\" target=\"_blank\" rel=\"noopener\">Guia-Mais &#8211; Belo Horizonte<\/a><\/p>\n<p>&#8211; <a href=\"https:\/\/endereco.net.br\/cidade\/belo-horizonte-mg\">Endere\u00e7o Belo Horizonte<\/a><\/p>\n<p><span data-sheets-root=\"1\" data-sheets-value=\"{&quot;1&quot;:2,&quot;2&quot;:&quot;belohorizonte.net.br&quot;}\" data-sheets-userformat=\"{&quot;2&quot;:13057,&quot;3&quot;:{&quot;1&quot;:0},&quot;11&quot;:3,&quot;12&quot;:0,&quot;15&quot;:&quot;Calibri, \\&quot;sans-serif\\&quot;&quot;,&quot;16&quot;:11}\" data-sheets-hyperlink=\"http:\/\/belohorizonte.net.br\">\u00a0&#8211; <a class=\"in-cell-link\" href=\"http:\/\/belohorizonte.net.br\" target=\"_blank\" rel=\"noopener\">Guia.BeloHorizonte.net.br<\/a><\/span><\/p>\n<p>&nbsp;<\/p>\n","protected":false},"excerpt":{"rendered":"<p>Belo Horizonte\u00a0\u00e9 uma cidade brasileira, capital do estado de Minas Gerais. Pertence \u00e0 Mesorregi\u00e3o Metropolitana de Belo Horizonte e \u00e0 Microrregi\u00e3o de Belo Horizonte. Com uma \u00e1rea de aproximadamente 330 km\u00b2, possui uma geografia diversificada, com morros e baixadas, distando 716 quil\u00f4metros de Bras\u00edlia, a capital nacional. Cercada pela Serra do Curral, que lhe serve de moldura natural e refer\u00eancia hist\u00f3rica, foi planejada e constru\u00edda para ser a capital pol\u00edtica e administrativa do estado mineiro sob influ\u00eancia das ideias do positivismo, num momento de forte apelo da ideologia republicana no pa\u00eds. Sofreu um inesperado acelerado crescimento populacional, chegando a mais <\/p>\n","protected":false},"author":1,"featured_media":0,"parent":0,"menu_order":0,"comment_status":"open","ping_status":"open","template":"tpl_sobre_noticias.php","meta":{"footnotes":""},"class_list":["post-2472","page","type-page","status-publish","hentry"],"yoast_head":"<!-- This site is optimized with the Yoast SEO plugin v27.2 - https:\/\/yoast.com\/product\/yoast-seo-wordpress\/ -->\n<title>Sobre Belo Horizonte | Guia Comercial de Belo Horizonte MG<\/title>\n<meta name=\"robots\" content=\"index, follow, max-snippet:-1, max-image-preview:large, max-video-preview:-1\" \/>\n<link rel=\"canonical\" href=\"https:\/\/www.encontrabelohorizonte.com.br\/guia\/sobre-belo-horizonte\/\" \/>\n<meta property=\"og:locale\" content=\"pt_BR\" \/>\n<meta property=\"og:type\" content=\"article\" \/>\n<meta property=\"og:title\" content=\"Sobre Belo Horizonte | Guia Comercial de Belo Horizonte MG\" \/>\n<meta property=\"og:description\" content=\"Belo Horizonte\u00a0\u00e9 uma cidade brasileira, capital do estado de Minas Gerais. Pertence \u00e0 Mesorregi\u00e3o Metropolitana de Belo Horizonte e \u00e0 Microrregi\u00e3o de Belo Horizonte. Com uma \u00e1rea de aproximadamente 330 km\u00b2, possui uma geografia diversificada, com morros e baixadas, distando 716 quil\u00f4metros de Bras\u00edlia, a capital nacional. Cercada pela Serra do Curral, que lhe serve de moldura natural e refer\u00eancia hist\u00f3rica, foi planejada e constru\u00edda para ser a capital pol\u00edtica e administrativa do estado mineiro sob influ\u00eancia das ideias do positivismo, num momento de forte apelo da ideologia republicana no pa\u00eds. Sofreu um inesperado acelerado crescimento populacional, chegando a mais\" \/>\n<meta property=\"og:url\" content=\"https:\/\/www.encontrabelohorizonte.com.br\/guia\/sobre-belo-horizonte\/\" \/>\n<meta property=\"og:site_name\" content=\"Guia Comercial de Belo Horizonte MG\" \/>\n<meta property=\"article:modified_time\" content=\"2026-01-07T16:30:29+00:00\" \/>\n<meta property=\"og:image\" content=\"https:\/\/www.encontrabelohorizonte.com.br\/guia\/wp-content\/uploads\/2013\/05\/cidade-de-belo-horizonte.jpg\" \/>\n\t<meta property=\"og:image:width\" content=\"565\" \/>\n\t<meta property=\"og:image:height\" content=\"198\" \/>\n\t<meta property=\"og:image:type\" content=\"image\/jpeg\" \/>\n<meta name=\"twitter:card\" content=\"summary_large_image\" \/>\n<meta name=\"twitter:label1\" content=\"Est. tempo de leitura\" \/>\n\t<meta name=\"twitter:data1\" content=\"9 minutos\" \/>\n<script type=\"application\/ld+json\" class=\"yoast-schema-graph\">{\"@context\":\"https:\/\/schema.org\",\"@graph\":[{\"@type\":\"WebPage\",\"@id\":\"https:\/\/www.encontrabelohorizonte.com.br\/guia\/sobre-belo-horizonte\/\",\"url\":\"https:\/\/www.encontrabelohorizonte.com.br\/guia\/sobre-belo-horizonte\/\",\"name\":\"Sobre Belo Horizonte | Guia Comercial de Belo Horizonte MG\",\"isPartOf\":{\"@id\":\"https:\/\/www.encontrabelohorizonte.com.br\/guia\/#website\"},\"primaryImageOfPage\":{\"@id\":\"https:\/\/www.encontrabelohorizonte.com.br\/guia\/sobre-belo-horizonte\/#primaryimage\"},\"image\":{\"@id\":\"https:\/\/www.encontrabelohorizonte.com.br\/guia\/sobre-belo-horizonte\/#primaryimage\"},\"thumbnailUrl\":\"http:\/\/www.encontrabelohorizonte.com.br\/guia\/wp-content\/uploads\/2013\/05\/cidade-de-belo-horizonte.jpg\",\"datePublished\":\"2013-05-02T20:30:40+00:00\",\"dateModified\":\"2026-01-07T16:30:29+00:00\",\"inLanguage\":\"pt-BR\",\"potentialAction\":[{\"@type\":\"ReadAction\",\"target\":[\"https:\/\/www.encontrabelohorizonte.com.br\/guia\/sobre-belo-horizonte\/\"]}]},{\"@type\":\"ImageObject\",\"inLanguage\":\"pt-BR\",\"@id\":\"https:\/\/www.encontrabelohorizonte.com.br\/guia\/sobre-belo-horizonte\/#primaryimage\",\"url\":\"http:\/\/www.encontrabelohorizonte.com.br\/guia\/wp-content\/uploads\/2013\/05\/cidade-de-belo-horizonte.jpg\",\"contentUrl\":\"http:\/\/www.encontrabelohorizonte.com.br\/guia\/wp-content\/uploads\/2013\/05\/cidade-de-belo-horizonte.jpg\"},{\"@type\":\"WebSite\",\"@id\":\"https:\/\/www.encontrabelohorizonte.com.br\/guia\/#website\",\"url\":\"https:\/\/www.encontrabelohorizonte.com.br\/guia\/\",\"name\":\"Guia Comercial de Belo Horizonte MG\",\"description\":\"ENCONTRA BELO HORIZONTE - O guia comercial de neg\u00f3cios e empresas, cultura e divers\u00e3o na cidade de Belo Horizonte. Feito 100% para voc\u00ea morador!\",\"potentialAction\":[{\"@type\":\"SearchAction\",\"target\":{\"@type\":\"EntryPoint\",\"urlTemplate\":\"https:\/\/www.encontrabelohorizonte.com.br\/guia\/?s={search_term_string}\"},\"query-input\":{\"@type\":\"PropertyValueSpecification\",\"valueRequired\":true,\"valueName\":\"search_term_string\"}}],\"inLanguage\":\"pt-BR\"}]}<\/script>\n<!-- \/ Yoast SEO plugin. -->","yoast_head_json":{"title":"Sobre Belo Horizonte | Guia Comercial de Belo Horizonte MG","robots":{"index":"index","follow":"follow","max-snippet":"max-snippet:-1","max-image-preview":"max-image-preview:large","max-video-preview":"max-video-preview:-1"},"canonical":"https:\/\/www.encontrabelohorizonte.com.br\/guia\/sobre-belo-horizonte\/","og_locale":"pt_BR","og_type":"article","og_title":"Sobre Belo Horizonte | Guia Comercial de Belo Horizonte MG","og_description":"Belo Horizonte\u00a0\u00e9 uma cidade brasileira, capital do estado de Minas Gerais. Pertence \u00e0 Mesorregi\u00e3o Metropolitana de Belo Horizonte e \u00e0 Microrregi\u00e3o de Belo Horizonte. Com uma \u00e1rea de aproximadamente 330 km\u00b2, possui uma geografia diversificada, com morros e baixadas, distando 716 quil\u00f4metros de Bras\u00edlia, a capital nacional. Cercada pela Serra do Curral, que lhe serve de moldura natural e refer\u00eancia hist\u00f3rica, foi planejada e constru\u00edda para ser a capital pol\u00edtica e administrativa do estado mineiro sob influ\u00eancia das ideias do positivismo, num momento de forte apelo da ideologia republicana no pa\u00eds. Sofreu um inesperado acelerado crescimento populacional, chegando a mais","og_url":"https:\/\/www.encontrabelohorizonte.com.br\/guia\/sobre-belo-horizonte\/","og_site_name":"Guia Comercial de Belo Horizonte MG","article_modified_time":"2026-01-07T16:30:29+00:00","og_image":[{"width":565,"height":198,"url":"https:\/\/www.encontrabelohorizonte.com.br\/guia\/wp-content\/uploads\/2013\/05\/cidade-de-belo-horizonte.jpg","type":"image\/jpeg"}],"twitter_card":"summary_large_image","twitter_misc":{"Est. tempo de leitura":"9 minutos"},"schema":{"@context":"https:\/\/schema.org","@graph":[{"@type":"WebPage","@id":"https:\/\/www.encontrabelohorizonte.com.br\/guia\/sobre-belo-horizonte\/","url":"https:\/\/www.encontrabelohorizonte.com.br\/guia\/sobre-belo-horizonte\/","name":"Sobre Belo Horizonte | Guia Comercial de Belo Horizonte MG","isPartOf":{"@id":"https:\/\/www.encontrabelohorizonte.com.br\/guia\/#website"},"primaryImageOfPage":{"@id":"https:\/\/www.encontrabelohorizonte.com.br\/guia\/sobre-belo-horizonte\/#primaryimage"},"image":{"@id":"https:\/\/www.encontrabelohorizonte.com.br\/guia\/sobre-belo-horizonte\/#primaryimage"},"thumbnailUrl":"http:\/\/www.encontrabelohorizonte.com.br\/guia\/wp-content\/uploads\/2013\/05\/cidade-de-belo-horizonte.jpg","datePublished":"2013-05-02T20:30:40+00:00","dateModified":"2026-01-07T16:30:29+00:00","inLanguage":"pt-BR","potentialAction":[{"@type":"ReadAction","target":["https:\/\/www.encontrabelohorizonte.com.br\/guia\/sobre-belo-horizonte\/"]}]},{"@type":"ImageObject","inLanguage":"pt-BR","@id":"https:\/\/www.encontrabelohorizonte.com.br\/guia\/sobre-belo-horizonte\/#primaryimage","url":"http:\/\/www.encontrabelohorizonte.com.br\/guia\/wp-content\/uploads\/2013\/05\/cidade-de-belo-horizonte.jpg","contentUrl":"http:\/\/www.encontrabelohorizonte.com.br\/guia\/wp-content\/uploads\/2013\/05\/cidade-de-belo-horizonte.jpg"},{"@type":"WebSite","@id":"https:\/\/www.encontrabelohorizonte.com.br\/guia\/#website","url":"https:\/\/www.encontrabelohorizonte.com.br\/guia\/","name":"Guia Comercial de Belo Horizonte MG","description":"ENCONTRA BELO HORIZONTE - O guia comercial de neg\u00f3cios e empresas, cultura e divers\u00e3o na cidade de Belo Horizonte. Feito 100% para voc\u00ea morador!","potentialAction":[{"@type":"SearchAction","target":{"@type":"EntryPoint","urlTemplate":"https:\/\/www.encontrabelohorizonte.com.br\/guia\/?s={search_term_string}"},"query-input":{"@type":"PropertyValueSpecification","valueRequired":true,"valueName":"search_term_string"}}],"inLanguage":"pt-BR"}]}},"_links":{"self":[{"href":"https:\/\/www.encontrabelohorizonte.com.br\/guia\/wp-json\/wp\/v2\/pages\/2472","targetHints":{"allow":["GET"]}}],"collection":[{"href":"https:\/\/www.encontrabelohorizonte.com.br\/guia\/wp-json\/wp\/v2\/pages"}],"about":[{"href":"https:\/\/www.encontrabelohorizonte.com.br\/guia\/wp-json\/wp\/v2\/types\/page"}],"author":[{"embeddable":true,"href":"https:\/\/www.encontrabelohorizonte.com.br\/guia\/wp-json\/wp\/v2\/users\/1"}],"replies":[{"embeddable":true,"href":"https:\/\/www.encontrabelohorizonte.com.br\/guia\/wp-json\/wp\/v2\/comments?post=2472"}],"version-history":[{"count":0,"href":"https:\/\/www.encontrabelohorizonte.com.br\/guia\/wp-json\/wp\/v2\/pages\/2472\/revisions"}],"wp:attachment":[{"href":"https:\/\/www.encontrabelohorizonte.com.br\/guia\/wp-json\/wp\/v2\/media?parent=2472"}],"curies":[{"name":"wp","href":"https:\/\/api.w.org\/{rel}","templated":true}]}}