{"id":2572,"date":"2017-11-24T21:01:25","date_gmt":"2017-11-24T21:01:25","guid":{"rendered":"http:\/\/www.encontrabelohorizonte.com.br\/sobre\/?page_id=2572"},"modified":"2017-11-29T15:32:19","modified_gmt":"2017-11-29T15:32:19","slug":"agencias-dos-correios-em-belo-horizonte","status":"publish","type":"page","link":"https:\/\/www.encontrabelohorizonte.com.br\/sobre\/agencias-dos-correios-em-belo-horizonte\/","title":{"rendered":"Ag\u00eancias dos Correios em Belo Horizonte"},"content":{"rendered":"<div class=\"2e083cf0b19e2c11948dc6ac054ba979\" data-index=\"1\" style=\"float: none; margin:0px;\">\n<!-- Anuncio display - global -->\r\n<ins class=\"adsbygoogle\"\r\n     style=\"display:block\"\r\n     data-ad-client=\"ca-pub-8585364105181520\"\r\n     data-ad-slot=\"8789329856\"\r\n     data-ad-format=\"auto\"\r\n     data-full-width-responsive=\"true\"><\/ins>\r\n<script>\r\n     (adsbygoogle = window.adsbygoogle || []).push({});\r\n<\/script>\n<\/div>\n<p>Sua correspond\u00eancia entregue com efici\u00eancia atrav\u00e9s das ag\u00eancias dos Correios localizadas na cidade de Belo Horizonte. Todas as ag\u00eancias dos Correios em Belo Horizonte funcionam de Segunda a Sexta-feira das 9h \u00e0s 18 horas.<\/p>\n<p>J\u00e1 suas entregas ser\u00e3o feitas de acordo com a data de postagem e servi\u00e7o contratado no ato do envio. Confira abaixo a rela\u00e7\u00e3o de <strong>Ag\u00eancias dos Correios em Belo Horizonte<\/strong> selecionados pelo Encontra Belo Horizonte:<\/p>\n<p><img loading=\"lazy\" decoding=\"async\" class=\"alignnone wp-image-2573 size-full\" title=\"Correios em Belo Horizonte\" src=\"https:\/\/www.encontrabelohorizonte.com.br\/sobre\/wp-content\/uploads\/correios-belo-horizonte.jpg\" alt=\"Correios em Belo Horizonte\" width=\"680\" height=\"189\" srcset=\"https:\/\/www.encontrabelohorizonte.com.br\/sobre\/wp-content\/uploads\/correios-belo-horizonte.jpg 680w, https:\/\/www.encontrabelohorizonte.com.br\/sobre\/wp-content\/uploads\/correios-belo-horizonte-300x83.jpg 300w\" sizes=\"auto, (max-width: 680px) 100vw, 680px\" \/><\/p>\n<h3>Lista de Correios em Belo Horizonte<\/h3>\n<ul>\n<li><strong>Centro<\/strong> &#8211; R. Rio de Janeiro, 234 &#8211; Centro, Belo Horizonte &#8211; MG &#8211; (31) 3213-4305<\/li>\n<li><strong>Calafate<\/strong>\u00a0 &#8211; R. Platina, 1385 &#8211; Calafate &#8211; (31) 3334-4922<\/li>\n<li><strong>Mangabeiras<\/strong> &#8211; Av. dos Bandeirantes, 1120 &#8211; Mangabeiras &#8211; (31) 3003-0100<\/li>\n<li><strong>Centro<\/strong> &#8211; Av. Afonso Pena, 1270 &#8211; Centro &#8211; (31) 3249-2106<\/li>\n<li><strong>Santa Efig\u00eania<\/strong> &#8211; Av. Brasil, 67 &#8211; Santa Efig\u00eania &#8211; (31) 3241-3420<\/li>\n<li><strong>Centro<\/strong> &#8211; Av. Paran\u00e1, 477 &#8211; Centro &#8211; (31) 3272-4905<\/li>\n<li><strong>Barreiro<\/strong> &#8211; Av. Sinfr\u00f4nio Brochado, 550 &#8211; Barreiro &#8211; (31) 3389-9695<\/li>\n<li><strong>Floresta<\/strong> &#8211; Av. do Contorno, 1909 &#8211; Floresta &#8211; (31) 3274-4215<\/li>\n<li><strong>Santo Ant\u00f4nio<\/strong> &#8211; Av. Prudente de Morais, 1030 &#8211; Santo Ant\u00f4nio &#8211; 0800 725 0100<\/li>\n<li><strong>Cidade Nova<\/strong> &#8211; Av. Cristiano Machado, 4000 &#8211; Cidade Nova &#8211; (31) 3003-0100<\/li>\n<li><strong>Centro<\/strong> &#8211; Pra\u00e7a Raul Soares, 16 &#8211; Centro &#8211; (31) 3224-4747<\/li>\n<li><strong>Jaragu\u00e1<\/strong> &#8211; R. Boaventura, 1623 &#8211; Jaragu\u00e1 &#8211; (31) 3441-1188<\/li>\n<li><strong>Centro<\/strong>\u00a0 &#8211; Av. dos Andradas, 371 &#8211; Centro &#8211; (31) 3272-2250<\/li>\n<li><strong>Floresta<\/strong> &#8211; R. Jacu\u00ed, 1221 &#8211; Floresta, Belo Horizonte (31) 3003-0100<\/li>\n<li><strong>Funcion\u00e1rios<\/strong> &#8211; Av. Get\u00falio Vargas, 631A &#8211; Funcion\u00e1rios (31) 3003-0100<\/li>\n<li><strong>Guarani<\/strong> &#8211; R. Furquim Werneck, 92 &#8211; Guarani &#8211; (31) 3433-4907<\/li>\n<li><strong>Jardim Incofind\u00eancia<\/strong> &#8211; Av. Ab\u00edlio Machado, 810 &#8211; Jardim Incofind\u00eancia &#8211; (31) 3417-8001<\/li>\n<li><strong>Prado<\/strong> &#8211; R. Viam\u00e3o, 400 &#8211; Prado &#8211; (31) 3378-4718<\/li>\n<li><strong>Centro<\/strong> &#8211; Pra\u00e7a Rio Branco &#8211; Centro &#8211; (31) 3201-0574<\/li>\n<li><strong>Belvedere<\/strong> &#8211; Rodovia BR-356, 3049 &#8211; Belvedere &#8211; (31) 3286-4401<\/li>\n<li><strong>Funcion\u00e1rios<\/strong> &#8211; R. Pernambuco, 1322 &#8211; Funcion\u00e1rios &#8211; (31) 3283-9792<\/li>\n<li><strong>Venda Nova<\/strong> &#8211; R. Padre Pedro Pinto, 780 &#8211; Venda Nova, Belo Horizonte &#8211; MG &#8211; (31) 3457-2902<\/li>\n<li><strong>Barroca<\/strong> &#8211; Av. Amazonas, 3615 &#8211; Barroca &#8211; (31) 3371-2006<\/li>\n<li><strong>Universit\u00e1rio<\/strong> &#8211; Anel Rodovi\u00e1rio Celso Mello Azevedo, 20901 &#8211; Universit\u00e1rio &#8211; 0800 725 0100<\/li>\n<li><strong>Barro Preto<\/strong> &#8211; R. Ouro Preto, 350 &#8211; Barro Preto &#8211; 0800 725 7282<\/li>\n<li><strong>Centro<\/strong> &#8211; Rua dos Tupis, 337 &#8211; Centro &#8211; (31) 3272-4900<\/li>\n<li><strong>Cai\u00e7ara<\/strong> &#8211; Av. Dom Pedro II, 2662 &#8211; Cai\u00e7ara &#8211; (31) 3411-6060<\/li>\n<li><strong>Carmo<\/strong> &#8211; R. Boa Esperan\u00e7a, 358 &#8211; Carmo &#8211; (31) 3227-4229<\/li>\n<li><strong>Funcion\u00e1rios<\/strong> &#8211; Av. Brasil, 1071 &#8211; Funcion\u00e1rios &#8211; (31) 3201-1933<\/li>\n<li><strong>S\u00e3o Luiz<\/strong> &#8211; Alameda das Ac\u00e1cias, 991 &#8211; S\u00e3o Luiz &#8211; (31) 2534-4300<\/li>\n<li><strong>Funcion\u00e1rios<\/strong> &#8211; R. Para\u00edba, 1050 &#8211; Funcion\u00e1rios &#8211; (31) 3261-4700<\/li>\n<li><strong>Santa Monica<\/strong> &#8211; R. \u00c9rico Ver\u00edssimo, 2305 &#8211; Santa Monica &#8211; (31) 3452-6566<\/li>\n<li><strong>Belvedere<\/strong> &#8211; Av. Luiz Paulo Franco, 565 &#8211; Belvedere &#8211; (31) 3286-3746<\/li>\n<li><strong>Jardim Atl\u00e2ntico<\/strong> &#8211; Av. Dom Pedro I, 402 &#8211; Jardim Atl\u00e2ntico &#8211; (31) 3441-3151<\/li>\n<li><strong>Gra\u00e7a<\/strong> &#8211; R. Jacu\u00ed, 1596 &#8211; Gra\u00e7a &#8211; (31) 3444-7733<\/li>\n<li><strong>Cora\u00e7\u00e3o Eucar\u00edstico<\/strong> &#8211; Rua Cora\u00e7\u00e3o Eucar\u00edstico de Jesus, 75 &#8211; (31) 3319-9700<\/li>\n<li><strong>Centro<\/strong> &#8211; Rua dos Caet\u00e9s, 939 &#8211; Centro &#8211; (31) 3207-7700<\/li>\n<li><strong>Centro<\/strong> &#8211; Av. Amazonas, 5503 &#8211; Centro &#8211; (31) 3334-7874<\/li>\n<li><strong>Cidade Jardim<\/strong> &#8211; Av. Raja Gab\u00e1glia, 1105 &#8211; Cidade Jardim &#8211; (31) 3003-0100<\/li>\n<li><strong>Ouro Preto<\/strong> &#8211; R. Mantena, 22 &#8211; Ouro Preto &#8211; (31) 3498-8650<\/li>\n<li><strong>Santa Efig\u00eania<\/strong> &#8211; Av. Alphonsus de Guimar\u00e3es, 125 &#8211; Santa Efig\u00eania &#8211; (31) 3489-0390<\/li>\n<li><strong>Pampulha<\/strong> &#8211; Avenida Presidente Carlos Luz, 3001, 1147 &#8211; Pampulha &#8211; (31) 3415-9551<\/li>\n<li><strong>Castelo<\/strong> &#8211; Av. Miguel Perrela, 37 &#8211; Castelo &#8211; (31) 3476-8037<\/li>\n<li><strong>Carlos Prates<\/strong> &#8211; Av. Dom Pedro II, 1065 &#8211; Carlos Prates &#8211; (31) 3278-4999<\/li>\n<li><strong>Incofind\u00eancia<\/strong> &#8211; Av. Ab\u00edlio Machado, 1124 &#8211;\u00a0 Incofind\u00eancia &#8211; (31) 3474-4078<\/li>\n<li><strong>Nova Su\u00edssa<\/strong> &#8211; R. Juscelino Barbosa, 300 &#8211; Nova Su\u00edssa &#8211; (31) 3371-2899<\/li>\n<li><strong>Cidade Nova<\/strong> &#8211; R. Gon\u00e7alo Coelho, 56 &#8211; Cidade Nova &#8211; (31) 3484-5243<\/li>\n<li><strong>Cidade Nova<\/strong> &#8211; Av. Jos\u00e9 C\u00e2ndido da Silveira, 535 &#8211; Cidade Nova &#8211; (31) 3484-4910<\/li>\n<li><strong>Santa Ines<\/strong> &#8211; Rua Contagem, 1385 &#8211; 01\/02 &#8211; Santa Ines &#8211; (31) 3488-1147<\/li>\n<li><strong>Padre Eust\u00e1quio<\/strong> &#8211; R. Par\u00e1 de Minas, 55 &#8211; Padre Eust\u00e1quio &#8211; (31) 2552-0040<\/li>\n<li><strong>Tirol<\/strong> &#8211; Av. N\u00e9lio Cerqueira, 705 &#8211; Tirol &#8211; (31) 3388-5301<\/li>\n<li><strong>Santa Lucia<\/strong> &#8211; R. Kepler, 405 &#8211; 11 e 12 &#8211; Santa Lucia &#8211; (31) 3296-1745<\/li>\n<li><strong>Buritis<\/strong> &#8211; Av. Professor M\u00e1rio Werneck, 2700 &#8211; Buritis &#8211; (31) 3378-8002<\/li>\n<li><strong>Guarani<\/strong> &#8211; Av. Waldomiro Lobo, 891A &#8211; Guarani &#8211; 0800 725 0100<\/li>\n<li><strong>S\u00e3o Bernardo<\/strong> &#8211; R. Maria Am\u00e9lia Maia, 620 &#8211; S\u00e3o Bernardo &#8211; (31) 3494-6163<\/li>\n<li><strong>Bet\u00e2nia<\/strong> &#8211; R. \u00darsula Paulino, 899 &#8211; Bet\u00e2nia &#8211; (31) 3374-4238<\/li>\n<li><strong>Horto<\/strong> &#8211; Av. Silviano Brand\u00e3o, 1878 &#8211; Horto &#8211; (31) 3481-1777<\/li>\n<li><strong>Venda Nova<\/strong> &#8211; R. Padre Pedro Pinto, 6709 &#8211; Venda Nova &#8211; (31) 3638-5940<\/li>\n<li><strong>Gutierrez<\/strong> &#8211; R. Bernardino de Lima, 38 &#8211; Gutierrez &#8211; (31) 3292-6389<\/li>\n<li><strong>Pampulha<\/strong> &#8211; Av. Pres. Ant\u00f4nio Carlos, 8157 &#8211; Pampulha &#8211; (31) 3403-1051<\/li>\n<li><strong>Indai\u00e1<\/strong> &#8211; R. Boaventura, 401 &#8211; Indai\u00e1 &#8211; (31) 3249-2550<\/li>\n<li><strong>Santa Branca<\/strong> &#8211; Av. Dom Pedro I, 402 &#8211; Santa Branca &#8211; (31) 3443-5673<\/li>\n<li><strong>Funcion\u00e1rios<\/strong> &#8211; Rua dos Inconfidentes, 903 &#8211; Funcion\u00e1rios &#8211; (31) 3261-1715<\/li>\n<li><strong>Centro<\/strong> &#8211; Av. Augusto de Lima, 444 &#8211; loja 01 &#8211; Centro &#8211; (31) 3003-0100<\/li>\n<li><strong>Santa Efig\u00eania<\/strong> &#8211; Av. do Contorno, 1807 &#8211; Santa Efig\u00eania &#8211; (31) 3421-1717<\/li>\n<li><strong>Jaragu\u00e1<\/strong> &#8211; Rua Izabel Bueno, 442 &#8211; Jaragu\u00e1 &#8211; (31) 3249-2560<\/li>\n<li><strong>S\u00e3o Pedro<\/strong> &#8211; Rua Montes Claros, 38 &#8211; S\u00e3o Pedro &#8211; (31) 3284-8048<\/li>\n<li><strong>Planalto<\/strong> &#8211; Av. Dr. Cristiano Guimar\u00e3es, 1910C &#8211; Planalto &#8211; (31) 3494-1000<\/li>\n<li><strong>Barreiro<\/strong> &#8211; Av. Afonso Vaz de Melo, 640 &#8211; Barreiro &#8211; (31) 3384-9198<\/li>\n<li><strong>Sagrada Fam\u00edlia<\/strong> &#8211; R. Geraldo Menezes Soares, 425 &#8211; Sagrada Fam\u00edlia &#8211; (31) 3003-0100<\/li>\n<li><strong>S\u00e3o Jos\u00e9<\/strong> &#8211; Av. Cel. Jos\u00e9 Dias Bicalho, 187 &#8211; S\u00e3o Jos\u00e9 &#8211; (31) 3492-8461<\/li>\n<li><strong>S\u00e3o Tomaz<\/strong> &#8211; Av. Dr. Cristiano Guimar\u00e3es, 1910 &#8211; S\u00e3o Tomaz &#8211; (31) 3494-1000<\/li>\n<li><strong>Centro<\/strong> &#8211; R. Rio de Janeiro, 1144 &#8211; Centro, Belo Horizonte &#8211; (31) 3003-0100<\/li>\n<li><strong>Serra<\/strong> &#8211; R. Palmira, 514 &#8211; Serra &#8211; (31) 3281-2412<\/li>\n<li><strong>Prado<\/strong> &#8211; Av. do Contorno, 9159 &#8211; Prado &#8211; (31) 3292-3610<\/li>\n<li><strong>Estoril<\/strong> &#8211; Av. Bar\u00e3o Homem de Melo, 2861 &#8211; Estoril &#8211; (31) 99975-4357<\/li>\n<li><strong>Venda Nova<\/strong> &#8211; Av. Vilarinho, 1581 &#8211; Venda Nova &#8211; (31) 3451-4044<\/li>\n<li><strong>Calafate<\/strong> &#8211; R. Juscelino Barbosa, 300 &#8211; Calafate &#8211; (31) 3371-2899<\/li>\n<\/ul>\n\n<div style=\"font-size: 0px; height: 0px; line-height: 0px; margin: 0; padding: 0; clear: both;\"><\/div>","protected":false},"excerpt":{"rendered":"<p>Sua correspond\u00eancia entregue com efici\u00eancia atrav\u00e9s das ag\u00eancias dos Correios localizadas na cidade de Belo Horizonte. Todas as ag\u00eancias dos Correios em Belo Horizonte funcionam de Segunda a Sexta-feira das 9h \u00e0s 18 horas. J\u00e1 suas entregas ser\u00e3o feitas de acordo com a data de postagem e servi\u00e7o contratado no ato do envio. Confira abaixo a rela\u00e7\u00e3o de Ag\u00eancias dos Correios em Belo Horizonte selecionados pelo Encontra Belo Horizonte: Lista de Correios em Belo Horizonte Centro &#8211; R. Rio de Janeiro, 234 &#8211; Centro, Belo Horizonte &#8211; MG &#8211; (31) 3213-4305 Calafate\u00a0 &#8211; R. Platina, 1385 &#8211; Calafate &#8211; (31) <\/p>\n","protected":false},"author":1,"featured_media":0,"parent":0,"menu_order":0,"comment_status":"closed","ping_status":"closed","template":"","meta":{"footnotes":""},"class_list":["post-2572","page","type-page","status-publish","hentry"],"aioseo_notices":[],"_links":{"self":[{"href":"https:\/\/www.encontrabelohorizonte.com.br\/sobre\/wp-json\/wp\/v2\/pages\/2572","targetHints":{"allow":["GET"]}}],"collection":[{"href":"https:\/\/www.encontrabelohorizonte.com.br\/sobre\/wp-json\/wp\/v2\/pages"}],"about":[{"href":"https:\/\/www.encontrabelohorizonte.com.br\/sobre\/wp-json\/wp\/v2\/types\/page"}],"author":[{"embeddable":true,"href":"https:\/\/www.encontrabelohorizonte.com.br\/sobre\/wp-json\/wp\/v2\/users\/1"}],"replies":[{"embeddable":true,"href":"https:\/\/www.encontrabelohorizonte.com.br\/sobre\/wp-json\/wp\/v2\/comments?post=2572"}],"version-history":[{"count":0,"href":"https:\/\/www.encontrabelohorizonte.com.br\/sobre\/wp-json\/wp\/v2\/pages\/2572\/revisions"}],"wp:attachment":[{"href":"https:\/\/www.encontrabelohorizonte.com.br\/sobre\/wp-json\/wp\/v2\/media?parent=2572"}],"curies":[{"name":"wp","href":"https:\/\/api.w.org\/{rel}","templated":true}]}}