{"id":2576,"date":"2017-11-24T21:21:25","date_gmt":"2017-11-24T21:21:25","guid":{"rendered":"http:\/\/www.encontrabelohorizonte.com.br\/sobre\/?page_id=2576"},"modified":"2017-11-29T22:05:33","modified_gmt":"2017-11-29T22:05:33","slug":"shopping-cidade-belo-horizonte","status":"publish","type":"page","link":"https:\/\/www.encontrabelohorizonte.com.br\/sobre\/shopping-cidade-belo-horizonte\/","title":{"rendered":"Shopping Cidade Belo Horizonte"},"content":{"rendered":"<div class=\"2e083cf0b19e2c11948dc6ac054ba979\" data-index=\"1\" style=\"float: none; margin:0px;\">\n<!-- Anuncio display - global -->\r\n<ins class=\"adsbygoogle\"\r\n     style=\"display:block\"\r\n     data-ad-client=\"ca-pub-8585364105181520\"\r\n     data-ad-slot=\"8789329856\"\r\n     data-ad-format=\"auto\"\r\n     data-full-width-responsive=\"true\"><\/ins>\r\n<script>\r\n     (adsbygoogle = window.adsbygoogle || []).push({});\r\n<\/script>\n<\/div>\n<p>Inaugurado em 30 de abril de 1991, o <strong>Shopping Cidade Belo Horizonte<\/strong> se consolidou como um dos principais Shoppings de Belo Horizonte. O empreendimento era o \u00fanico do g\u00eanero na \u00e1rea central da Capital mineira e foi, inclusive, um dos principais fatores a incentivar a revitaliza\u00e7\u00e3o da regi\u00e3o.<\/p>\n<p>Como Shopping down town, apresenta um diferencial em rela\u00e7\u00e3o \u00e0 concorr\u00eancia, pois grande parte dos consumidores que entram em suas lojas j\u00e1 o fazem com decis\u00e3o de compra tomada.<\/p>\n<p><img loading=\"lazy\" decoding=\"async\" class=\"alignnone wp-image-2577 size-full\" title=\"Shopping Cidade Belo Horizonte\" src=\"https:\/\/www.encontrabelohorizonte.com.br\/sobre\/wp-content\/uploads\/shopping-cidade-belo-horizonte.jpg\" alt=\"Shopping Cidade Belo Horizonte\" width=\"680\" height=\"189\" srcset=\"https:\/\/www.encontrabelohorizonte.com.br\/sobre\/wp-content\/uploads\/shopping-cidade-belo-horizonte.jpg 680w, https:\/\/www.encontrabelohorizonte.com.br\/sobre\/wp-content\/uploads\/shopping-cidade-belo-horizonte-300x83.jpg 300w\" sizes=\"auto, (max-width: 680px) 100vw, 680px\" \/><\/p>\n<h2>Cinema Shopping Cidade Belo Horizonte<\/h2>\n<p>Para o entretenimento do p\u00fablico, o shopping oferece <em>salas tradicionais e 3D<\/em><strong>.<\/strong><\/p>\n<p>Hor\u00e1rio de aberturas das bilheterias: Seg., quarta, qui., sex.e s\u00e1b.: 11h30 \/ Ter. e dom.: 10h30<\/p>\n<p>A programa\u00e7\u00e3o dos filmes poder\u00e1 ser alterada, sem aviso pr\u00e9vio. <span style=\"text-decoration: underline;\">Informa\u00e7\u00f5es<\/span> (31) 3279-1200<\/p>\n<h3>Lojas Shopping Cidade Belo Horizonte<\/h3>\n<p>Al\u00e9m do <em>Espa\u00e7o Gourmet<\/em>, com capacidade para 543 lugares, duas pra\u00e7as de alimenta\u00e7\u00e3o, com capacidade total para 1.274 lugares, 22 escadas rolantes, 6 elevadores e um p\u00fablico com expressivo poder de compras. Pesquisas de mercado realizadas no mall mostram que as pessoas das classes sociais A, B e C, na faixa et\u00e1ria de 18 a 34 anos, s\u00e3o os grandes consumidores do empreendimento.<\/p>\n<p>O mix hoje tem lojas que englobam quase todos os segmentos do com\u00e9rcio, al\u00e9m de contar com as Lojas Americanas e Riachuelo como \u00e2ncoras e a loja Supermercados Carrefour Bairro, uma das mais modernas do Brasil, que atrai consumidores que moram no entorno do empreendimento, um p\u00fablico estimado em 70 mil pessoas.<\/p>\n<h3>Vagas Shopping Cidade Belo Horizonte \u2013 Trabalhe Conosco<\/h3>\n<p>Voc\u00ea pode consultar e cadastrar seu curr\u00edculo diretamente no <a href=\"http:\/\/www.shoppingcidade.com.br\/site\/empregos\" target=\"_blank\" rel=\"noopener noreferrer\">link<\/a>.<\/p>\n<h3>Hor\u00e1rio de Funcionamento Shopping Cidade Belo Horizonte<\/h3>\n<ul>\n<li>Segunda a s\u00e1bado: Lojas: das 9h \u00e0s 22h \/ Pra\u00e7as de alimenta\u00e7\u00e3o: das 10h \u00e0s 22h<\/li>\n<li>Domingo: Lojas: das 10h \u00e0s 16h \/ Pra\u00e7as de alimenta\u00e7\u00e3o: das 10h \u00e0s 22h<\/li>\n<\/ul>\n<h3>Endere\u00e7o e Telefone Shopping Cidade Belo Horizonte<\/h3>\n<ul>\n<li>Rua Tupis, 337 &#8211; Centro &#8211; Belo Horizonte &#8211; MG<\/li>\n<li>Central de atendimento: (31) 3279-1200<\/li>\n<\/ul>\n<h4>Outras informa\u00e7\u00f5es e site<\/h4>\n<p>Mais informa\u00e7\u00f5es:\u00a0<a href=\"http:\/\/www.santacruzacabamentos.com.br\" target=\"_blank\" rel=\"noopener noreferrer\">www.shoppingcidade.com.br<\/a><\/p>\n<h4>Mapa de localiza\u00e7\u00e3o Shopping Esta\u00e7\u00e3o BH<\/h4>\n<a class=\"wp-colorbox-iframe\" href=\"https:\/\/www.google.com\/maps\/embed?pb=!1m18!1m12!1m3!1d3751.059738666706!2d-43.94212318508563!3d-19.921887286608232!2m3!1f0!2f0!3f0!3m2!1i1024!2i768!4f13.1!3m3!1m2!1s0xa699e30d3d1c670x431721565474bff3!2sRua+dos+Tupis+337+-+Centro+Belo+Horizonte+-+MG+30190-060!5e0!3m2!1spt-BR!2sbr!4v1511542879166\"><img decoding=\"async\" src=\"http:\/\/www.encontrabelohorizonte.com.br\/imgs\/maps-post.png\"><\/a>\n\n<div style=\"font-size: 0px; height: 0px; line-height: 0px; margin: 0; padding: 0; clear: both;\"><\/div>","protected":false},"excerpt":{"rendered":"<p>Inaugurado em 30 de abril de 1991, o Shopping Cidade Belo Horizonte se consolidou como um dos principais Shoppings de Belo Horizonte. O empreendimento era o \u00fanico do g\u00eanero na \u00e1rea central da Capital mineira e foi, inclusive, um dos principais fatores a incentivar a revitaliza\u00e7\u00e3o da regi\u00e3o. Como Shopping down town, apresenta um diferencial em rela\u00e7\u00e3o \u00e0 concorr\u00eancia, pois grande parte dos consumidores que entram em suas lojas j\u00e1 o fazem com decis\u00e3o de compra tomada. Cinema Shopping Cidade Belo Horizonte Para o entretenimento do p\u00fablico, o shopping oferece salas tradicionais e 3D. Hor\u00e1rio de aberturas das bilheterias: Seg., <\/p>\n","protected":false},"author":1,"featured_media":0,"parent":0,"menu_order":0,"comment_status":"closed","ping_status":"closed","template":"","meta":{"footnotes":""},"class_list":["post-2576","page","type-page","status-publish","hentry"],"aioseo_notices":[],"_links":{"self":[{"href":"https:\/\/www.encontrabelohorizonte.com.br\/sobre\/wp-json\/wp\/v2\/pages\/2576","targetHints":{"allow":["GET"]}}],"collection":[{"href":"https:\/\/www.encontrabelohorizonte.com.br\/sobre\/wp-json\/wp\/v2\/pages"}],"about":[{"href":"https:\/\/www.encontrabelohorizonte.com.br\/sobre\/wp-json\/wp\/v2\/types\/page"}],"author":[{"embeddable":true,"href":"https:\/\/www.encontrabelohorizonte.com.br\/sobre\/wp-json\/wp\/v2\/users\/1"}],"replies":[{"embeddable":true,"href":"https:\/\/www.encontrabelohorizonte.com.br\/sobre\/wp-json\/wp\/v2\/comments?post=2576"}],"version-history":[{"count":0,"href":"https:\/\/www.encontrabelohorizonte.com.br\/sobre\/wp-json\/wp\/v2\/pages\/2576\/revisions"}],"wp:attachment":[{"href":"https:\/\/www.encontrabelohorizonte.com.br\/sobre\/wp-json\/wp\/v2\/media?parent=2576"}],"curies":[{"name":"wp","href":"https:\/\/api.w.org\/{rel}","templated":true}]}}