{"id":2602,"date":"2017-11-27T14:14:13","date_gmt":"2017-11-27T14:14:13","guid":{"rendered":"http:\/\/www.encontrabelohorizonte.com.br\/sobre\/?page_id=2602"},"modified":"2017-12-01T15:04:42","modified_gmt":"2017-12-01T15:04:42","slug":"jardim-zoologico-de-belo-horizonte","status":"publish","type":"page","link":"https:\/\/www.encontrabelohorizonte.com.br\/sobre\/jardim-zoologico-de-belo-horizonte\/","title":{"rendered":"Jardim Zool\u00f3gico de Belo Horizonte"},"content":{"rendered":"<div class=\"2e083cf0b19e2c11948dc6ac054ba979\" data-index=\"1\" style=\"float: none; margin:0px;\">\n<!-- Anuncio display - global -->\r\n<ins class=\"adsbygoogle\"\r\n     style=\"display:block\"\r\n     data-ad-client=\"ca-pub-8585364105181520\"\r\n     data-ad-slot=\"8789329856\"\r\n     data-ad-format=\"auto\"\r\n     data-full-width-responsive=\"true\"><\/ins>\r\n<script>\r\n     (adsbygoogle = window.adsbygoogle || []).push({});\r\n<\/script>\n<\/div>\n<p>O<strong> Jardim Zool\u00f3gico de Belo Horizonte<\/strong> est\u00e1 localizado na regi\u00e3o da Pampulha e representa um dos mais importantes pontos tur\u00edsticos da cidade. Foi inaugurado em janeiro de 1959.<\/p>\n<p>A responsabilidade da administra\u00e7\u00e3o do jardim zool\u00f3gico \u00e9 da Funda\u00e7\u00e3o Zoo-Bot\u00e2nica de Belo Horizonte, cujo 80% dos custos financeiros s\u00e3o repassados pela Prefeitura de Belo Horizonte e o restante da renda por via dos ingressos de entrada e venda de mudas de plantas.<\/p>\n<p><img loading=\"lazy\" decoding=\"async\" class=\"alignnone wp-image-2603 size-full\" title=\"Jardim Zool\u00f3gico de Belo Horizonte\" src=\"https:\/\/www.encontrabelohorizonte.com.br\/sobre\/wp-content\/uploads\/zoologico-belo-horizonte.jpg\" alt=\"Jardim Zool\u00f3gico de Belo Horizonte\" width=\"680\" height=\"189\" srcset=\"https:\/\/www.encontrabelohorizonte.com.br\/sobre\/wp-content\/uploads\/zoologico-belo-horizonte.jpg 680w, https:\/\/www.encontrabelohorizonte.com.br\/sobre\/wp-content\/uploads\/zoologico-belo-horizonte-300x83.jpg 300w\" sizes=\"auto, (max-width: 680px) 100vw, 680px\" \/><\/p>\n<p>O<strong>\u00a0<\/strong>Zool\u00f3gico Municipal de Belo Horizonte conta com mais de mil animais que foram obtidos por permuta com outras institui\u00e7\u00f5es, doa\u00e7\u00f5es supervisionadas pelo <em>IBAMA<\/em>, nascimento dentro do Zool\u00f3gico, dentre outros.<\/p>\n<h2>Jardim Zool\u00f3gico de Belo Horizonte Valor da Entrada<\/h2>\n<p>Os pre\u00e7os foram estabelecidos pelo DECRETO N\u00ba 15.876, DE 12 DE FEVEREIRO DE 2015.<\/p>\n<p>Pagamento: Dinheiro<\/p>\n<p>Ter\u00e7a a sexta-feira &#8211; 4,00 \/ S\u00e1bado\u00a0 &#8211; 5,00 \/ Domingo e Feriado &#8211; 8,00<\/p>\n<h3>Hor\u00e1rio de Funcionamento Jardim Zool\u00f3gico de Belo Horizonte<\/h3>\n<ul>\n<li>Ter\u00e7a a domingo e feriados, das 8h30 \u00e0s 18h.<\/li>\n<\/ul>\n<h3>Endere\u00e7o e Telefone Jardim Zool\u00f3gico de Belo Horizonte<\/h3>\n<ul>\n<li>Avenida Otac\u00edlio Negr\u00e3o de Lima, 8000 &#8211; Pampulha<\/li>\n<li>Telefone : (31) 3277-8489<\/li>\n<\/ul>\n<h4>Outras informa\u00e7\u00f5es e site<\/h4>\n<p>Mais informa\u00e7\u00f5es:\u00a0<a href=\"http:\/\/www.facebook.com\/fundacaozoobotanicabh\/\" target=\"_blank\" rel=\"noopener noreferrer\">facebook.com\/fundacaozoobotanicabh\/ <\/a><\/p>\n<h4>Mapa de localiza\u00e7\u00e3o<\/h4>\n<a class=\"wp-colorbox-iframe\" href=\"https:\/\/www.google.com\/maps\/embed?pb=!1m18!1m12!1m3!1d3752.648626088655!2d-44.007196285086685!3d-19.854814986645835!2m3!1f0!2f0!3f0!3m2!1i1024!2i768!4f13.1!3m3!1m2!1s0xa69175cc5860790x2fa2e067133bdb80!2sAv.+Otaclio+Negro+de+Lima+8000+-+Pampulha+Belo+Horizonte+-+MG+31365-450!5e0!3m2!1spt-BR!2sbr!4v1511541597110\"><img decoding=\"async\" src=\"http:\/\/www.encontrabelohorizonte.com.br\/imgs\/maps-post.png\"><\/a>\n\n<div style=\"font-size: 0px; height: 0px; line-height: 0px; margin: 0; padding: 0; clear: both;\"><\/div>","protected":false},"excerpt":{"rendered":"<p>O Jardim Zool\u00f3gico de Belo Horizonte est\u00e1 localizado na regi\u00e3o da Pampulha e representa um dos mais importantes pontos tur\u00edsticos da cidade. Foi inaugurado em janeiro de 1959. A responsabilidade da administra\u00e7\u00e3o do jardim zool\u00f3gico \u00e9 da Funda\u00e7\u00e3o Zoo-Bot\u00e2nica de Belo Horizonte, cujo 80% dos custos financeiros s\u00e3o repassados pela Prefeitura de Belo Horizonte e o restante da renda por via dos ingressos de entrada e venda de mudas de plantas. O\u00a0Zool\u00f3gico Municipal de Belo Horizonte conta com mais de mil animais que foram obtidos por permuta com outras institui\u00e7\u00f5es, doa\u00e7\u00f5es supervisionadas pelo IBAMA, nascimento dentro do Zool\u00f3gico, dentre outros. <\/p>\n","protected":false},"author":1,"featured_media":0,"parent":0,"menu_order":0,"comment_status":"closed","ping_status":"closed","template":"","meta":{"footnotes":""},"class_list":["post-2602","page","type-page","status-publish","hentry"],"aioseo_notices":[],"_links":{"self":[{"href":"https:\/\/www.encontrabelohorizonte.com.br\/sobre\/wp-json\/wp\/v2\/pages\/2602","targetHints":{"allow":["GET"]}}],"collection":[{"href":"https:\/\/www.encontrabelohorizonte.com.br\/sobre\/wp-json\/wp\/v2\/pages"}],"about":[{"href":"https:\/\/www.encontrabelohorizonte.com.br\/sobre\/wp-json\/wp\/v2\/types\/page"}],"author":[{"embeddable":true,"href":"https:\/\/www.encontrabelohorizonte.com.br\/sobre\/wp-json\/wp\/v2\/users\/1"}],"replies":[{"embeddable":true,"href":"https:\/\/www.encontrabelohorizonte.com.br\/sobre\/wp-json\/wp\/v2\/comments?post=2602"}],"version-history":[{"count":0,"href":"https:\/\/www.encontrabelohorizonte.com.br\/sobre\/wp-json\/wp\/v2\/pages\/2602\/revisions"}],"wp:attachment":[{"href":"https:\/\/www.encontrabelohorizonte.com.br\/sobre\/wp-json\/wp\/v2\/media?parent=2602"}],"curies":[{"name":"wp","href":"https:\/\/api.w.org\/{rel}","templated":true}]}}