{"id":2606,"date":"2017-11-27T14:33:30","date_gmt":"2017-11-27T14:33:30","guid":{"rendered":"http:\/\/www.encontrabelohorizonte.com.br\/sobre\/?page_id=2606"},"modified":"2025-05-12T16:46:26","modified_gmt":"2025-05-12T16:46:26","slug":"aeroporto-de-belo-horizonte","status":"publish","type":"page","link":"https:\/\/www.encontrabelohorizonte.com.br\/sobre\/aeroporto-de-belo-horizonte\/","title":{"rendered":"Aeroporto de Belo Horizonte"},"content":{"rendered":"<div class=\"2e083cf0b19e2c11948dc6ac054ba979\" data-index=\"1\" style=\"float: none; margin:0px;\">\n<!-- Anuncio display - global -->\r\n<ins class=\"adsbygoogle\"\r\n     style=\"display:block\"\r\n     data-ad-client=\"ca-pub-8585364105181520\"\r\n     data-ad-slot=\"8789329856\"\r\n     data-ad-format=\"auto\"\r\n     data-full-width-responsive=\"true\"><\/ins>\r\n<script>\r\n     (adsbygoogle = window.adsbygoogle || []).push({});\r\n<\/script>\n<\/div>\n<p><strong>Aeroporto de Belo Horizonte<\/strong> \u00e9 um aeroporto internacional no munic\u00edpio de Confins, em Minas Gerais.<\/p>\n<p>\u00c9 o principal aeroporto do estado de Minas Gerais. Dista 40 Km do centro de Belo Horizonte, sendo, assim, o mais distante aeroporto do Brasil em rela\u00e7\u00e3o \u00e0 principal cidade que o serve.<\/p>\n<p><img loading=\"lazy\" decoding=\"async\" class=\"alignnone wp-image-2607 size-full\" title=\"Aeroporto de Belo Horizonte\" src=\"https:\/\/www.encontrabelohorizonte.com.br\/sobre\/wp-content\/uploads\/aeroporto-belo-horizonte.jpg\" alt=\"Aeroporto de Belo Horizonte\" width=\"680\" height=\"189\" srcset=\"https:\/\/www.encontrabelohorizonte.com.br\/sobre\/wp-content\/uploads\/aeroporto-belo-horizonte.jpg 680w, https:\/\/www.encontrabelohorizonte.com.br\/sobre\/wp-content\/uploads\/aeroporto-belo-horizonte-300x83.jpg 300w\" sizes=\"auto, (max-width: 680px) 100vw, 680px\" \/><\/p>\n<p>O <span style=\"text-decoration: underline;\">Aeroporto Internacional de Belo Horizonte-Confins<\/span>, BH Airport, serve principalmente a capital, bem como a Mesorregi\u00e3o Metropolitana de Belo Horizonte, possuindo dois terminais de passageiros em opera\u00e7\u00e3o (Terminais 1 e 2) com capacidade de atender a uma demanda anual de 22 milh\u00f5es de usu\u00e1rios, podendo receber avi\u00f5es de grande porte, como o Boeing 747 e o Antonov An-124.<\/p>\n<p>Concentra em suas instala\u00e7\u00f5es sistemas de avan\u00e7ada tecnologia, um terminal de carga a\u00e9rea totalmente automatizado, pista com 3000 x 45 metros (sendo ampliada para 3600m, previs\u00e3o de conclus\u00e3o para o fim de 2016), dotada de equipamentos para pouso de precis\u00e3o (ILS CAT I) e todos os demais aux\u00edlios \u00e0s opera\u00e7\u00f5es aeron\u00e1uticas.<\/p>\n<h2>Aeroporto de Belo Horizonte Free Shop<\/h2>\n<p>O <span style=\"text-decoration: underline;\">Aeroporto Internacional de Belo Horizonte-Confins \u2013 Tancredo Neves<\/span> ganhou uma loja da Duty Free Americas (DFA). A loja est\u00e1 instalada na sala de \u00c1rea de Embarque e Desembarque Internacional<\/p>\n<p>A DFA comercializa produtos importados rigorosamente selecionados a valores competitivos, como eletr\u00f4nicos, roupas, bebidas, joias, perfumes e cosm\u00e9ticos. Para reservar seus produtos com anteced\u00eancia e obter descontos acesse o site do Duty Free.<\/p>\n<h3>Aeroporto de Belo Horizonte Cias A\u00e9reas<\/h3>\n<p>Todas as informa\u00e7\u00f5es que voc\u00ea precisa sobre as companhias a\u00e9reas que operam no <span style=\"text-decoration: underline;\">Aeroporto Internacional de Belo Horizonte<\/span> est\u00e3o aqui.<\/p>\n<ul>\n<li>American Airlines<\/li>\n<li>Avianca<\/li>\n<li>Azul<\/li>\n<li>Copa Airlines<\/li>\n<li>Gol<\/li>\n<li>LatamTap Portugal<\/li>\n<\/ul>\n<h3>Aeroporto de Belo Horizonte Aluguel de Carros<\/h3>\n<p>Voc\u00ea pode reservar seu carro em Belo Horizonte ou em qualquer outro destino no Brasil e no mundo pelo melhor pre\u00e7o atrav\u00e9s da<a href=\"http:\/\/www.alugueldecarro.com.br\/\" target=\"_blank\" rel=\"noopener noreferrer\"> www.alugueldecarro.com.br<\/a>.<\/p>\n<p>Confira as <span style=\"text-decoration: underline;\">melhores locadoras de carros<\/span> mais pr\u00f3ximas ao seu destino e planeje sua viagem de carro conosco.<\/p>\n<p>Se voc\u00ea possui d\u00favidas quanto aos servi\u00e7os das locadoras, roteiro de viagem ou dificuldade para emitir sua reserva online, n\u00e3o se preocupe, nossa Central de Reservas estar\u00e1 a sua disposi\u00e7\u00e3o para auxili\u00e1-lo em todas as etapas de sua loca\u00e7\u00e3o diariamente.<\/p>\n<h3>Aeroporto de Belo Horizonte T\u00e1xi<\/h3>\n<p>Como em qualquer aeroporto do Brasil, no \u00a0<span style=\"text-decoration: underline;\">Aeroporto Internacional de Belo Horizonte-Confins<\/span> voc\u00ea encontrar\u00e1 diversas empresas que oferecem servi\u00e7os de t\u00e1xi. Dentro do Aeroporto voc\u00ea conseguir\u00e1, antes de pegar o t\u00e1xi, saber qual o pre\u00e7o final da sua corrida. Basta informar o destino e pagar pelo servi\u00e7o no guich\u00ea da empresa.<\/p>\n<h3>Hor\u00e1rio de Funcionamento Aeroporto de Belo Horizonte<\/h3>\n<ul>\n<li>Funcionamento 24 Horas<\/li>\n<\/ul>\n<h3>Endere\u00e7o e Telefone Aeroporto de Belo Horizonte<\/h3>\n<ul>\n<li>Rodovia LMG 800, KM 7,9, s\/n &#8211; Confins &#8211; Belo Horizonte &#8211; MG<\/li>\n<li>Telefone: (31) 3689-2700<\/li>\n<\/ul>\n<h4>Outras informa\u00e7\u00f5es e site<\/h4>\n<p>Mais informa\u00e7\u00f5es:<br \/>\n<a href=\"http:\/\/www.bh-airport.com.br\" target=\"_blank\" rel=\"noopener noreferrer\">www.bh-airport.com.br<\/a><br \/>\n<a href=\"https:\/\/www.aeroportoconfins.com\/\" target=\"_blank\">www.aeroportoconfins.com<\/a><\/p>\n<h4>Mapa de localiza\u00e7\u00e3o<\/h4>\n<a class=\"wp-colorbox-iframe\" href=\"https:\/\/www.google.com\/maps\/embed?pb=!1m14!1m8!1m3!1d15031.36355472757!2d-43.965396!3d-19.634099!3m2!1i1024!2i768!4f13.1!3m3!1m2!1s0x00x9cb0e3528a7a1983!2sAeroporto+Internacional+de+Confins+-+Tancredo+Neves!5e0!3m2!1spt-BR!2sbr!4v1511740995673\"><img decoding=\"async\" src=\"http:\/\/www.encontrabelohorizonte.com.br\/imgs\/maps-post.png\"><\/a>\n\n<div style=\"font-size: 0px; height: 0px; line-height: 0px; margin: 0; padding: 0; clear: both;\"><\/div>","protected":false},"excerpt":{"rendered":"<p>Aeroporto de Belo Horizonte \u00e9 um aeroporto internacional no munic\u00edpio de Confins, em Minas Gerais. \u00c9 o principal aeroporto do estado de Minas Gerais. Dista 40 Km do centro de Belo Horizonte, sendo, assim, o mais distante aeroporto do Brasil em rela\u00e7\u00e3o \u00e0 principal cidade que o serve. O Aeroporto Internacional de Belo Horizonte-Confins, BH Airport, serve principalmente a capital, bem como a Mesorregi\u00e3o Metropolitana de Belo Horizonte, possuindo dois terminais de passageiros em opera\u00e7\u00e3o (Terminais 1 e 2) com capacidade de atender a uma demanda anual de 22 milh\u00f5es de usu\u00e1rios, podendo receber avi\u00f5es de grande porte, como o <\/p>\n","protected":false},"author":1,"featured_media":0,"parent":0,"menu_order":0,"comment_status":"closed","ping_status":"closed","template":"","meta":{"footnotes":""},"class_list":["post-2606","page","type-page","status-publish","hentry"],"aioseo_notices":[],"_links":{"self":[{"href":"https:\/\/www.encontrabelohorizonte.com.br\/sobre\/wp-json\/wp\/v2\/pages\/2606","targetHints":{"allow":["GET"]}}],"collection":[{"href":"https:\/\/www.encontrabelohorizonte.com.br\/sobre\/wp-json\/wp\/v2\/pages"}],"about":[{"href":"https:\/\/www.encontrabelohorizonte.com.br\/sobre\/wp-json\/wp\/v2\/types\/page"}],"author":[{"embeddable":true,"href":"https:\/\/www.encontrabelohorizonte.com.br\/sobre\/wp-json\/wp\/v2\/users\/1"}],"replies":[{"embeddable":true,"href":"https:\/\/www.encontrabelohorizonte.com.br\/sobre\/wp-json\/wp\/v2\/comments?post=2606"}],"version-history":[{"count":0,"href":"https:\/\/www.encontrabelohorizonte.com.br\/sobre\/wp-json\/wp\/v2\/pages\/2606\/revisions"}],"wp:attachment":[{"href":"https:\/\/www.encontrabelohorizonte.com.br\/sobre\/wp-json\/wp\/v2\/media?parent=2606"}],"curies":[{"name":"wp","href":"https:\/\/api.w.org\/{rel}","templated":true}]}}