{"id":2610,"date":"2017-11-27T16:14:20","date_gmt":"2017-11-27T16:14:20","guid":{"rendered":"http:\/\/www.encontrabelohorizonte.com.br\/sobre\/?page_id=2610"},"modified":"2017-11-28T22:25:26","modified_gmt":"2017-11-28T22:25:26","slug":"shopping-del-rey-belo-horizonte","status":"publish","type":"page","link":"https:\/\/www.encontrabelohorizonte.com.br\/sobre\/shopping-del-rey-belo-horizonte\/","title":{"rendered":"Shopping Del Rey Belo Horizonte"},"content":{"rendered":"<div class=\"2e083cf0b19e2c11948dc6ac054ba979\" data-index=\"1\" style=\"float: none; margin:0px;\">\n<!-- Anuncio display - global -->\r\n<ins class=\"adsbygoogle\"\r\n     style=\"display:block\"\r\n     data-ad-client=\"ca-pub-8585364105181520\"\r\n     data-ad-slot=\"8789329856\"\r\n     data-ad-format=\"auto\"\r\n     data-full-width-responsive=\"true\"><\/ins>\r\n<script>\r\n     (adsbygoogle = window.adsbygoogle || []).push({});\r\n<\/script>\n<\/div>\n<p>O <strong>Shopping Del Rey Belo Horizonte<\/strong> foi inaugurado em 1991 e est\u00e1 localizado na regi\u00e3o da Pampulha sendo refer\u00eancia em entretenimento em Belo Horizonte e regi\u00e3o metropolitana.<\/p>\n<p>Oferece op\u00e7\u00f5es de lazer para a toda fam\u00edlia, contando com 7 amplas e confort\u00e1veis salas de cinema, al\u00e9m do mais bem equipado Boliche da cidade. Al\u00e9m disso, o shopping busca inovar e diversificar suas atra\u00e7\u00f5es ao longo do ano, trazendo parque de divers\u00f5es, brinquedos in\u00e9ditos, shows e exposi\u00e7\u00f5es.<\/p>\n<p><img loading=\"lazy\" decoding=\"async\" class=\"alignnone wp-image-2611 size-full\" title=\"Shopping Del Rey Belo Horizonte\" src=\"https:\/\/www.encontrabelohorizonte.com.br\/sobre\/wp-content\/uploads\/shopping-delrey-belo-horizonte.jpg\" alt=\"Shopping Del Rey Belo Horizonte\" width=\"680\" height=\"189\" srcset=\"https:\/\/www.encontrabelohorizonte.com.br\/sobre\/wp-content\/uploads\/shopping-delrey-belo-horizonte.jpg 680w, https:\/\/www.encontrabelohorizonte.com.br\/sobre\/wp-content\/uploads\/shopping-delrey-belo-horizonte-300x83.jpg 300w\" sizes=\"auto, (max-width: 680px) 100vw, 680px\" \/><\/p>\n<h2>Cinema Shopping Del Rey Belo Horizonte<\/h2>\n<p>Para o entretenimento do p\u00fablico, o shopping possui o cinema <span style=\"text-decoration: underline;\">Cineart Infoplex<\/span><br \/>\nNo site do Shopping Del Rey voc\u00ea confere os filmes que est\u00e3o em cartaz, hor\u00e1rios e valores das sess\u00f5es. Acesse e confira!<\/p>\n<h3>Lojas Shopping Del Rey Belo Horizonte<\/h3>\n<p>O Shopping conta com um total de 189 lojas, destacando-se as 10 \u00e2ncoras: Carrefour, C&amp;A, Smart Fit, Leader, Lojas Americanas, Marisa, Pernambucanas, Renner, Riachuelo, Leitura &#8211; e para as mega-lojas: Kalunga, Casas Bahia, Ponto Frio, Cook Eletroraro, Ricardo Eletro e Fast Shop.<\/p>\n<h3>Pra\u00e7a de Alimenta\u00e7\u00e3o Shopping Del Rey Belo Horizonte<\/h3>\n<p>Possui uma <em>Pra\u00e7a de Alimenta\u00e7\u00e3o<\/em> com diversas op\u00e7\u00f5es de restaurantes, fast-foods, docerias, pizzarias, choperias e sorveterias, onde \u00e9 poss\u00edvel encontrar um pouco de tudo.<\/p>\n<h3>Hor\u00e1rio de Funcionamento Shopping Del Rey Belo Horizonte<\/h3>\n<ul>\n<li>Lojas &#8211; Segunda a Domingos das 10h \u00e0s 22h<\/li>\n<\/ul>\n<h3>Endere\u00e7o e Telefone Shopping Del Rey Belo Horizonte<\/h3>\n<ul>\n<li>Av. Presidente Carlos Luz, 3001 &#8211; Pampulha &#8211; Belo Horizonte &#8211; MG<\/li>\n<li>Telefone: (31) 3479-2000<\/li>\n<\/ul>\n<h4>Outras informa\u00e7\u00f5es e site<\/h4>\n<p>Mais informa\u00e7\u00f5es:\u00a0<a href=\"http:\/\/www.shoppingdelrey.com.br\/\" target=\"_blank\" rel=\"noopener noreferrer\">www.shoppingdelrey.com.br\/<\/a><\/p>\n<h4>Mapa de localiza\u00e7\u00e3o<\/h4>\n<a class=\"wp-colorbox-iframe\" href=\"https:\/\/www.google.com\/maps\/embed?pb=!1m18!1m12!1m3!1d3751.80859464276!2d-43.970204985086134!3d-19.890302586625914!2m3!1f0!2f0!3f0!3m2!1i1024!2i768!4f13.1!3m3!1m2!1s0xa690c5cdb143a90x1e45f310c344958a!2sAv.+Presidente+Carlos+Luz+3001+-+Pampulha+Belo+Horizonte+-+MG!5e0!3m2!1spt-BR!2sbr!4v1511544450693\"><img decoding=\"async\" src=\"http:\/\/www.encontrabelohorizonte.com.br\/imgs\/maps-post.png\"><\/a>\n\n<div style=\"font-size: 0px; height: 0px; line-height: 0px; margin: 0; padding: 0; clear: both;\"><\/div>","protected":false},"excerpt":{"rendered":"<p>O Shopping Del Rey Belo Horizonte foi inaugurado em 1991 e est\u00e1 localizado na regi\u00e3o da Pampulha sendo refer\u00eancia em entretenimento em Belo Horizonte e regi\u00e3o metropolitana. Oferece op\u00e7\u00f5es de lazer para a toda fam\u00edlia, contando com 7 amplas e confort\u00e1veis salas de cinema, al\u00e9m do mais bem equipado Boliche da cidade. Al\u00e9m disso, o shopping busca inovar e diversificar suas atra\u00e7\u00f5es ao longo do ano, trazendo parque de divers\u00f5es, brinquedos in\u00e9ditos, shows e exposi\u00e7\u00f5es. Cinema Shopping Del Rey Belo Horizonte Para o entretenimento do p\u00fablico, o shopping possui o cinema Cineart Infoplex No site do Shopping Del Rey voc\u00ea <\/p>\n","protected":false},"author":1,"featured_media":0,"parent":0,"menu_order":0,"comment_status":"closed","ping_status":"closed","template":"","meta":{"footnotes":""},"class_list":["post-2610","page","type-page","status-publish","hentry"],"aioseo_notices":[],"_links":{"self":[{"href":"https:\/\/www.encontrabelohorizonte.com.br\/sobre\/wp-json\/wp\/v2\/pages\/2610","targetHints":{"allow":["GET"]}}],"collection":[{"href":"https:\/\/www.encontrabelohorizonte.com.br\/sobre\/wp-json\/wp\/v2\/pages"}],"about":[{"href":"https:\/\/www.encontrabelohorizonte.com.br\/sobre\/wp-json\/wp\/v2\/types\/page"}],"author":[{"embeddable":true,"href":"https:\/\/www.encontrabelohorizonte.com.br\/sobre\/wp-json\/wp\/v2\/users\/1"}],"replies":[{"embeddable":true,"href":"https:\/\/www.encontrabelohorizonte.com.br\/sobre\/wp-json\/wp\/v2\/comments?post=2610"}],"version-history":[{"count":0,"href":"https:\/\/www.encontrabelohorizonte.com.br\/sobre\/wp-json\/wp\/v2\/pages\/2610\/revisions"}],"wp:attachment":[{"href":"https:\/\/www.encontrabelohorizonte.com.br\/sobre\/wp-json\/wp\/v2\/media?parent=2610"}],"curies":[{"name":"wp","href":"https:\/\/api.w.org\/{rel}","templated":true}]}}