{"id":2642,"date":"2017-11-28T12:56:32","date_gmt":"2017-11-28T12:56:32","guid":{"rendered":"http:\/\/www.encontrabelohorizonte.com.br\/sobre\/?page_id=2642"},"modified":"2017-11-29T12:53:05","modified_gmt":"2017-11-29T12:53:05","slug":"edificio-mariana-belo-horizonte","status":"publish","type":"page","link":"https:\/\/www.encontrabelohorizonte.com.br\/sobre\/edificio-mariana-belo-horizonte\/","title":{"rendered":"Edif\u00edcio Mariana Belo Horizonte"},"content":{"rendered":"<div class=\"2e083cf0b19e2c11948dc6ac054ba979\" data-index=\"1\" style=\"float: none; margin:0px;\">\n<!-- Anuncio display - global -->\r\n<ins class=\"adsbygoogle\"\r\n     style=\"display:block\"\r\n     data-ad-client=\"ca-pub-8585364105181520\"\r\n     data-ad-slot=\"8789329856\"\r\n     data-ad-format=\"auto\"\r\n     data-full-width-responsive=\"true\"><\/ins>\r\n<script>\r\n     (adsbygoogle = window.adsbygoogle || []).push({});\r\n<\/script>\n<\/div>\n<p>Um dos edif\u00edcios mais antigos de Belo Horizonte, constru\u00eddo na d\u00e9cada de 40, o <strong>Edif\u00edcio Mariana Belo Horizonte<\/strong> \u00e9 hoje o mais completo centro comercial de produtos e servi\u00e7os para Noivas.<\/p>\n<p>S\u00e3o 12 andares, com mais de 140 lojas, onde o p\u00fablico em geral encontra tamb\u00e9m \u00e0 disposi\u00e7\u00e3o v\u00e1rias op\u00e7\u00f5es de servi\u00e7os.<\/p>\n<p><img loading=\"lazy\" decoding=\"async\" class=\"alignnone wp-image-2643 size-full\" title=\"Edif\u00edcio Mariana Belo Horizonte\" src=\"https:\/\/www.encontrabelohorizonte.com.br\/sobre\/wp-content\/uploads\/ediificio-mariana-belo-hori.jpg\" alt=\"Edif\u00edcio Mariana Belo Horizonte\" width=\"680\" height=\"189\" srcset=\"https:\/\/www.encontrabelohorizonte.com.br\/sobre\/wp-content\/uploads\/ediificio-mariana-belo-hori.jpg 680w, https:\/\/www.encontrabelohorizonte.com.br\/sobre\/wp-content\/uploads\/ediificio-mariana-belo-hori-300x83.jpg 300w\" sizes=\"auto, (max-width: 680px) 100vw, 680px\" \/><\/p>\n<p>Reconhecido como <span style=\"text-decoration: underline;\">Patrim\u00f4nio Cultural<\/span> desde 1994, e muito bem cuidado por sua administra\u00e7\u00e3o e seus funcion\u00e1rios, o <span style=\"text-decoration: underline;\">EDIF\u00cdCIO MARIANA,<\/span> guarda em seu passado uma exist\u00eancia gloriosa. A localiza\u00e7\u00e3o privilegiada e sua s\u00f3bria impon\u00eancia, ditada por uma arquitetura repleta de detalhes revelam a import\u00e2ncia do edif\u00edcio.<\/p>\n<p>Al\u00e9m de produtos e servi\u00e7os para Noivas, voc\u00ea tamb\u00e9m encontra neste edif\u00edcio, Dentistas, Prot\u00e9ticos, Radiografia Dent\u00e1ria, Despachantes, Advogados, Pronta Entregas, Representa\u00e7\u00f5es, etc..<\/p>\n<h2>Edif\u00edcio Mariana Belo Horizonte Vestidos<\/h2>\n<p>Os melhores modelos de Vestidos de Festa, Vestidos de Noiva, Vestidos de Dama e Formanda, Ternos e Trajes para Pajens em Belo Horizonte.<br \/>\nTudo num s\u00f3 lugar. <span style=\"text-decoration: underline;\">Venha conhecer<\/span>.<\/p>\n<h3>Endere\u00e7o e Telefone Edif\u00edcio Mariana Belo Horizonte<\/h3>\n<ul>\n<li>Avenida Afonso Pena, 526 &#8211; Centro &#8211; Belo-Horizonte- MG<\/li>\n<li>Telefone: (31) 3201-9088<\/li>\n<\/ul>\n<h3>Hor\u00e1rio de Funcionamento Edif\u00edcio Mariana Belo Horizonte<\/h3>\n<ul>\n<li>De segunda a sexta das 09h \u00e0s 19h e aos s\u00e1bados de 09h \u00e0s 13h<\/li>\n<\/ul>\n<h4>Outras informa\u00e7\u00f5es e site<\/h4>\n<p>Mais informa\u00e7\u00f5es:\u00a0<a href=\"http:\/\/www.edificiomariana.net\/\" target=\"_blank\" rel=\"noopener noreferrer\">www.edificiomariana.net<\/a><\/p>\n<h4>Mapa de localiza\u00e7\u00e3o<\/h4>\n<a class=\"wp-colorbox-iframe\" href=\"https:\/\/www.google.com\/maps\/embed?pb=!1m18!1m12!1m3!1d3751.1458572174747!2d-43.94175238508556!3d-19.918257486610358!2m3!1f0!2f0!3f0!3m2!1i1024!2i768!4f13.1!3m3!1m2!1s0xa699fc9f302bd70xf2ff03ec67cd78f4!2sAv.+Afonso+Pena+526+-+Centro+Belo+Horizonte+-+MG+30120-070!5e0!3m2!1spt-BR!2sbr!4v1511871827708\"><img decoding=\"async\" src=\"http:\/\/www.encontrabelohorizonte.com.br\/imgs\/maps-post.png\"><\/a>\n\n<div style=\"font-size: 0px; height: 0px; line-height: 0px; margin: 0; padding: 0; clear: both;\"><\/div>","protected":false},"excerpt":{"rendered":"<p>Um dos edif\u00edcios mais antigos de Belo Horizonte, constru\u00eddo na d\u00e9cada de 40, o Edif\u00edcio Mariana Belo Horizonte \u00e9 hoje o mais completo centro comercial de produtos e servi\u00e7os para Noivas. S\u00e3o 12 andares, com mais de 140 lojas, onde o p\u00fablico em geral encontra tamb\u00e9m \u00e0 disposi\u00e7\u00e3o v\u00e1rias op\u00e7\u00f5es de servi\u00e7os. Reconhecido como Patrim\u00f4nio Cultural desde 1994, e muito bem cuidado por sua administra\u00e7\u00e3o e seus funcion\u00e1rios, o EDIF\u00cdCIO MARIANA, guarda em seu passado uma exist\u00eancia gloriosa. A localiza\u00e7\u00e3o privilegiada e sua s\u00f3bria impon\u00eancia, ditada por uma arquitetura repleta de detalhes revelam a import\u00e2ncia do edif\u00edcio. Al\u00e9m de produtos <\/p>\n","protected":false},"author":1,"featured_media":0,"parent":0,"menu_order":0,"comment_status":"closed","ping_status":"closed","template":"","meta":{"footnotes":""},"class_list":["post-2642","page","type-page","status-publish","hentry"],"aioseo_notices":[],"_links":{"self":[{"href":"https:\/\/www.encontrabelohorizonte.com.br\/sobre\/wp-json\/wp\/v2\/pages\/2642","targetHints":{"allow":["GET"]}}],"collection":[{"href":"https:\/\/www.encontrabelohorizonte.com.br\/sobre\/wp-json\/wp\/v2\/pages"}],"about":[{"href":"https:\/\/www.encontrabelohorizonte.com.br\/sobre\/wp-json\/wp\/v2\/types\/page"}],"author":[{"embeddable":true,"href":"https:\/\/www.encontrabelohorizonte.com.br\/sobre\/wp-json\/wp\/v2\/users\/1"}],"replies":[{"embeddable":true,"href":"https:\/\/www.encontrabelohorizonte.com.br\/sobre\/wp-json\/wp\/v2\/comments?post=2642"}],"version-history":[{"count":0,"href":"https:\/\/www.encontrabelohorizonte.com.br\/sobre\/wp-json\/wp\/v2\/pages\/2642\/revisions"}],"wp:attachment":[{"href":"https:\/\/www.encontrabelohorizonte.com.br\/sobre\/wp-json\/wp\/v2\/media?parent=2642"}],"curies":[{"name":"wp","href":"https:\/\/api.w.org\/{rel}","templated":true}]}}