{"id":2654,"date":"2017-11-28T17:57:30","date_gmt":"2017-11-28T17:57:30","guid":{"rendered":"http:\/\/www.encontrabelohorizonte.com.br\/sobre\/?page_id=2654"},"modified":"2017-11-28T22:19:08","modified_gmt":"2017-11-28T22:19:08","slug":"igreja-batista-central-de-belo-horizonte","status":"publish","type":"page","link":"https:\/\/www.encontrabelohorizonte.com.br\/sobre\/igreja-batista-central-de-belo-horizonte\/","title":{"rendered":"Igreja Batista Central de Belo Horizonte"},"content":{"rendered":"<div class=\"2e083cf0b19e2c11948dc6ac054ba979\" data-index=\"1\" style=\"float: none; margin:0px;\">\n<!-- Anuncio display - global -->\r\n<ins class=\"adsbygoogle\"\r\n     style=\"display:block\"\r\n     data-ad-client=\"ca-pub-8585364105181520\"\r\n     data-ad-slot=\"8789329856\"\r\n     data-ad-format=\"auto\"\r\n     data-full-width-responsive=\"true\"><\/ins>\r\n<script>\r\n     (adsbygoogle = window.adsbygoogle || []).push({});\r\n<\/script>\n<\/div>\n<p>A <strong>Igreja Batista Central de Belo Horizonte<\/strong> \u00e9 uma Igreja crist\u00e3, evang\u00e9lica, batista, renovada, firmada na miss\u00e3o de levar o evangelho a todas as pessoas, transformando-as em disc\u00edpulos de Jesus<\/p>\n<p>Acredita que uma igreja em C\u00e9lulas bem unida e saud\u00e1vel ir\u00e1 sempre alcan\u00e7ar muitas pessoas para Cristo, porque unidade com qualidade sempre gera quantidade. Neste processo de discipulado intencional e cont\u00ednuo, vidas s\u00e3o salvas todos os dias e o mundo vai sendo gradativamente transformado.<\/p>\n<p><img loading=\"lazy\" decoding=\"async\" class=\"alignnone wp-image-2376 size-full\" title=\"Igreja Batista Central de Belo Horizonte\" src=\"https:\/\/www.encontrabelohorizonte.com.br\/sobre\/wp-content\/uploads\/igreja-batista-central-belo-horizonte.jpg\" alt=\"Igreja Batista Central de Belo Horizonte\" width=\"680\" height=\"189\" srcset=\"https:\/\/www.encontrabelohorizonte.com.br\/sobre\/wp-content\/uploads\/igreja-batista-central-belo-horizonte.jpg 680w, https:\/\/www.encontrabelohorizonte.com.br\/sobre\/wp-content\/uploads\/igreja-batista-central-belo-horizonte-300x83.jpg 300w\" sizes=\"auto, (max-width: 680px) 100vw, 680px\" \/><\/p>\n<h2>Igreja Batista Central de Belo Horizonte Luxemburgo<\/h2>\n<p>Nesta unidade s\u00e3o realizados os cultos semanais, grandes reuni\u00f5es e eventos. Os cultos de domingo possuem equipamentos para tradu\u00e7\u00e3o eng\/pt simult\u00e2nea, os interessados devem procurar por ele na mesa de som.<\/p>\n<h3>Igreja Batista Central de Belo Horizonte Cultos<\/h3>\n<ul>\n<li>Central Luxemburgo &#8211; Domingo &#8211; 10h e 18h \/ Quinta 19h30 \/ S\u00e1bado 19h30 (Culto Vox)<\/li>\n<li>Central Boulevard &#8211; Domingo &#8211; 10h e 18h \/ S\u00e1bado 19h30 (Culto Vox)<\/li>\n<li>Central Petrovale &#8211; Domingo &#8211; 18h \/ S\u00e1bado 19h30 (Culto Vox)<\/li>\n<li>Central Eldorado &#8211; Domingo &#8211; 10h e 18h \/ S\u00e1bado 19h30 (Culto Vox)<\/li>\n<li>Central Vila Estrela &#8211; Domingo &#8211; 10h e 19h \/ Quinta 19h30 \/ S\u00e1bado 19h30 (Culto Vox)<\/li>\n<\/ul>\n<h3>Endere\u00e7o e Telefone Igreja Batista Central de Belo Horizonte<\/h3>\n<ul>\n<li><strong>Central Sede<\/strong> &#8211; Rua Mar de Espanha, 570 &#8211; (31) 3298-8900<\/li>\n<li><strong>Central Luxemburdo<\/strong> &#8211; Rua Luiz Soares da Rocha, 37 &#8211; Luxemburgo &#8211; (31) 3342-4517<\/li>\n<li><strong>Central Boulevard<\/strong> &#8211; Rua Major Barbosa, 166, Santa Efig\u00eania &#8211; (31) 3297-8765<\/li>\n<li><strong>Central Vila Estrela<\/strong> &#8211; Rua S\u00e3o Jo\u00e3o Nepomuceno, 65 &#8211; (31) 3227-7270<\/li>\n<li><strong>Central Petrovale<\/strong> &#8211; Rua Argentina, 490, Petrovale \u2013 Betim<\/li>\n<li><strong>Central Eldorado<\/strong> &#8211; Alexandre Diniz Mascarenhas, 220, Eldorado<\/li>\n<\/ul>\n<h4>Outras informa\u00e7\u00f5es e site<\/h4>\n<ul>\n<li>Mais informa\u00e7\u00f5es: <a href=\"http:\/\/www.ibcbh.com.br\" target=\"_blank\" rel=\"noopener noreferrer\">www.ibcbh.com.br<\/a><\/li>\n<\/ul>\n<h4>Mapa de localiza\u00e7\u00e3o Central Luxemburgo<\/h4>\n<a class=\"wp-colorbox-iframe\" href=\"https:\/\/www.google.com\/maps\/embed?pb=!1m14!1m8!1m3!1d15001.76743946589!2d-43.9536564!3d-19.9479116!3m2!1i1024!2i768!4f13.1!3m3!1m2!1s0x00xdf793e22116b2e8f!2sIgreja+Batista+Central+-+Unidade+Luxemburgo!5e0!3m2!1spt-BR!2sbr!4v1511290734152\"><img decoding=\"async\" src=\"http:\/\/www.encontrabelohorizonte.com.br\/imgs\/maps-post.png\"><\/a>\n\n<div style=\"font-size: 0px; height: 0px; line-height: 0px; margin: 0; padding: 0; clear: both;\"><\/div>","protected":false},"excerpt":{"rendered":"<p>A Igreja Batista Central de Belo Horizonte \u00e9 uma Igreja crist\u00e3, evang\u00e9lica, batista, renovada, firmada na miss\u00e3o de levar o evangelho a todas as pessoas, transformando-as em disc\u00edpulos de Jesus Acredita que uma igreja em C\u00e9lulas bem unida e saud\u00e1vel ir\u00e1 sempre alcan\u00e7ar muitas pessoas para Cristo, porque unidade com qualidade sempre gera quantidade. Neste processo de discipulado intencional e cont\u00ednuo, vidas s\u00e3o salvas todos os dias e o mundo vai sendo gradativamente transformado. Igreja Batista Central de Belo Horizonte Luxemburgo Nesta unidade s\u00e3o realizados os cultos semanais, grandes reuni\u00f5es e eventos. Os cultos de domingo possuem equipamentos para tradu\u00e7\u00e3o <\/p>\n","protected":false},"author":1,"featured_media":0,"parent":0,"menu_order":0,"comment_status":"closed","ping_status":"closed","template":"","meta":{"footnotes":""},"class_list":["post-2654","page","type-page","status-publish","hentry"],"aioseo_notices":[],"_links":{"self":[{"href":"https:\/\/www.encontrabelohorizonte.com.br\/sobre\/wp-json\/wp\/v2\/pages\/2654","targetHints":{"allow":["GET"]}}],"collection":[{"href":"https:\/\/www.encontrabelohorizonte.com.br\/sobre\/wp-json\/wp\/v2\/pages"}],"about":[{"href":"https:\/\/www.encontrabelohorizonte.com.br\/sobre\/wp-json\/wp\/v2\/types\/page"}],"author":[{"embeddable":true,"href":"https:\/\/www.encontrabelohorizonte.com.br\/sobre\/wp-json\/wp\/v2\/users\/1"}],"replies":[{"embeddable":true,"href":"https:\/\/www.encontrabelohorizonte.com.br\/sobre\/wp-json\/wp\/v2\/comments?post=2654"}],"version-history":[{"count":0,"href":"https:\/\/www.encontrabelohorizonte.com.br\/sobre\/wp-json\/wp\/v2\/pages\/2654\/revisions"}],"wp:attachment":[{"href":"https:\/\/www.encontrabelohorizonte.com.br\/sobre\/wp-json\/wp\/v2\/media?parent=2654"}],"curies":[{"name":"wp","href":"https:\/\/api.w.org\/{rel}","templated":true}]}}