{"id":2656,"date":"2017-11-28T18:09:32","date_gmt":"2017-11-28T18:09:32","guid":{"rendered":"http:\/\/www.encontrabelohorizonte.com.br\/sobre\/?page_id=2656"},"modified":"2017-11-29T12:54:20","modified_gmt":"2017-11-29T12:54:20","slug":"igreja-batista-da-lagoinha-belo-horizonte","status":"publish","type":"page","link":"https:\/\/www.encontrabelohorizonte.com.br\/sobre\/igreja-batista-da-lagoinha-belo-horizonte\/","title":{"rendered":"Igreja Batista da Lagoinha Belo Horizonte"},"content":{"rendered":"<div class=\"2e083cf0b19e2c11948dc6ac054ba979\" data-index=\"1\" style=\"float: none; margin:0px;\">\n<!-- Anuncio display - global -->\r\n<ins class=\"adsbygoogle\"\r\n     style=\"display:block\"\r\n     data-ad-client=\"ca-pub-8585364105181520\"\r\n     data-ad-slot=\"8789329856\"\r\n     data-ad-format=\"auto\"\r\n     data-full-width-responsive=\"true\"><\/ins>\r\n<script>\r\n     (adsbygoogle = window.adsbygoogle || []).push({});\r\n<\/script>\n<\/div>\n<p>A <strong>Igreja Batista da Lagoinha Belo Horizonte<\/strong> \u00e9 uma igreja evang\u00e9lica batista pentecostal, surgida em 1957 em Belo Horizonte, Minas Gerais.<\/p>\n<p>Tornou-se mundialmente conhecida atrav\u00e9s do Diante do Trono, um dos minist\u00e9rios da Igreja que \u00e9 reconhecido como um dos mais bem sucedidos grupos de m\u00fasica gospel nacional.<\/p>\n<p><img loading=\"lazy\" decoding=\"async\" class=\"alignnone wp-image-2335 size-full\" title=\"Igreja Batista da Lagoinha Belo Horizonte\" src=\"https:\/\/www.encontrabelohorizonte.com.br\/sobre\/wp-content\/uploads\/igreja-batista-da-lagoinha-belo-horizonte.jpg\" alt=\"Igreja Batista da Lagoinha Belo Horizonte\" width=\"680\" height=\"189\" srcset=\"https:\/\/www.encontrabelohorizonte.com.br\/sobre\/wp-content\/uploads\/igreja-batista-da-lagoinha-belo-horizonte.jpg 680w, https:\/\/www.encontrabelohorizonte.com.br\/sobre\/wp-content\/uploads\/igreja-batista-da-lagoinha-belo-horizonte-300x83.jpg 300w\" sizes=\"auto, (max-width: 680px) 100vw, 680px\" \/><\/p>\n<p>\u00c9 atualmente composta por pouco mais de 61.524 membros. O templo da igreja comporta cinco mil e quinhentas pessoas sentadas.<\/p>\n<h2>Igreja Batista da Lagoinha Belo Horizonte Cursos<\/h2>\n<p>A <span style=\"text-decoration: underline;\">Escola de Noivos da Igreja Batista da Lagoinha<\/span> tem por objetivo ensinar, ministrar e apoiar os noivos na prepara\u00e7\u00e3o emocional, espiritual e organiza\u00e7\u00e3o pr\u00e1tica para seu casamento.<\/p>\n<p>O curso de noivos \u00e9 ministrado na <em>Igreja Batista da Lagoinha<\/em> desde 1988 e nestes mais de 25 anos, milhares de casais tanto membros da Lagoinha como n\u00e3o membros foram aben\u00e7oados e experimentaram crescimento em sua vida a dois quando seguiram os princ\u00edpios ensinados no curso.<\/p>\n<h3>Igreja Batista da Lagoinha Belo Horizonte Culto ao Vivo<\/h3>\n<p>A Igreja Batista da Lagoinha convida voc\u00ea para participar! Todos os domingos \u00e0s 10h, 15h e 18h na Igreja Batista da Lagoinha<\/p>\n<h3>Endere\u00e7o e Telefone Igreja Batista da Lagoinha Belo Horizonte<\/h3>\n<ul>\n<li>R. Manoel Macedo, 360 &#8211; Lagoinha, Belo Horizonte &#8211; MG<\/li>\n<li>Telefone: (31) 3429-9500<\/li>\n<\/ul>\n<h4>Outras informa\u00e7\u00f5es e site<\/h4>\n<ul>\n<li>Mais informa\u00e7\u00f5es: <a href=\"http:\/\/www.lagoinha.com\/\" target=\"_blank\" rel=\"noopener noreferrer\">www.lagoinha.com<\/a><\/li>\n<\/ul>\n<h4>Mapa de localiza\u00e7\u00e3o<\/h4>\n<a class=\"wp-colorbox-iframe\" href=\"https:\/\/www.google.com\/maps\/embed?pb=!1m18!1m12!1m3!1d3751.565911022761!2d-43.94759548508584!3d-19.90054358662028!2m3!1f0!2f0!3f0!3m2!1i1024!2i768!4f13.1!3m3!1m2!1s0xa690a85b24502f0x75bdafff13053a03!2sR.+Manoel+Macedo+360+-+So+Cristvo+Belo+Horizonte+-+MG+31110-440!5e0!3m2!1spt-BR!2sbr!4v1511206062574\"><img decoding=\"async\" src=\"http:\/\/www.encontrabelohorizonte.com.br\/imgs\/maps-post.png\"><\/a>\n\n<div style=\"font-size: 0px; height: 0px; line-height: 0px; margin: 0; padding: 0; clear: both;\"><\/div>","protected":false},"excerpt":{"rendered":"<p>A Igreja Batista da Lagoinha Belo Horizonte \u00e9 uma igreja evang\u00e9lica batista pentecostal, surgida em 1957 em Belo Horizonte, Minas Gerais. Tornou-se mundialmente conhecida atrav\u00e9s do Diante do Trono, um dos minist\u00e9rios da Igreja que \u00e9 reconhecido como um dos mais bem sucedidos grupos de m\u00fasica gospel nacional. \u00c9 atualmente composta por pouco mais de 61.524 membros. O templo da igreja comporta cinco mil e quinhentas pessoas sentadas. Igreja Batista da Lagoinha Belo Horizonte Cursos A Escola de Noivos da Igreja Batista da Lagoinha tem por objetivo ensinar, ministrar e apoiar os noivos na prepara\u00e7\u00e3o emocional, espiritual e organiza\u00e7\u00e3o pr\u00e1tica <\/p>\n","protected":false},"author":1,"featured_media":0,"parent":0,"menu_order":0,"comment_status":"closed","ping_status":"closed","template":"","meta":{"footnotes":""},"class_list":["post-2656","page","type-page","status-publish","hentry"],"aioseo_notices":[],"_links":{"self":[{"href":"https:\/\/www.encontrabelohorizonte.com.br\/sobre\/wp-json\/wp\/v2\/pages\/2656","targetHints":{"allow":["GET"]}}],"collection":[{"href":"https:\/\/www.encontrabelohorizonte.com.br\/sobre\/wp-json\/wp\/v2\/pages"}],"about":[{"href":"https:\/\/www.encontrabelohorizonte.com.br\/sobre\/wp-json\/wp\/v2\/types\/page"}],"author":[{"embeddable":true,"href":"https:\/\/www.encontrabelohorizonte.com.br\/sobre\/wp-json\/wp\/v2\/users\/1"}],"replies":[{"embeddable":true,"href":"https:\/\/www.encontrabelohorizonte.com.br\/sobre\/wp-json\/wp\/v2\/comments?post=2656"}],"version-history":[{"count":0,"href":"https:\/\/www.encontrabelohorizonte.com.br\/sobre\/wp-json\/wp\/v2\/pages\/2656\/revisions"}],"wp:attachment":[{"href":"https:\/\/www.encontrabelohorizonte.com.br\/sobre\/wp-json\/wp\/v2\/media?parent=2656"}],"curies":[{"name":"wp","href":"https:\/\/api.w.org\/{rel}","templated":true}]}}