{"id":2674,"date":"2017-11-28T20:14:38","date_gmt":"2017-11-28T20:14:38","guid":{"rendered":"http:\/\/www.encontrabelohorizonte.com.br\/sobre\/?page_id=2674"},"modified":"2017-11-29T22:35:51","modified_gmt":"2017-11-29T22:35:51","slug":"igreja-sao-jose-belo-horizonte","status":"publish","type":"page","link":"https:\/\/www.encontrabelohorizonte.com.br\/sobre\/igreja-sao-jose-belo-horizonte\/","title":{"rendered":"Igreja S\u00e3o Jos\u00e9 Belo Horizonte"},"content":{"rendered":"<div class=\"2e083cf0b19e2c11948dc6ac054ba979\" data-index=\"1\" style=\"float: none; margin:0px;\">\n<!-- Anuncio display - global -->\r\n<ins class=\"adsbygoogle\"\r\n     style=\"display:block\"\r\n     data-ad-client=\"ca-pub-8585364105181520\"\r\n     data-ad-slot=\"8789329856\"\r\n     data-ad-format=\"auto\"\r\n     data-full-width-responsive=\"true\"><\/ins>\r\n<script>\r\n     (adsbygoogle = window.adsbygoogle || []).push({});\r\n<\/script>\n<\/div>\n<p>A\u00a0<strong>Igreja S\u00e3o Jos\u00e9 Belo Horizonte<\/strong> \u00e9 uma igreja em estilo neomanuelino localizada no centro de Belo Horizonte, em Minas Gerais.<\/p>\n<p>Constru\u00edda pela congrega\u00e7\u00e3o dos redentoristas, \u00e9 um dos mais not\u00e1veis monumentos constru\u00eddos em Belo Horizonte.<\/p>\n<p><img loading=\"lazy\" decoding=\"async\" class=\"alignnone wp-image-2640 size-full\" title=\"Igreja S\u00e3o Jos\u00e9 Belo Horizonte\" src=\"https:\/\/www.encontrabelohorizonte.com.br\/sobre\/wp-content\/uploads\/igreja-sao-jose-belo-horizo.jpg\" alt=\"Igreja S\u00e3o Jos\u00e9 Belo Horizonte\" width=\"680\" height=\"189\" srcset=\"https:\/\/www.encontrabelohorizonte.com.br\/sobre\/wp-content\/uploads\/igreja-sao-jose-belo-horizo.jpg 680w, https:\/\/www.encontrabelohorizonte.com.br\/sobre\/wp-content\/uploads\/igreja-sao-jose-belo-horizo-300x83.jpg 300w\" sizes=\"auto, (max-width: 680px) 100vw, 680px\" \/><\/p>\n<p>A pedra fundamental da matriz foi lan\u00e7ada em 20 de abril de 1902, em consequ\u00eancia ao convite do bispo da ent\u00e3o Diocese de Mariana, Dom Silv\u00e9rio Gomes Pereira, para que os mission\u00e1rios redentoristas holandeses assumissem o trabalho pastoral na recente capital, que contava em 1900 com 14 mil habitantes e apenas uma par\u00f3quia.<\/p>\n<h2>Igreja S\u00e3o Jos\u00e9 Belo Horizonte Missas<\/h2>\n<p>A <span style=\"text-decoration: underline;\">Igreja S\u00e3o Jos\u00e9<\/span> sugere que sempre liguem para confirmar o hor\u00e1rio pois os <span style=\"text-decoration: underline;\">hor\u00e1rios de Missa<\/span> sofrem altera\u00e7\u00f5es tempor\u00e1rias ou permanentes.<\/p>\n<h3>Endere\u00e7o e Telefone Igreja S\u00e3o Jos\u00e9 Belo Horizonte<\/h3>\n<ul>\n<li>Rua dos Tupis, 164 &#8211; Centro &#8211; Belo Horizonte &#8211; MG<\/li>\n<li>Telefone: (31) 3273-2988<\/li>\n<\/ul>\n<h4>Outras informa\u00e7\u00f5es e site<\/h4>\n<ul>\n<li>Mais informa\u00e7\u00f5es: <a href=\"http:\/\/www.igrejasaojose.org.br\/\" target=\"_blank\" rel=\"noopener noreferrer\"> www.igrejasaojose.org.br\/<\/a><\/li>\n<\/ul>\n<h4>Mapa de localiza\u00e7\u00e3o<\/h4>\n<a class=\"wp-colorbox-iframe\" href=\"https:\/\/www.google.com\/maps\/embed?pb=!1m18!1m12!1m3!1d3751.0665246848735!2d-43.94080588508544!3d-19.921601286608368!2m3!1f0!2f0!3f0!3m2!1i1024!2i768!4f13.1!3m3!1m2!1s0xa699e49c81b91f0x58c7a0459d8552a!2sRua+dos+Tupis+164+-+Centro+Belo+Horizonte+-+MG+30190-060!5e0!3m2!1spt-BR!2sbr!4v1511814312438\"><img decoding=\"async\" src=\"http:\/\/www.encontrabelohorizonte.com.br\/imgs\/maps-post.png\"><\/a>\n\n<div style=\"font-size: 0px; height: 0px; line-height: 0px; margin: 0; padding: 0; clear: both;\"><\/div>","protected":false},"excerpt":{"rendered":"<p>A\u00a0Igreja S\u00e3o Jos\u00e9 Belo Horizonte \u00e9 uma igreja em estilo neomanuelino localizada no centro de Belo Horizonte, em Minas Gerais. Constru\u00edda pela congrega\u00e7\u00e3o dos redentoristas, \u00e9 um dos mais not\u00e1veis monumentos constru\u00eddos em Belo Horizonte. A pedra fundamental da matriz foi lan\u00e7ada em 20 de abril de 1902, em consequ\u00eancia ao convite do bispo da ent\u00e3o Diocese de Mariana, Dom Silv\u00e9rio Gomes Pereira, para que os mission\u00e1rios redentoristas holandeses assumissem o trabalho pastoral na recente capital, que contava em 1900 com 14 mil habitantes e apenas uma par\u00f3quia. Igreja S\u00e3o Jos\u00e9 Belo Horizonte Missas A Igreja S\u00e3o Jos\u00e9 sugere que <\/p>\n","protected":false},"author":1,"featured_media":0,"parent":0,"menu_order":0,"comment_status":"closed","ping_status":"closed","template":"","meta":{"footnotes":""},"class_list":["post-2674","page","type-page","status-publish","hentry"],"aioseo_notices":[],"_links":{"self":[{"href":"https:\/\/www.encontrabelohorizonte.com.br\/sobre\/wp-json\/wp\/v2\/pages\/2674","targetHints":{"allow":["GET"]}}],"collection":[{"href":"https:\/\/www.encontrabelohorizonte.com.br\/sobre\/wp-json\/wp\/v2\/pages"}],"about":[{"href":"https:\/\/www.encontrabelohorizonte.com.br\/sobre\/wp-json\/wp\/v2\/types\/page"}],"author":[{"embeddable":true,"href":"https:\/\/www.encontrabelohorizonte.com.br\/sobre\/wp-json\/wp\/v2\/users\/1"}],"replies":[{"embeddable":true,"href":"https:\/\/www.encontrabelohorizonte.com.br\/sobre\/wp-json\/wp\/v2\/comments?post=2674"}],"version-history":[{"count":0,"href":"https:\/\/www.encontrabelohorizonte.com.br\/sobre\/wp-json\/wp\/v2\/pages\/2674\/revisions"}],"wp:attachment":[{"href":"https:\/\/www.encontrabelohorizonte.com.br\/sobre\/wp-json\/wp\/v2\/media?parent=2674"}],"curies":[{"name":"wp","href":"https:\/\/api.w.org\/{rel}","templated":true}]}}