{"id":2701,"date":"2017-11-29T17:33:15","date_gmt":"2017-11-29T17:33:15","guid":{"rendered":"http:\/\/www.encontrabelohorizonte.com.br\/sobre\/?page_id=2701"},"modified":"2017-11-29T22:45:29","modified_gmt":"2017-11-29T22:45:29","slug":"detran-belo-horizonte","status":"publish","type":"page","link":"https:\/\/www.encontrabelohorizonte.com.br\/sobre\/detran-belo-horizonte\/","title":{"rendered":"Detran Belo Horizonte"},"content":{"rendered":"<div class=\"2e083cf0b19e2c11948dc6ac054ba979\" data-index=\"1\" style=\"float: none; margin:0px;\">\n<!-- Anuncio display - global -->\r\n<ins class=\"adsbygoogle\"\r\n     style=\"display:block\"\r\n     data-ad-client=\"ca-pub-8585364105181520\"\r\n     data-ad-slot=\"8789329856\"\r\n     data-ad-format=\"auto\"\r\n     data-full-width-responsive=\"true\"><\/ins>\r\n<script>\r\n     (adsbygoogle = window.adsbygoogle || []).push({});\r\n<\/script>\n<\/div>\n<p>O Departamento de Tr\u00e2nsito de Minas Gerais (Detran\/MG) \u00e9 o \u00d3rg\u00e3o Executivo do Sistema Nacional de Tr\u00e2nsito em Minas Gerais, sendo subordinado \u00e0 Pol\u00edcia Civil do Estado.<\/p>\n<p>O <strong>Detran Belo Horizonte<\/strong> \u00e9 respons\u00e1vel pelo planejamento, coordena\u00e7\u00e3o, supervis\u00e3o e execu\u00e7\u00e3o das atividades de tr\u00e2nsito, nos termos da legisla\u00e7\u00e3o em vigor.<\/p>\n<p><img loading=\"lazy\" decoding=\"async\" class=\"alignnone wp-image-2702 size-full\" title=\"Detran Belo Horizonte \" src=\"https:\/\/www.encontrabelohorizonte.com.br\/sobre\/wp-content\/uploads\/detran-belo-horizonte.jpg\" alt=\"Detran Belo Horizonte \" width=\"680\" height=\"189\" srcset=\"https:\/\/www.encontrabelohorizonte.com.br\/sobre\/wp-content\/uploads\/detran-belo-horizonte.jpg 680w, https:\/\/www.encontrabelohorizonte.com.br\/sobre\/wp-content\/uploads\/detran-belo-horizonte-300x83.jpg 300w\" sizes=\"auto, (max-width: 680px) 100vw, 680px\" \/><\/p>\n<p>Pelo Decreto de 18 de mar\u00e7o de 1938, o Servi\u00e7o Estadual de Tr\u00e2nsito foi transformado em DEPARTAMENTO ESTADUAL DE TR\u00c2NSITO e, finalmente, em 1966, quando da vig\u00eancia do C\u00f3digo Nacional de Tr\u00e2nsito &#8211; Lei 5.108 Federal &#8211; tomou a denomina\u00e7\u00e3o DEPARTAMENTO DE TR\u00c2NSITO DE MINAS GERAIS &#8211; DETRAN &#8211; MG.<\/p>\n<h2>Detran Belo Horizonte Multas<\/h2>\n<p>O propriet\u00e1rio de ve\u00edculo pode consultar a exist\u00eancia ou a situa\u00e7\u00e3o de autos de infra\u00e7\u00f5es, multas, impedimentos, restri\u00e7\u00f5es financeiras e licenciamentos.<\/p>\n<p>Para realizar a consulta preencha o <a href=\"https:\/\/www.detran.mg.gov.br\/veiculos\/situacao-do-veiculo\/consulta-a-situacao-do-veiculo\" target=\"_blank\" rel=\"noopener noreferrer\">formul\u00e1rio eletr\u00f4nico<\/a> com o n\u00famero do chassi e placa do ve\u00edculo, constantes no <span style=\"text-decoration: underline;\">Certificado de Registro de Licenciamento de Ve\u00edculo<\/span> (CRLV).<\/p>\n<h3>Detran Belo Horizonte Consulta Ipva<\/h3>\n<p>A escala de vencimentos do Imposto sobre a <span style=\"text-decoration: underline;\">Propriedade de Ve\u00edculos Automotores<\/span> (IPVA)\u00a0 inicia em 9 de janeiro e termina em mar\u00e7o, para todos os ve\u00edculos automotores rodovi\u00e1rios usados, variando de acordo com o n\u00famero final da placa.<\/p>\n<p>Para consultar o valor do seu <em>IPVA<\/em> ,<a href=\"http:\/\/ipva1.fazenda.mg.gov.br\/ipvaonline\/inputConsultaIpvaPorRenavam.action\" target=\"_blank\" rel=\"noopener noreferrer\">clique <\/a><\/p>\n<h3>Detran Belo Horizonte Licenciamento<\/h3>\n<p>O <span style=\"text-decoration: underline;\">Certificado de Registro e Licenciamento de ve\u00edculos<\/span> (CRLV) \u00e9 o documento de registro e identifica\u00e7\u00e3o, de porte obrigat\u00f3rio, para trafegar com o ve\u00edculo. A renova\u00e7\u00e3o do licenciamento \u00e9 uma obriga\u00e7\u00e3o anual do propriet\u00e1rio de ve\u00edculo automotor para que o ve\u00edculo esteja em condi\u00e7\u00f5es legais de circula\u00e7\u00e3o.<\/p>\n<p>Ela \u00e9 realizada automaticamente, mediante o pagamento das obriga\u00e7\u00f5es anuais que incidem sobre a propriedade do ve\u00edculo. O ve\u00edculo para ter o CRLV liberado n\u00e3o pode apresentar multas em aberto (multas suspensas n\u00e3o impedem o licenciamento). Os valores do I<span style=\"text-decoration: underline;\">mposto Sobre a Propriedade de Ve\u00edculos Automotores<\/span> (IPVA), seguro obrigat\u00f3rio e taxa de licenciamento, s\u00e3o divulgados no in\u00edcio de cada ano.<\/p>\n<h3>Hor\u00e1rio de Funcionamento Detran Belo Horizonte<\/h3>\n<ul>\n<li>Segunda a sexta das 08h \u00e0s 16h<\/li>\n<\/ul>\n<h3>Endere\u00e7o e Telefone Detran Belo Horizonte<\/h3>\n<ul>\n<li>Av. Jo\u00e3o Pinheiro, 417 &#8211; Centro &#8211; Belo Horizonte &#8211; MG<\/li>\n<li>Telefone: (31) 3236-3533<\/li>\n<\/ul>\n<h4>Outras informa\u00e7\u00f5es e site<\/h4>\n<p>Mais informa\u00e7\u00f5es:\u00a0<a href=\"http:\/\/www.detran.mg.gov.br\" target=\"_blank\" rel=\"noopener noreferrer\">www.detran.mg.gov.br<\/a><\/p>\n<h4>Mapa de localiza\u00e7\u00e3o<\/h4>\n<a class=\"wp-colorbox-iframe\" href=\"https:\/\/www.google.com\/maps\/embed?pb=!1m18!1m12!1m3!1d3750.8906773379995!2d-43.93914868508536!3d-19.929011186604303!2m3!1f0!2f0!3f0!3m2!1i1024!2i768!4f13.1!3m3!1m2!1s0xa699e77211cd1f0xa3c9546bf993d140!2sAv.+Joo+Pinheiro+417+-+Centro+Belo+Horizonte+-+MG+30130-180!5e0!3m2!1spt-BR!2sbr!4v1511964243177\"><img decoding=\"async\" src=\"http:\/\/www.encontrabelohorizonte.com.br\/imgs\/maps-post.png\"><\/a>\n\n<div style=\"font-size: 0px; height: 0px; line-height: 0px; margin: 0; padding: 0; clear: both;\"><\/div>","protected":false},"excerpt":{"rendered":"<p>O Departamento de Tr\u00e2nsito de Minas Gerais (Detran\/MG) \u00e9 o \u00d3rg\u00e3o Executivo do Sistema Nacional de Tr\u00e2nsito em Minas Gerais, sendo subordinado \u00e0 Pol\u00edcia Civil do Estado. O Detran Belo Horizonte \u00e9 respons\u00e1vel pelo planejamento, coordena\u00e7\u00e3o, supervis\u00e3o e execu\u00e7\u00e3o das atividades de tr\u00e2nsito, nos termos da legisla\u00e7\u00e3o em vigor. Pelo Decreto de 18 de mar\u00e7o de 1938, o Servi\u00e7o Estadual de Tr\u00e2nsito foi transformado em DEPARTAMENTO ESTADUAL DE TR\u00c2NSITO e, finalmente, em 1966, quando da vig\u00eancia do C\u00f3digo Nacional de Tr\u00e2nsito &#8211; Lei 5.108 Federal &#8211; tomou a denomina\u00e7\u00e3o DEPARTAMENTO DE TR\u00c2NSITO DE MINAS GERAIS &#8211; DETRAN &#8211; MG. Detran <\/p>\n","protected":false},"author":1,"featured_media":0,"parent":0,"menu_order":0,"comment_status":"closed","ping_status":"closed","template":"","meta":{"footnotes":""},"class_list":["post-2701","page","type-page","status-publish","hentry"],"aioseo_notices":[],"_links":{"self":[{"href":"https:\/\/www.encontrabelohorizonte.com.br\/sobre\/wp-json\/wp\/v2\/pages\/2701","targetHints":{"allow":["GET"]}}],"collection":[{"href":"https:\/\/www.encontrabelohorizonte.com.br\/sobre\/wp-json\/wp\/v2\/pages"}],"about":[{"href":"https:\/\/www.encontrabelohorizonte.com.br\/sobre\/wp-json\/wp\/v2\/types\/page"}],"author":[{"embeddable":true,"href":"https:\/\/www.encontrabelohorizonte.com.br\/sobre\/wp-json\/wp\/v2\/users\/1"}],"replies":[{"embeddable":true,"href":"https:\/\/www.encontrabelohorizonte.com.br\/sobre\/wp-json\/wp\/v2\/comments?post=2701"}],"version-history":[{"count":0,"href":"https:\/\/www.encontrabelohorizonte.com.br\/sobre\/wp-json\/wp\/v2\/pages\/2701\/revisions"}],"wp:attachment":[{"href":"https:\/\/www.encontrabelohorizonte.com.br\/sobre\/wp-json\/wp\/v2\/media?parent=2701"}],"curies":[{"name":"wp","href":"https:\/\/api.w.org\/{rel}","templated":true}]}}