{"id":2706,"date":"2017-11-29T18:59:08","date_gmt":"2017-11-29T18:59:08","guid":{"rendered":"http:\/\/www.encontrabelohorizonte.com.br\/sobre\/?page_id=2706"},"modified":"2017-11-29T22:46:25","modified_gmt":"2017-11-29T22:46:25","slug":"santa-casa-de-belo-horizonte","status":"publish","type":"page","link":"https:\/\/www.encontrabelohorizonte.com.br\/sobre\/santa-casa-de-belo-horizonte\/","title":{"rendered":"Santa Casa de Belo Horizonte"},"content":{"rendered":"<div class=\"2e083cf0b19e2c11948dc6ac054ba979\" data-index=\"1\" style=\"float: none; margin:0px;\">\n<!-- Anuncio display - global -->\r\n<ins class=\"adsbygoogle\"\r\n     style=\"display:block\"\r\n     data-ad-client=\"ca-pub-8585364105181520\"\r\n     data-ad-slot=\"8789329856\"\r\n     data-ad-format=\"auto\"\r\n     data-full-width-responsive=\"true\"><\/ins>\r\n<script>\r\n     (adsbygoogle = window.adsbygoogle || []).push({});\r\n<\/script>\n<\/div>\n<p>A <strong>Santa Casa de Belo Horizonte<\/strong> foi a primeira institui\u00e7\u00e3o de sa\u00fade instalada em Belo Horizonte no final do s\u00e9culo XIX.<\/p>\n<p>Fundada em 1899, 2 anos ap\u00f3s a inaugura\u00e7\u00e3o da capital mineira, funcionou inicialmente em um pavilh\u00e3o constru\u00eddo na esquina da rua Cear\u00e1 com avenida Francisco Sales, atendendo a popula\u00e7\u00e3o carente da cidade durante d\u00e9cadas.<\/p>\n<p><img loading=\"lazy\" decoding=\"async\" class=\"alignnone wp-image-2708 size-full\" title=\"Santa Casa de Belo Horizonte\" src=\"https:\/\/www.encontrabelohorizonte.com.br\/sobre\/wp-content\/uploads\/santa-casa-de-belo-horizonte.jpg\" alt=\"Santa Casa de Belo Horizonte\" width=\"680\" height=\"189\" srcset=\"https:\/\/www.encontrabelohorizonte.com.br\/sobre\/wp-content\/uploads\/santa-casa-de-belo-horizonte.jpg 680w, https:\/\/www.encontrabelohorizonte.com.br\/sobre\/wp-content\/uploads\/santa-casa-de-belo-horizonte-300x83.jpg 300w\" sizes=\"auto, (max-width: 680px) 100vw, 680px\" \/><\/p>\n<p>Ao longo dos anos, novos setores &#8211; como o hist\u00f3rico pr\u00e9dio da <span style=\"text-decoration: underline;\">Maternidade Hilda Brand\u00e3o<\/span> e o <span style=\"text-decoration: underline;\">pavilh\u00e3o Miguel Couto<\/span> foram erguidos no entorno do pavilh\u00e3o original para amplia\u00e7\u00e3o do atendimento da institui\u00e7\u00e3o.<\/p>\n<p>Na d\u00e9cada de 1940, por iniciativa do ent\u00e3o provedor Jos\u00e9 Maria Alkmim, foi constru\u00eddo um novo hospital a partir de um projeto do renomado arquiteto Raffaello Berti.<\/p>\n<h2>Hospital Santa Casa Belo Horizonte<\/h2>\n<p>Maior hospital e maior prestadora de servi\u00e7os ao <span style=\"text-decoration: underline;\">SUS<\/span> em Minas Gerais. Com 19 salas cir\u00fargicas para procedimentos de m\u00e9dia e alta complexidade, a <span style=\"text-decoration: underline;\">Santa Casa BH<\/span> re\u00fane o maior n\u00famero de leitos de UTI, em um \u00fanico edif\u00edcio, destinados exclusivamente a pacientes <span style=\"text-decoration: underline;\">SUS<\/span>. O atual padr\u00e3o de atendimento do hospital est\u00e1 entre os melhores do pa\u00eds.<\/p>\n<h3>Hor\u00e1rio de Funcionamento Santa Casa de Belo Horizonte<\/h3>\n<ul>\n<li>Atendimento 24 horas<\/li>\n<\/ul>\n<h3>Endere\u00e7o e Telefone Santa Casa de Belo Horizonte<\/h3>\n<ul>\n<li>Av. Francisco Sales, 1111 &#8211; Santa Efig\u00eania &#8211; Belo Horizonte &#8211; MG<\/li>\n<li>Telefone: (31) 3238-8100<\/li>\n<\/ul>\n<h4>Outras informa\u00e7\u00f5es e site<\/h4>\n<p>Mais informa\u00e7\u00f5es:\u00a0<a href=\"http:\/\/www.santacasabh.org.br\" target=\"_blank\" rel=\"noopener noreferrer\">www.santacasabh.org.br<\/a><\/p>\n<h4>Mapa de localiza\u00e7\u00e3o<\/h4>\n<a class=\"wp-colorbox-iframe\" href=\"https:\/\/www.google.com\/maps\/embed?pb=!1m14!1m8!1m3!1d15003.982005791036!2d-43.9259201!3d-19.9245944!3m2!1i1024!2i768!4f13.1!3m3!1m2!1s0x00x42b436229cba0c57!2sSanta+Casa+De+Misericrdia!5e0!3m2!1spt-BR!2sbr!4v1511975424355\"><img decoding=\"async\" src=\"http:\/\/www.encontrabelohorizonte.com.br\/imgs\/maps-post.png\"><\/a>\n\n<div style=\"font-size: 0px; height: 0px; line-height: 0px; margin: 0; padding: 0; clear: both;\"><\/div>","protected":false},"excerpt":{"rendered":"<p>A Santa Casa de Belo Horizonte foi a primeira institui\u00e7\u00e3o de sa\u00fade instalada em Belo Horizonte no final do s\u00e9culo XIX. Fundada em 1899, 2 anos ap\u00f3s a inaugura\u00e7\u00e3o da capital mineira, funcionou inicialmente em um pavilh\u00e3o constru\u00eddo na esquina da rua Cear\u00e1 com avenida Francisco Sales, atendendo a popula\u00e7\u00e3o carente da cidade durante d\u00e9cadas. Ao longo dos anos, novos setores &#8211; como o hist\u00f3rico pr\u00e9dio da Maternidade Hilda Brand\u00e3o e o pavilh\u00e3o Miguel Couto foram erguidos no entorno do pavilh\u00e3o original para amplia\u00e7\u00e3o do atendimento da institui\u00e7\u00e3o. Na d\u00e9cada de 1940, por iniciativa do ent\u00e3o provedor Jos\u00e9 Maria Alkmim, <\/p>\n","protected":false},"author":1,"featured_media":0,"parent":0,"menu_order":0,"comment_status":"closed","ping_status":"closed","template":"","meta":{"footnotes":""},"class_list":["post-2706","page","type-page","status-publish","hentry"],"aioseo_notices":[],"_links":{"self":[{"href":"https:\/\/www.encontrabelohorizonte.com.br\/sobre\/wp-json\/wp\/v2\/pages\/2706","targetHints":{"allow":["GET"]}}],"collection":[{"href":"https:\/\/www.encontrabelohorizonte.com.br\/sobre\/wp-json\/wp\/v2\/pages"}],"about":[{"href":"https:\/\/www.encontrabelohorizonte.com.br\/sobre\/wp-json\/wp\/v2\/types\/page"}],"author":[{"embeddable":true,"href":"https:\/\/www.encontrabelohorizonte.com.br\/sobre\/wp-json\/wp\/v2\/users\/1"}],"replies":[{"embeddable":true,"href":"https:\/\/www.encontrabelohorizonte.com.br\/sobre\/wp-json\/wp\/v2\/comments?post=2706"}],"version-history":[{"count":0,"href":"https:\/\/www.encontrabelohorizonte.com.br\/sobre\/wp-json\/wp\/v2\/pages\/2706\/revisions"}],"wp:attachment":[{"href":"https:\/\/www.encontrabelohorizonte.com.br\/sobre\/wp-json\/wp\/v2\/media?parent=2706"}],"curies":[{"name":"wp","href":"https:\/\/api.w.org\/{rel}","templated":true}]}}