{"id":2748,"date":"2017-12-01T13:47:43","date_gmt":"2017-12-01T13:47:43","guid":{"rendered":"http:\/\/www.encontrabelohorizonte.com.br\/sobre\/?page_id=2748"},"modified":"2022-09-12T20:10:32","modified_gmt":"2022-09-12T20:10:32","slug":"prefeitura-de-belo-horizonte","status":"publish","type":"page","link":"https:\/\/www.encontrabelohorizonte.com.br\/sobre\/prefeitura-de-belo-horizonte\/","title":{"rendered":"Prefeitura de Belo Horizonte"},"content":{"rendered":"<div class=\"2e083cf0b19e2c11948dc6ac054ba979\" data-index=\"1\" style=\"float: none; margin:0px;\">\n<!-- Anuncio display - global -->\r\n<ins class=\"adsbygoogle\"\r\n     style=\"display:block\"\r\n     data-ad-client=\"ca-pub-8585364105181520\"\r\n     data-ad-slot=\"8789329856\"\r\n     data-ad-format=\"auto\"\r\n     data-full-width-responsive=\"true\"><\/ins>\r\n<script>\r\n     (adsbygoogle = window.adsbygoogle || []).push({});\r\n<\/script>\n<\/div>\n<p>A <strong>Prefeitura de Belo Horizonte<\/strong> \u00e9 a sede do poder executivo do munic\u00edpio. \u00c9 comandada pelo prefeito e dividida em secretarias de governo, como educa\u00e7\u00e3o, sa\u00fade ou meio ambiente.<\/p>\n<p>\u00c9 respons\u00e1vel por toda a rede p\u00fablica de escolas de ensino b\u00e1sico e fundamental, al\u00e9m de todas as creches municipais, pelos postos de sa\u00fade, toda a parte de mobilidade urbana, limpeza urbana e coleta de lixo, manter parques, pra\u00e7as e outros espa\u00e7os p\u00fablicos da cidade em bom estado, al\u00e9m de construir novos.<\/p>\n<p><img loading=\"lazy\" decoding=\"async\" class=\"alignnone wp-image-2749 size-full\" title=\"Prefeitura de Belo Horizonte\" src=\"https:\/\/www.encontrabelohorizonte.com.br\/sobre\/wp-content\/uploads\/prefeitura-belo-horizonte.jpg\" alt=\"Prefeitura de Belo Horizonte\" width=\"680\" height=\"189\" srcset=\"https:\/\/www.encontrabelohorizonte.com.br\/sobre\/wp-content\/uploads\/prefeitura-belo-horizonte.jpg 680w, https:\/\/www.encontrabelohorizonte.com.br\/sobre\/wp-content\/uploads\/prefeitura-belo-horizonte-300x83.jpg 300w\" sizes=\"auto, (max-width: 680px) 100vw, 680px\" \/><\/p>\n<p>A Prefeitura de Belo Horizonte deve\u00a0 garantir que o patrim\u00f4nio hist\u00f3rico dos munic\u00edpios\u00a0 esteja seguro e cuidadosamente preservado.<\/p>\n<p>Al\u00e9m de tudo isso, uma responsabilidade que se destaca \u00e9 a garantia de saneamento b\u00e1sico para a popula\u00e7\u00e3o.<\/p>\n<h2>Prefeitura de Belo Horizonte Concurso<\/h2>\n<p>A Prefeitura realiza periodicamente <em>concursos p\u00fablicos<\/em> da Prefeitura de Belo Horizonte com oportunidades para diversos cargos. O primeiro passo para a abertura \u00e9 divulgado no Di\u00e1rio Oficial da Prefeitura de Belo Horizonte, que \u00e9 a constitui\u00e7\u00e3o da comiss\u00e3o do certame. No documento constar\u00e1 as chances de cada setor e a escolaridade exigida de cada pessoa para o concurso da prefeitura de Belo Horizonte.<\/p>\n<p>Para acompanhar o andamento e obter maiores informa\u00e7\u00f5es sobre vagas, consulte o site da Prefeitura de Belo Horizonte com cronogramas e outras especificidades dos concursos p\u00fablicos e processos seletivos que ocorrem.<\/p>\n<h3>Prefeitura de Belo Horizonte Nfe<\/h3>\n<p>A <span style=\"text-decoration: underline;\">Nota Fiscal de Servi\u00e7os Eletr\u00f4nica \u2013 NFS-e<\/span> \u00e9 o documento fiscal de exist\u00eancia apenas digital que substituir\u00e1 as tradicionais notas fiscais de servi\u00e7os impressas. A <em>NFS-e<\/em>, implantada pela SECRETARIA DA FAZENDA, ser\u00e1 emitida e armazenada eletronicamente em programa de computador da Prefeitura de Belo Horizonte, com o objetivo de materializar os fatos geradores do ISSQN \u2013 Imposto Sobre Servi\u00e7os de Qualquer Natureza, por meio do registro eletr\u00f4nico das presta\u00e7\u00f5es de servi\u00e7os sujeitas \u00e0 tributa\u00e7\u00e3o do ISSQN.<\/p>\n<p>Outras respostas a perguntas frequentes sobre o SIMPLES NACIONAL podem ser obtidas no site da Receita Federal do Brasil.<\/p>\n<h3>Prefeitura de Belo Horizonte ISS<\/h3>\n<p>O<em> ISS<\/em> \u00e9 o Imposto Sobre Servi\u00e7os . Ele \u00e9 um tributo de compet\u00eancia dos munic\u00edpios e Distrito Federal e incide sobre a presta\u00e7\u00e3o de servi\u00e7os. O <em>ISS<\/em> da Prefeitura de Belo Horizonte &#8211; MG \u00e9 pago pelas empresas prestadoras de servi\u00e7os e profissionais aut\u00f4nomos.<\/p>\n<p>Todas as informa\u00e7\u00f5es necess\u00e1rias e d\u00favidas sobre o <em>ISS<\/em> da Prefeitura de Belo Horizonte podem ser esclarecidos diretamente no site da Prefeitura.<\/p>\n<h3>Hor\u00e1rio de Funcionamento Prefeitura de Belo Horizonte<\/h3>\n<ul>\n<li>Segunda a sexta das 8h \u00e0s 17h<\/li>\n<\/ul>\n<h3>Endere\u00e7o e Telefone Prefeitura de Belo Horizonte<\/h3>\n<ul>\n<li>Av. Afonso Pena, 1212 &#8211; Centro &#8211; Belo Horizonte &#8211; MG<\/li>\n<li>Telefone: (31) 3429-8750<\/li>\n<\/ul>\n<h4>Outras informa\u00e7\u00f5es: Site e CNPJ<\/h4>\n<ul>\n<li>Mais informa\u00e7\u00f5es:\u00a0<a href=\"http:\/\/www.pbh.gov.br\" target=\"_blank\" rel=\"noopener noreferrer\">www.pbh.gov.br<\/a><\/li>\n<li>CNPJ: 18.715.383\/0001-40<\/li>\n<li>informativo sobre a prefeitura: <a href=\"https:\/\/www.prefeituradebh.org\/\" target=\"_blank\" rel=\"noopener\">www.prefeituradebh.org<\/a><\/li>\n<\/ul>\n<h4>Mapa de localiza\u00e7\u00e3o<\/h4>\n<a class=\"wp-colorbox-iframe\" href=\"https:\/\/www.google.com\/maps\/embed?pb=!1m14!1m8!1m3!1d15004.071069440306!2d-43.9363262!3d-19.9236561!3m2!1i1024!2i768!4f13.1!3m3!1m2!1s0x00xb68c7742ea4344dd!2sPrefeitura+Municipal+de+Belo+Horizonte!5e0!3m2!1spt-BR!2sbr!4v1512132278825\"><img decoding=\"async\" src=\"http:\/\/www.encontrabelohorizonte.com.br\/imgs\/maps-post.png\"><\/a>\n\n<div style=\"font-size: 0px; height: 0px; line-height: 0px; margin: 0; padding: 0; clear: both;\"><\/div>","protected":false},"excerpt":{"rendered":"<p>A Prefeitura de Belo Horizonte \u00e9 a sede do poder executivo do munic\u00edpio. \u00c9 comandada pelo prefeito e dividida em secretarias de governo, como educa\u00e7\u00e3o, sa\u00fade ou meio ambiente. \u00c9 respons\u00e1vel por toda a rede p\u00fablica de escolas de ensino b\u00e1sico e fundamental, al\u00e9m de todas as creches municipais, pelos postos de sa\u00fade, toda a parte de mobilidade urbana, limpeza urbana e coleta de lixo, manter parques, pra\u00e7as e outros espa\u00e7os p\u00fablicos da cidade em bom estado, al\u00e9m de construir novos. A Prefeitura de Belo Horizonte deve\u00a0 garantir que o patrim\u00f4nio hist\u00f3rico dos munic\u00edpios\u00a0 esteja seguro e cuidadosamente preservado. Al\u00e9m <\/p>\n","protected":false},"author":1,"featured_media":0,"parent":0,"menu_order":0,"comment_status":"closed","ping_status":"closed","template":"","meta":{"footnotes":""},"class_list":["post-2748","page","type-page","status-publish","hentry"],"aioseo_notices":[],"_links":{"self":[{"href":"https:\/\/www.encontrabelohorizonte.com.br\/sobre\/wp-json\/wp\/v2\/pages\/2748","targetHints":{"allow":["GET"]}}],"collection":[{"href":"https:\/\/www.encontrabelohorizonte.com.br\/sobre\/wp-json\/wp\/v2\/pages"}],"about":[{"href":"https:\/\/www.encontrabelohorizonte.com.br\/sobre\/wp-json\/wp\/v2\/types\/page"}],"author":[{"embeddable":true,"href":"https:\/\/www.encontrabelohorizonte.com.br\/sobre\/wp-json\/wp\/v2\/users\/1"}],"replies":[{"embeddable":true,"href":"https:\/\/www.encontrabelohorizonte.com.br\/sobre\/wp-json\/wp\/v2\/comments?post=2748"}],"version-history":[{"count":0,"href":"https:\/\/www.encontrabelohorizonte.com.br\/sobre\/wp-json\/wp\/v2\/pages\/2748\/revisions"}],"wp:attachment":[{"href":"https:\/\/www.encontrabelohorizonte.com.br\/sobre\/wp-json\/wp\/v2\/media?parent=2748"}],"curies":[{"name":"wp","href":"https:\/\/api.w.org\/{rel}","templated":true}]}}