{"id":2750,"date":"2017-12-01T14:00:50","date_gmt":"2017-12-01T14:00:50","guid":{"rendered":"http:\/\/www.encontrabelohorizonte.com.br\/sobre\/?page_id=2750"},"modified":"2017-12-01T14:07:08","modified_gmt":"2017-12-01T14:07:08","slug":"rodoviaria-de-belo-horizonte","status":"publish","type":"page","link":"https:\/\/www.encontrabelohorizonte.com.br\/sobre\/rodoviaria-de-belo-horizonte\/","title":{"rendered":"Rodovi\u00e1ria de Belo Horizonte"},"content":{"rendered":"<div class=\"2e083cf0b19e2c11948dc6ac054ba979\" data-index=\"1\" style=\"float: none; margin:0px;\">\n<!-- Anuncio display - global -->\r\n<ins class=\"adsbygoogle\"\r\n     style=\"display:block\"\r\n     data-ad-client=\"ca-pub-8585364105181520\"\r\n     data-ad-slot=\"8789329856\"\r\n     data-ad-format=\"auto\"\r\n     data-full-width-responsive=\"true\"><\/ins>\r\n<script>\r\n     (adsbygoogle = window.adsbygoogle || []).push({});\r\n<\/script>\n<\/div>\n<p>A <strong>Rodovi\u00e1ria de Belo Horizonte<\/strong> \u00e9 uma das poucas constru\u00e7\u00f5es p\u00fablicas tombadas como Patrim\u00f4nio Hist\u00f3rico Municipal no Brasil. S\u00e3o mais de 35.500 m\u00b2 de \u00e1rea constru\u00edda administrada pela prefeitura de Belo Horizonte juntamente com a Secretaria Municipal de Coordena\u00e7\u00e3o de Gest\u00e3o Regional que assumiram esse papel desde o dia 27 de junho de 2003.<\/p>\n<p>Um dos principais servi\u00e7os dispon\u00edveis aos viajantes \u00e9 a \u00e1rea de achados e perdidos. O servi\u00e7o funciona de segunda a sexta-feira das 8 \u00e0s 18 horas.<\/p>\n<p><img loading=\"lazy\" decoding=\"async\" class=\"alignnone wp-image-2751 size-full\" title=\"Rodovi\u00e1ria de Belo Horizonte\" src=\"https:\/\/www.encontrabelohorizonte.com.br\/sobre\/wp-content\/uploads\/rodoviaria-belo-horizonte.jpg\" alt=\"Rodovi\u00e1ria de Belo Horizonte\" width=\"680\" height=\"189\" srcset=\"https:\/\/www.encontrabelohorizonte.com.br\/sobre\/wp-content\/uploads\/rodoviaria-belo-horizonte.jpg 680w, https:\/\/www.encontrabelohorizonte.com.br\/sobre\/wp-content\/uploads\/rodoviaria-belo-horizonte-300x83.jpg 300w\" sizes=\"auto, (max-width: 680px) 100vw, 680px\" \/><\/p>\n<p>Todos os documentos e objetos esquecidos nas depend\u00eancias da rodovi\u00e1ria s\u00e3o cadastrados e ficam a disposi\u00e7\u00e3o dos respons\u00e1veis durante 7 dias. Ap\u00f3s este prazo, os mesmos s\u00e3o enviados para o Correio Central.<\/p>\n<p>O viajante que passar pela Rodovi\u00e1ria Governador Israel Pinheiro ter\u00e1 a disposi\u00e7\u00e3o dezenas de servi\u00e7os e atendimentos diferenciados que visam facilitar e agilizar o embarque e desembarque nos \u00f4nibus nas 16 plataformas. Servi\u00e7os que juntos conseguem disponibilizar at\u00e9 64 partidas simult\u00e2neas para diversos destinos.<\/p>\n<p>Um dos principais servi\u00e7os dispon\u00edveis aos viajantes \u00e9 a \u00e1rea de achados e perdidos. O servi\u00e7o funciona de segunda a sexta-feira das 8 \u00e0s 18 horas. Todos os documentos e objetos esquecidos nas depend\u00eancias da rodovi\u00e1ria s\u00e3o cadastrados e ficam a disposi\u00e7\u00e3o dos respons\u00e1veis durante 7 dias. Ap\u00f3s este prazo, os mesmos s\u00e3o enviados para o Correio Central.<\/p>\n<p>Al\u00e9m disso, a rodovi\u00e1ria tamb\u00e9m possui sistema de guarda volume que funciona no terceiro piso e no desembarque. O funcionamento \u00e9 de responsabilidade da empresa Malex, uma tradicional empresa do ramo, e atende 24 horas por dia.<\/p>\n<h2>Terminal Rodovi\u00e1rio Rodovi\u00e1ria de Belo Horizonte<\/h2>\n<p>O <em>Terminal Rodovi\u00e1rio de BH<\/em> tem capacidade de atendimento para suprir uma demanda de at\u00e9 17 milh\u00f5es de passageiros por ano. Entre embarques e desembarques, a rodovi\u00e1ria contabiliza mais de 40 mil pessoas por dia, vindas dos mais variados pontos do Brasil.<\/p>\n<h3>Rodovi\u00e1ria de Belo Horizonte Passagens<\/h3>\n<p>Acesse o <a href=\"https:\/\/rodoviariadebh.com.br\/brasilbybus\" target=\"_blank\" rel=\"noopener noreferrer\">link<\/a> e confira os hor\u00e1rios de \u00f4nibus das principais via\u00e7\u00f5es e compre sua <span style=\"text-decoration: underline;\">passagem<\/span>!<\/p>\n<h3>Rodovi\u00e1ria de Belo Horizonte Gontijo<\/h3>\n<p>O pre\u00e7o da passagem inclui o transporte de volumes no bagageiro e no porta-embrulhos do \u00f4nibus, respeitando os limites pessoais de cada passageiro e os direitos dos demais. Na <em><a href=\"https:\/\/www.encontrabelohorizonte.com.br\/sobre\/gontijo-belo-horizonte\/\">Gontijo <\/a><\/em>ainda \u00e9 poss\u00edvel enviar encomendas e transportar alguns animais dom\u00e9sticos seguindo condi\u00e7\u00f5es b\u00e1sicas de transporte<\/p>\n<h3>Rodovi\u00e1ria de Belo Horizonte Informa\u00e7\u00f5es<\/h3>\n<p>O principal <span style=\"text-decoration: underline;\">balc\u00e3o de informa\u00e7\u00f5es<\/span> fica no piso superior da esta\u00e7\u00e3o rodovi\u00e1ria de Belo Horizonte.<br \/>\nEle oferece mais de 2 mil informa\u00e7\u00f5es por dia e funciona durante 24 horas.<\/p>\n<h3>Hor\u00e1rio de Funcionamento Rodovi\u00e1ria de Belo Horizonte<\/h3>\n<ul>\n<li>Funcionamento 24 Horas<\/li>\n<\/ul>\n<h3>Endere\u00e7o e Telefone Rodovi\u00e1ria de Belo Horizonte<\/h3>\n<ul>\n<li>Pra\u00e7a Rio Branco, 100 &#8211; Centro &#8211; Belo Horizonte &#8211; MG<\/li>\n<li>Telefone:\u00a0 (31) 3271-8933<\/li>\n<\/ul>\n<h4>Outras informa\u00e7\u00f5es e site<\/h4>\n<p>Mais informa\u00e7\u00f5es:\u00a0<a href=\"http:\/\/www.rodoviariadebh.com.br\" target=\"_blank\" rel=\"noopener noreferrer\">www.rodoviariadebh.com.br<\/a><\/p>\n<h4>Mapa de localiza\u00e7\u00e3o<\/h4>\n<a class=\"wp-colorbox-iframe\" href=\"https:\/\/www.google.com\/maps\/embed?pb=!1m18!1m12!1m3!1d3751.2189790214493!2d-43.94287768508578!3d-19.915174986611966!2m3!1f0!2f0!3f0!3m2!1i1024!2i768!4f13.1!3m3!1m2!1s0xa699fc2559acb70x847f2bdf65bbbd!2sPraa+Rio+Branco+100+-+Centro+Belo+Horizonte+-+MG+30111-050!5e0!3m2!1spt-BR!2sbr!4v1512135342453\"><img decoding=\"async\" src=\"http:\/\/www.encontrabelohorizonte.com.br\/imgs\/maps-post.png\"><\/a>\n\n<div style=\"font-size: 0px; height: 0px; line-height: 0px; margin: 0; padding: 0; clear: both;\"><\/div>","protected":false},"excerpt":{"rendered":"<p>A Rodovi\u00e1ria de Belo Horizonte \u00e9 uma das poucas constru\u00e7\u00f5es p\u00fablicas tombadas como Patrim\u00f4nio Hist\u00f3rico Municipal no Brasil. S\u00e3o mais de 35.500 m\u00b2 de \u00e1rea constru\u00edda administrada pela prefeitura de Belo Horizonte juntamente com a Secretaria Municipal de Coordena\u00e7\u00e3o de Gest\u00e3o Regional que assumiram esse papel desde o dia 27 de junho de 2003. Um dos principais servi\u00e7os dispon\u00edveis aos viajantes \u00e9 a \u00e1rea de achados e perdidos. O servi\u00e7o funciona de segunda a sexta-feira das 8 \u00e0s 18 horas. Todos os documentos e objetos esquecidos nas depend\u00eancias da rodovi\u00e1ria s\u00e3o cadastrados e ficam a disposi\u00e7\u00e3o dos respons\u00e1veis durante 7 <\/p>\n","protected":false},"author":1,"featured_media":0,"parent":0,"menu_order":0,"comment_status":"closed","ping_status":"closed","template":"","meta":{"footnotes":""},"class_list":["post-2750","page","type-page","status-publish","hentry"],"aioseo_notices":[],"_links":{"self":[{"href":"https:\/\/www.encontrabelohorizonte.com.br\/sobre\/wp-json\/wp\/v2\/pages\/2750","targetHints":{"allow":["GET"]}}],"collection":[{"href":"https:\/\/www.encontrabelohorizonte.com.br\/sobre\/wp-json\/wp\/v2\/pages"}],"about":[{"href":"https:\/\/www.encontrabelohorizonte.com.br\/sobre\/wp-json\/wp\/v2\/types\/page"}],"author":[{"embeddable":true,"href":"https:\/\/www.encontrabelohorizonte.com.br\/sobre\/wp-json\/wp\/v2\/users\/1"}],"replies":[{"embeddable":true,"href":"https:\/\/www.encontrabelohorizonte.com.br\/sobre\/wp-json\/wp\/v2\/comments?post=2750"}],"version-history":[{"count":0,"href":"https:\/\/www.encontrabelohorizonte.com.br\/sobre\/wp-json\/wp\/v2\/pages\/2750\/revisions"}],"wp:attachment":[{"href":"https:\/\/www.encontrabelohorizonte.com.br\/sobre\/wp-json\/wp\/v2\/media?parent=2750"}],"curies":[{"name":"wp","href":"https:\/\/api.w.org\/{rel}","templated":true}]}}