{"id":2762,"date":"2017-12-01T17:48:11","date_gmt":"2017-12-01T17:48:11","guid":{"rendered":"http:\/\/www.encontrabelohorizonte.com.br\/sobre\/?page_id=2762"},"modified":"2017-12-01T17:56:36","modified_gmt":"2017-12-01T17:56:36","slug":"procon-belo-horizonte","status":"publish","type":"page","link":"https:\/\/www.encontrabelohorizonte.com.br\/sobre\/procon-belo-horizonte\/","title":{"rendered":"Procon Belo Horizonte"},"content":{"rendered":"<div class=\"2e083cf0b19e2c11948dc6ac054ba979\" data-index=\"1\" style=\"float: none; margin:0px;\">\n<!-- Anuncio display - global -->\r\n<ins class=\"adsbygoogle\"\r\n     style=\"display:block\"\r\n     data-ad-client=\"ca-pub-8585364105181520\"\r\n     data-ad-slot=\"8789329856\"\r\n     data-ad-format=\"auto\"\r\n     data-full-width-responsive=\"true\"><\/ins>\r\n<script>\r\n     (adsbygoogle = window.adsbygoogle || []).push({});\r\n<\/script>\n<\/div>\n<p>No <strong>Procon Belo Horizonte<\/strong>, o consumidor pode apresentar suas reclama\u00e7\u00f5es sobre qualquer produto ou servi\u00e7o contratado e que n\u00e3o tenha sido fornecido de maneira satisfat\u00f3ria.<\/p>\n<p>O consumidor \u00e9 informado sobre seus direitos, e a equipe do Procon busca solucionar o problema, administrativamente, junto ao fornecedor, evitando que o caso se transforme em a\u00e7\u00e3o judicial.<\/p>\n<p><img loading=\"lazy\" decoding=\"async\" class=\"alignnone wp-image-2763 size-full\" title=\"Procon Belo Horizonte\" src=\"https:\/\/www.encontrabelohorizonte.com.br\/sobre\/wp-content\/uploads\/procon-belo-horizonte.jpg\" alt=\"Procon Belo Horizonte\" width=\"680\" height=\"189\" srcset=\"https:\/\/www.encontrabelohorizonte.com.br\/sobre\/wp-content\/uploads\/procon-belo-horizonte.jpg 680w, https:\/\/www.encontrabelohorizonte.com.br\/sobre\/wp-content\/uploads\/procon-belo-horizonte-300x83.jpg 300w\" sizes=\"auto, (max-width: 680px) 100vw, 680px\" \/><\/p>\n<p>O servi\u00e7o conta com a parceria da Coordenadoria de Prote\u00e7\u00e3o e Defesa do Consumidor (Procon) da Prefeitura de Belo Horizonte (PBH).<\/p>\n<h2>Procon Belo Horizonte Assembl\u00e9ia<\/h2>\n<p>Inaugurado em fevereiro de 1997 e normatizado por meio da Resolu\u00e7\u00e3o 5.239, de 2005, o <em>Procon Assembleia <\/em>(Procon ALMG) \u00e9 um \u00f3rg\u00e3o do Poder Legislativo mineiro que tem como objetivo dar prote\u00e7\u00e3o jur\u00eddica e t\u00e9cnica aos consumidores.<\/p>\n<p>O <em>Procon Assembleia <\/em>tem duas unidades:<\/p>\n<ul>\n<li>Rua Martim de Carvalho, 94 &#8211; Santo Agostinho &#8211; Telefone: (31) 2108-5500<\/li>\n<li>Rua Goitacazes, 1.202 &#8211; Barro Preto &#8211; Belo Horizonte &#8211; MG<\/li>\n<\/ul>\n<h3>Procon Belo Horizonte Bh Resolve<\/h3>\n<p>Os atendimentos presenciais na unidade do Procon Municipal no <span style=\"text-decoration: underline;\">BH Resolve,<\/span> que fica na Avenida Santos Dumont, 363, no Centro de Belo Horizonte, s\u00e3o feitos somente com hor\u00e1rio agendado pela internet.<\/p>\n<p>Antes de agendar um hor\u00e1rio de interesse, os consumidores dever\u00e3o se cadastrar no <a href=\"http:\/\/agendamentoeletronico.pbh.gov.br\/senhafacil\/\" target=\"_blank\" rel=\"noopener noreferrer\">site<\/a> de agendamentos eletr\u00f4nicos da Prefeitura de BH. Para garantir o cadastro, o consumidor vai precisar informar o seu nome, nome da m\u00e3e, endere\u00e7o completo, CPF e e-mail.<\/p>\n<h3>Procon Belo Horizonte Venda Nova<\/h3>\n<p><em>A <\/em>unidade do <em>Procon Venda Nova<\/em> funciona no t\u00e9rreo da Prefeitura. O Procon atende gratuitamente e tem o objetivo de resolver conflitos entre empresas e consumidores.<br \/>\nPor meio do servi\u00e7o, o consumidor tem aux\u00edlio gratuito para buscar solucionar problemas com compras pela internet n\u00e3o entregues, cobran\u00e7as indevidas nas contas de telefone e at\u00e9 cancelamento da linha, s\u00f3 para citar alguns exemplos de situa\u00e7\u00f5es em que o Procon pode ser acionado.<\/p>\n<h3>Hor\u00e1rio de Funcionamento Procon Belo Horizonte<\/h3>\n<ul>\n<li>Segunda a sexta das 8h \u00e0s 17h<\/li>\n<\/ul>\n<h3>Endere\u00e7o e Telefone Procon Belo Horizonte<\/h3>\n<ul>\n<li><strong>Atendimento ao Consumidor<\/strong> &#8211; Av. Santos Dumont, 363 &#8211; Tel.: 156<\/li>\n<li><strong>Matriz<\/strong> &#8211; Rua Esp\u00edrito Santo, 505 &#8211; Centro &#8211; Tel.: (31) 3277-4547<\/li>\n<li><strong>Regional Barreiro<\/strong> &#8211; Rua Fl\u00e1vio Marques Lisboa, 345 &#8211; Tel.: (31) 3277-5807<\/li>\n<li><strong>Regional Venda Nova<\/strong> &#8211; Rua Padre Pedro Pinto, 1055 &#8211; Venda &#8211; Tel.: (31) 3277-5472<\/li>\n<li><strong>C\u00e2mara Municipa<\/strong>l &#8211; Av. dos Andradas, 3100 &#8211; Santa Efig\u00eania &#8211; Tel.:\u00a0 (31) 3555-1268<\/li>\n<li><strong>Centro<\/strong> &#8211; Rua dos Tupis, 149 &#8211; Centro &#8211; Tel.: (31) 3277-4547<\/li>\n<li><strong>Assembl\u00e9ia<\/strong> &#8211; Rua Martim de Carvalho, 94 &#8211; Tel.: (31) 21085-550<\/li>\n<li><strong>Assembl\u00e9ia<\/strong> &#8211; Rua Pra\u00e7a 7 &#8211; Tel.: (31) 3272-0108<\/li>\n<li><strong>Santo Agostinho<\/strong> &#8211; Rua Dias Adorno, 347 &#8211; Tel.: (31) 3250-5010<\/li>\n<\/ul>\n<h4>Outras informa\u00e7\u00f5es e site<\/h4>\n<p>Mais informa\u00e7\u00f5es:\u00a0<a href=\"http:\/\/www.almg.gov.br\/procon\/\" target=\"_blank\" rel=\"noopener noreferrer\">www.almg.gov.br\/procon\/<\/a><\/p>\n<h4>Mapa de localiza\u00e7\u00e3o Matriz<\/h4>\n<a class=\"wp-colorbox-iframe\" href=\"https:\/\/www.google.com\/maps\/embed?pb=!1m18!1m12!1m3!1d3751.1242803561854!2d-43.93927078508567!3d-19.919166986609874!2m3!1f0!2f0!3f0!3m2!1i1024!2i768!4f13.1!3m3!1m2!1s0xa699fb183acf590x40e82cf86a11ab0d!2sR.+Esprito+Santo+505+-+Centro+Belo+Horizonte+-+MG!5e0!3m2!1spt-BR!2sbr!4v1512149639320\"><img decoding=\"async\" src=\"http:\/\/www.encontrabelohorizonte.com.br\/imgs\/maps-post.png\"><\/a>\n\n<div style=\"font-size: 0px; height: 0px; line-height: 0px; margin: 0; padding: 0; clear: both;\"><\/div>","protected":false},"excerpt":{"rendered":"<p>No Procon Belo Horizonte, o consumidor pode apresentar suas reclama\u00e7\u00f5es sobre qualquer produto ou servi\u00e7o contratado e que n\u00e3o tenha sido fornecido de maneira satisfat\u00f3ria. O consumidor \u00e9 informado sobre seus direitos, e a equipe do Procon busca solucionar o problema, administrativamente, junto ao fornecedor, evitando que o caso se transforme em a\u00e7\u00e3o judicial. O servi\u00e7o conta com a parceria da Coordenadoria de Prote\u00e7\u00e3o e Defesa do Consumidor (Procon) da Prefeitura de Belo Horizonte (PBH). Procon Belo Horizonte Assembl\u00e9ia Inaugurado em fevereiro de 1997 e normatizado por meio da Resolu\u00e7\u00e3o 5.239, de 2005, o Procon Assembleia (Procon ALMG) \u00e9 um <\/p>\n","protected":false},"author":1,"featured_media":0,"parent":0,"menu_order":0,"comment_status":"closed","ping_status":"closed","template":"","meta":{"footnotes":""},"class_list":["post-2762","page","type-page","status-publish","hentry"],"aioseo_notices":[],"_links":{"self":[{"href":"https:\/\/www.encontrabelohorizonte.com.br\/sobre\/wp-json\/wp\/v2\/pages\/2762","targetHints":{"allow":["GET"]}}],"collection":[{"href":"https:\/\/www.encontrabelohorizonte.com.br\/sobre\/wp-json\/wp\/v2\/pages"}],"about":[{"href":"https:\/\/www.encontrabelohorizonte.com.br\/sobre\/wp-json\/wp\/v2\/types\/page"}],"author":[{"embeddable":true,"href":"https:\/\/www.encontrabelohorizonte.com.br\/sobre\/wp-json\/wp\/v2\/users\/1"}],"replies":[{"embeddable":true,"href":"https:\/\/www.encontrabelohorizonte.com.br\/sobre\/wp-json\/wp\/v2\/comments?post=2762"}],"version-history":[{"count":0,"href":"https:\/\/www.encontrabelohorizonte.com.br\/sobre\/wp-json\/wp\/v2\/pages\/2762\/revisions"}],"wp:attachment":[{"href":"https:\/\/www.encontrabelohorizonte.com.br\/sobre\/wp-json\/wp\/v2\/media?parent=2762"}],"curies":[{"name":"wp","href":"https:\/\/api.w.org\/{rel}","templated":true}]}}