{"id":2781,"date":"2017-12-04T14:08:36","date_gmt":"2017-12-04T14:08:36","guid":{"rendered":"http:\/\/www.encontrabelohorizonte.com.br\/sobre\/?page_id=2781"},"modified":"2017-12-04T14:48:43","modified_gmt":"2017-12-04T14:48:43","slug":"trt-belo-horizonte","status":"publish","type":"page","link":"https:\/\/www.encontrabelohorizonte.com.br\/sobre\/trt-belo-horizonte\/","title":{"rendered":"Trt Belo Horizonte"},"content":{"rendered":"<div class=\"2e083cf0b19e2c11948dc6ac054ba979\" data-index=\"1\" style=\"float: none; margin:0px;\">\n<!-- Anuncio display - global -->\r\n<ins class=\"adsbygoogle\"\r\n     style=\"display:block\"\r\n     data-ad-client=\"ca-pub-8585364105181520\"\r\n     data-ad-slot=\"8789329856\"\r\n     data-ad-format=\"auto\"\r\n     data-full-width-responsive=\"true\"><\/ins>\r\n<script>\r\n     (adsbygoogle = window.adsbygoogle || []).push({});\r\n<\/script>\n<\/div>\n<p>O <strong>Trt Belo Horizonte<\/strong> \u00e9 um \u00f3rg\u00e3o da Justi\u00e7a do Trabalho, pertencente ao Poder Judici\u00e1rio da Rep\u00fablica Federativa do Brasil, o qual exerce jurisdi\u00e7\u00e3o em todo territ\u00f3rio do Estado de Minas Gerais.<\/p>\n<p>Tanto o empregado quanto o empregador, sempre que se sentirem prejudicados em seus direitos podem recorrer \u00e0 Justi\u00e7a do Trabalho sindicatos, entes p\u00fablicos, o Minist\u00e9rio P\u00fablico do Trabalho, e outros interessados em decorr\u00eancia da rela\u00e7\u00e3o de trabalho.<\/p>\n<p><img loading=\"lazy\" decoding=\"async\" class=\"alignnone wp-image-2782 size-full\" title=\"Trt Belo Horizonte\" src=\"https:\/\/www.encontrabelohorizonte.com.br\/sobre\/wp-content\/uploads\/trt-belo-horizonte.jpg\" alt=\"Trt Belo Horizonte\" width=\"680\" height=\"189\" srcset=\"https:\/\/www.encontrabelohorizonte.com.br\/sobre\/wp-content\/uploads\/trt-belo-horizonte.jpg 680w, https:\/\/www.encontrabelohorizonte.com.br\/sobre\/wp-content\/uploads\/trt-belo-horizonte-300x83.jpg 300w\" sizes=\"auto, (max-width: 680px) 100vw, 680px\" \/><\/p>\n<h2>Trt Belo Horizonte Pje<\/h2>\n<p>Todos os novos processos trabalhistas de Belo Horizonte s\u00e3o recebidos, exclusivamente, no formato <em>PJ-e (Processo Judicial eletr\u00f4nico).<\/em><br \/>\nOs advogados podem ter acesso pelo <a href=\"https:\/\/portal.trt3.jus.br\/internet\/pje\/acesso-ao-sistema-pje\" target=\"_blank\" rel=\"noopener noreferrer\">link<\/a>.<\/p>\n<h3>Trt Belo Horizonte Consulta Processual<\/h3>\n<p>Voc\u00ea pode<em> consultar<\/em> o andamento de <span style=\"text-decoration: underline;\">processos f\u00edsicos e eletr\u00f4nicos<\/span> no Tribunal Regional do Trabalho da 3\u00aa Regi\u00e3o &#8211; Minas Gerais\u00a0 atrav\u00e9s:<\/p>\n<ul>\n<li>Internet<\/li>\n<li>Central de Atendimento &#8211; CAT<\/li>\n<li>Presencialmente, na unidade onde tramita o processo.<\/li>\n<\/ul>\n<p>Para maiores informa\u00e7\u00f5es <a href=\"https:\/\/portal.trt3.jus.br\/internet\/servicos\/carta-cidadao\/consulta-processual-1o-e-2o-graus\" target=\"_blank\" rel=\"noopener noreferrer\">acesse.<\/a><\/p>\n<h3>Trt Belo Horizonte Concurso<\/h3>\n<p>O Trt Belo Horizonte realiza <span style=\"text-decoration: underline;\">concursos p\u00fablicos<\/span> com oportunidades para diversos cargos. O primeiro passo para a abertura \u00e9 divulgado no Di\u00e1rio Oficial da Uni\u00e3o.<\/p>\n<p>No documento constar\u00e1 as chances de cada setor e a escolaridade exigida de cada pessoa para o concurso.<\/p>\n<p>Para acompanhar o andamento e obter maiores informa\u00e7\u00f5es sobre vagas, consulte o site do Trt Belo Horizonte.<\/p>\n<h3>Hor\u00e1rio de Funcionamento Trt Belo Horizonte<\/h3>\n<ul>\n<li>Segunda a sexta das 9h \u00e0s 17h<\/li>\n<\/ul>\n<h3>Endere\u00e7o e Telefone Trt Belo Horizonte<\/h3>\n<ul>\n<li><strong>Curitiba<\/strong> &#8211; R. Curitiba, 835 &#8211; Centro &#8211; Tel.: (31) 3215-7901<\/li>\n<li><strong>Foro Trabalhista de Belo Horizonte<\/strong> &#8211; Av. Augusto de Lima, 1234\u00a0 &#8211; Tel.: (31) 3330-7550<\/li>\n<li><strong>F\u00f3rum Trabalhista de Belo Horizonte<\/strong> &#8211;\u00a0 R. Mato Grosso, 468\u00a0 &#8211; Tel.: (31) 3330-7708<\/li>\n<li><strong>Goitacazes<\/strong> &#8211; R. Goitacazes, 1475 &#8211; Barro Preto &#8211; Tel.: (31) 3238-7800<\/li>\n<li><strong>Mato Grosso<\/strong> &#8211; R. Mato Grosso, 400 &#8211; Barro Preto &#8211; Tel.: (31) 3330-7708<\/li>\n<li><strong>Pedro II<\/strong> &#8211; R. Al\u00edpio de Melo, 151 &#8211; Jardim Montanh\u00eas &#8211; Tel.: (31) 3215-7954<\/li>\n<li><strong>Sede Administrativa<\/strong> &#8211; Av. do Contorno, 4631 &#8211; Funcion\u00e1rios &#8211; Tel.: (31) 3228-7100<\/li>\n<li><strong>3\u00aa Regi\u00e3o<\/strong> &#8211; Av. Get\u00falio Vargas, 225 &#8211; Funcion\u00e1rios &#8211; Tel.: (31) 3228-7200<\/li>\n<\/ul>\n<h4>Outras informa\u00e7\u00f5es e site<\/h4>\n<p>Mais informa\u00e7\u00f5es:\u00a0<a href=\"http:\/\/www.trt3.jus.br\" target=\"_blank\" rel=\"noopener noreferrer\">www.trt3.jus.br<\/a><\/p>\n<h4>Mapa de localiza\u00e7\u00e3o 3\u00aa Regi\u00e3o<\/h4>\n<a class=\"wp-colorbox-iframe\" href=\"https:\/\/www.google.com\/maps\/embed?pb=!1m18!1m12!1m3!1d3750.790443414415!2d-43.92852338508532!3d-19.933233686601934!2m3!1f0!2f0!3f0!3m2!1i1024!2i768!4f13.1!3m3!1m2!1s0xa699c027706ecf0x600c2b852b730438!2sAv.+Getlio+Vargas+225+-+Funcionrios+Belo+Horizonte+-+MG!5e0!3m2!1spt-BR!2sbr!4v1512177853032\"><img decoding=\"async\" src=\"http:\/\/www.encontrabelohorizonte.com.br\/imgs\/maps-post.png\"><\/a>\n<p>&nbsp;<\/p>\n\n<div style=\"font-size: 0px; height: 0px; line-height: 0px; margin: 0; padding: 0; clear: both;\"><\/div>","protected":false},"excerpt":{"rendered":"<p>O Trt Belo Horizonte \u00e9 um \u00f3rg\u00e3o da Justi\u00e7a do Trabalho, pertencente ao Poder Judici\u00e1rio da Rep\u00fablica Federativa do Brasil, o qual exerce jurisdi\u00e7\u00e3o em todo territ\u00f3rio do Estado de Minas Gerais. Tanto o empregado quanto o empregador, sempre que se sentirem prejudicados em seus direitos podem recorrer \u00e0 Justi\u00e7a do Trabalho sindicatos, entes p\u00fablicos, o Minist\u00e9rio P\u00fablico do Trabalho, e outros interessados em decorr\u00eancia da rela\u00e7\u00e3o de trabalho. Trt Belo Horizonte Pje Todos os novos processos trabalhistas de Belo Horizonte s\u00e3o recebidos, exclusivamente, no formato PJ-e (Processo Judicial eletr\u00f4nico). Os advogados podem ter acesso pelo link. Trt Belo Horizonte <\/p>\n","protected":false},"author":1,"featured_media":0,"parent":0,"menu_order":0,"comment_status":"closed","ping_status":"closed","template":"","meta":{"footnotes":""},"class_list":["post-2781","page","type-page","status-publish","hentry"],"aioseo_notices":[],"_links":{"self":[{"href":"https:\/\/www.encontrabelohorizonte.com.br\/sobre\/wp-json\/wp\/v2\/pages\/2781","targetHints":{"allow":["GET"]}}],"collection":[{"href":"https:\/\/www.encontrabelohorizonte.com.br\/sobre\/wp-json\/wp\/v2\/pages"}],"about":[{"href":"https:\/\/www.encontrabelohorizonte.com.br\/sobre\/wp-json\/wp\/v2\/types\/page"}],"author":[{"embeddable":true,"href":"https:\/\/www.encontrabelohorizonte.com.br\/sobre\/wp-json\/wp\/v2\/users\/1"}],"replies":[{"embeddable":true,"href":"https:\/\/www.encontrabelohorizonte.com.br\/sobre\/wp-json\/wp\/v2\/comments?post=2781"}],"version-history":[{"count":0,"href":"https:\/\/www.encontrabelohorizonte.com.br\/sobre\/wp-json\/wp\/v2\/pages\/2781\/revisions"}],"wp:attachment":[{"href":"https:\/\/www.encontrabelohorizonte.com.br\/sobre\/wp-json\/wp\/v2\/media?parent=2781"}],"curies":[{"name":"wp","href":"https:\/\/api.w.org\/{rel}","templated":true}]}}