{"id":2783,"date":"2017-12-04T14:18:54","date_gmt":"2017-12-04T14:18:54","guid":{"rendered":"http:\/\/www.encontrabelohorizonte.com.br\/sobre\/?page_id=2783"},"modified":"2017-12-04T14:39:54","modified_gmt":"2017-12-04T14:39:54","slug":"aabb-belo-horizonte","status":"publish","type":"page","link":"https:\/\/www.encontrabelohorizonte.com.br\/sobre\/aabb-belo-horizonte\/","title":{"rendered":"AABB Belo Horizonte"},"content":{"rendered":"<div class=\"2e083cf0b19e2c11948dc6ac054ba979\" data-index=\"1\" style=\"float: none; margin:0px;\">\n<!-- Anuncio display - global -->\r\n<ins class=\"adsbygoogle\"\r\n     style=\"display:block\"\r\n     data-ad-client=\"ca-pub-8585364105181520\"\r\n     data-ad-slot=\"8789329856\"\r\n     data-ad-format=\"auto\"\r\n     data-full-width-responsive=\"true\"><\/ins>\r\n<script>\r\n     (adsbygoogle = window.adsbygoogle || []).push({});\r\n<\/script>\n<\/div>\n<p>A Sede da<strong> AABB Belo Horizonte<\/strong> na Pampulha hoje \u00e9 nacionalmente reconhecida como um verdadeiro imp\u00e9rio numa alta concep\u00e7\u00e3o de lazer principalmente por sua riqueza natural e sua localiza\u00e7\u00e3o e dimens\u00e3o territorial.<\/p>\n<p>Sua \u00e1rea territorial de 120.000 m2, recebeu, neste mais de meio s\u00e9culo de exist\u00eancia, instala\u00e7\u00f5es das mais diversas para atender as expectativas e exig\u00eancias de seus associados.<\/p>\n<p><img loading=\"lazy\" decoding=\"async\" class=\"alignnone wp-image-2784 size-full\" title=\"AABB Belo Horizonte\" src=\"https:\/\/www.encontrabelohorizonte.com.br\/sobre\/wp-content\/uploads\/aabb-belo-horizonte.jpg\" alt=\"AABB Belo Horizonte\" width=\"680\" height=\"189\" srcset=\"https:\/\/www.encontrabelohorizonte.com.br\/sobre\/wp-content\/uploads\/aabb-belo-horizonte.jpg 680w, https:\/\/www.encontrabelohorizonte.com.br\/sobre\/wp-content\/uploads\/aabb-belo-horizonte-300x83.jpg 300w\" sizes=\"auto, (max-width: 680px) 100vw, 680px\" \/><\/p>\n<p>Em 1982, durante a Administra\u00e7\u00e3o do Sr. Affonso Franco, al\u00e9m de v\u00e1rias outras obras, foi constru\u00eddo o Gin\u00e1sio Poliesportivo, um dos mais completos de Belo Horizonte, com capacidade de aproximadamente 3.000 pessoas, onde se realizam jogos de v\u00e1rias modalidades, inclusive oficiais.<\/p>\n<p>Atualmente, estes 120.000 m2 se divide em sede social, campo de futebol oficial, parque aqu\u00e1tico, quadra coberta para jogos de peteca, complexo esportivo de t\u00eanis, quadras de v\u00f4lei de areia, campos de futebol so\u00e7aite, quadras de v\u00f4lei, peteca e basquete, al\u00e9m de \u00e1rea preservada de bosque, de 20.000 m\u00b2 com churrasqueiras.<\/p>\n<p>Possui ainda biciclet\u00e1rio, saunas, ambulat\u00f3rio, alojamento para atletas no gin\u00e1sio poliesportivo, sal\u00e3o de jogos e sal\u00e3o de sinuca.<\/p>\n<h2>AABB Belo Horizonte R\u00e9veillon<\/h2>\n<p>O <span style=\"text-decoration: underline;\">r\u00e9veillon<\/span> da AABB \u00e9 um evento open bar e food com direito a salgados finos, prato quente, bombons, mesa de caf\u00e9, \u00e1gua, cerveja, refrigerante e frisante. A atra\u00e7\u00e3o musical fica a encargo da Banda H FOX.<\/p>\n<p>Os ingressos est\u00e3o \u00e0 venda na AABB entre no site e consulte<\/p>\n<h3>Endere\u00e7o e Telefone AABB Belo Horizonte<\/h3>\n<ul>\n<li>Av. Otac\u00edlio Negr\u00e3o de Lima, 11840 &#8211; Pampulha &#8211; Belo Horizonte &#8211; MG<\/li>\n<li>Telefone: (31) 3490-9900<\/li>\n<\/ul>\n<h3>Hor\u00e1rio de funcionamento AABB Belo Horizonte<\/h3>\n<ul>\n<li>Ter\u00e7a e quinta das 08h \u00e0s 22h<\/li>\n<li>Quarta, sexta, s\u00e1bado e domingo das 08h \u00e0s 18h<\/li>\n<\/ul>\n<h4>Outras informa\u00e7\u00f5es e site<\/h4>\n<p>Mais informa\u00e7\u00f5es:\u00a0<a href=\"http:\/\/www.belohorizonte.aabb.com.br\" target=\"_blank\" rel=\"noopener noreferrer\">www.belohorizonte.aabb.com.br<\/a><\/p>\n<h4>Mapa de localiza\u00e7\u00e3o<\/h4>\n<a class=\"wp-colorbox-iframe\" href=\"https:\/\/www.google.com\/maps\/embed?pb=!1m14!1m8!1m3!1d15011.498276897531!2d-43.9989151!3d-19.8452595!3m2!1i1024!2i768!4f13.1!3m3!1m2!1s0x00x41a8dd99a1c4fc65!2sAABB-Associao+Atltica+Banco+do+Brasil!5e0!3m2!1spt-BR!2sbr!4v1512392819841\"><img decoding=\"async\" src=\"http:\/\/www.encontrabelohorizonte.com.br\/imgs\/maps-post.png\"><\/a>\n\n<div style=\"font-size: 0px; height: 0px; line-height: 0px; margin: 0; padding: 0; clear: both;\"><\/div>","protected":false},"excerpt":{"rendered":"<p>A Sede da AABB Belo Horizonte na Pampulha hoje \u00e9 nacionalmente reconhecida como um verdadeiro imp\u00e9rio numa alta concep\u00e7\u00e3o de lazer principalmente por sua riqueza natural e sua localiza\u00e7\u00e3o e dimens\u00e3o territorial. Sua \u00e1rea territorial de 120.000 m2, recebeu, neste mais de meio s\u00e9culo de exist\u00eancia, instala\u00e7\u00f5es das mais diversas para atender as expectativas e exig\u00eancias de seus associados. Em 1982, durante a Administra\u00e7\u00e3o do Sr. Affonso Franco, al\u00e9m de v\u00e1rias outras obras, foi constru\u00eddo o Gin\u00e1sio Poliesportivo, um dos mais completos de Belo Horizonte, com capacidade de aproximadamente 3.000 pessoas, onde se realizam jogos de v\u00e1rias modalidades, inclusive oficiais. <\/p>\n","protected":false},"author":1,"featured_media":0,"parent":0,"menu_order":0,"comment_status":"closed","ping_status":"closed","template":"","meta":{"footnotes":""},"class_list":["post-2783","page","type-page","status-publish","hentry"],"aioseo_notices":[],"_links":{"self":[{"href":"https:\/\/www.encontrabelohorizonte.com.br\/sobre\/wp-json\/wp\/v2\/pages\/2783","targetHints":{"allow":["GET"]}}],"collection":[{"href":"https:\/\/www.encontrabelohorizonte.com.br\/sobre\/wp-json\/wp\/v2\/pages"}],"about":[{"href":"https:\/\/www.encontrabelohorizonte.com.br\/sobre\/wp-json\/wp\/v2\/types\/page"}],"author":[{"embeddable":true,"href":"https:\/\/www.encontrabelohorizonte.com.br\/sobre\/wp-json\/wp\/v2\/users\/1"}],"replies":[{"embeddable":true,"href":"https:\/\/www.encontrabelohorizonte.com.br\/sobre\/wp-json\/wp\/v2\/comments?post=2783"}],"version-history":[{"count":0,"href":"https:\/\/www.encontrabelohorizonte.com.br\/sobre\/wp-json\/wp\/v2\/pages\/2783\/revisions"}],"wp:attachment":[{"href":"https:\/\/www.encontrabelohorizonte.com.br\/sobre\/wp-json\/wp\/v2\/media?parent=2783"}],"curies":[{"name":"wp","href":"https:\/\/api.w.org\/{rel}","templated":true}]}}