{"id":2802,"date":"2017-12-04T21:35:29","date_gmt":"2017-12-04T21:35:29","guid":{"rendered":"http:\/\/www.encontrabelohorizonte.com.br\/sobre\/?page_id=2802"},"modified":"2017-12-04T21:41:31","modified_gmt":"2017-12-04T21:41:31","slug":"oitava-igreja-presbiteriana-de-belo-horizonte","status":"publish","type":"page","link":"https:\/\/www.encontrabelohorizonte.com.br\/sobre\/oitava-igreja-presbiteriana-de-belo-horizonte\/","title":{"rendered":"Oitava Igreja Presbiteriana de Belo Horizonte"},"content":{"rendered":"<div class=\"2e083cf0b19e2c11948dc6ac054ba979\" data-index=\"1\" style=\"float: none; margin:0px;\">\n<!-- Anuncio display - global -->\r\n<ins class=\"adsbygoogle\"\r\n     style=\"display:block\"\r\n     data-ad-client=\"ca-pub-8585364105181520\"\r\n     data-ad-slot=\"8789329856\"\r\n     data-ad-format=\"auto\"\r\n     data-full-width-responsive=\"true\"><\/ins>\r\n<script>\r\n     (adsbygoogle = window.adsbygoogle || []).push({});\r\n<\/script>\n<\/div>\n<p>A <strong>Oitava Igreja Presbiteriana de Belo Horizonte<\/strong> \u00e9 uma igreja b\u00edblica, contempor\u00e2nea, acolhedora de pessoas, presente na cidade e parceira na evangeliza\u00e7\u00e3o do mundo.<\/p>\n<p>Criada em 25 de maio de 1969, a Oitava Igreja nasceu do desejo do cora\u00e7\u00e3o de pessoas inspiradas pelo prop\u00f3sito soberano do Senhor Jesus Cristo.<\/p>\n<p><img loading=\"lazy\" decoding=\"async\" class=\"alignnone wp-image-2803 size-full\" title=\"Oitava Igreja Presbiteriana de Belo Horizonte \" src=\"https:\/\/www.encontrabelohorizonte.com.br\/sobre\/wp-content\/uploads\/oitava-igreja-presbiteriana-belo-horizonte.jpg\" alt=\"Oitava Igreja Presbiteriana de Belo Horizonte \" width=\"680\" height=\"189\" srcset=\"https:\/\/www.encontrabelohorizonte.com.br\/sobre\/wp-content\/uploads\/oitava-igreja-presbiteriana-belo-horizonte.jpg 680w, https:\/\/www.encontrabelohorizonte.com.br\/sobre\/wp-content\/uploads\/oitava-igreja-presbiteriana-belo-horizonte-300x83.jpg 300w\" sizes=\"auto, (max-width: 680px) 100vw, 680px\" \/><\/p>\n<p>H\u00e1 quase 50 anos, uma congrega\u00e7\u00e3o. E hoje, por gra\u00e7a soberana de Deus, uma comunidade, que desde seu in\u00edcio segue firme nos prop\u00f3sitos de levar a mensagem do evangelho e amor de Cristo por todo mundo.<\/p>\n<h2>Oitava Igreja Presbiteriana de Belo Horizonte Culto Online<\/h2>\n<p>O culto a Deus realizado na Oitava Igreja \u00e9 centrado totalmente em princ\u00edpios b\u00edblicos, isto \u00e9, nada \u00e9 feito que n\u00e3o seja expressamente fundamentado pelas Escrituras.<\/p>\n<p>Outros princ\u00edpios s\u00e3o o acolhimento, a contemporaneidade (a busca em comunicar o Evangelho de Nosso Senhor Jesus de forma que essa gera\u00e7\u00e3o ou\u00e7a, compreenda e obede\u00e7a), a rever\u00eancia, a centralidade da Palavra e dos sacramentos, o equil\u00edbrio entre raz\u00e3o e emo\u00e7\u00e3o, sendo, ainda, alegre, fervoroso e profundamente espiritual.<\/p>\n<p>\u00c9 um culto teoc\u00eantrico, ou seja, Deus, o Criador dos c\u00e9us e da terra \u00e9 a raz\u00e3o e sustenta\u00e7\u00e3o de nossa adora\u00e7\u00e3o e celebra\u00e7\u00e3o. A ess\u00eancia do nosso culto \u00e9 o Trino Deus revelado nas Sagradas Escrituras.<\/p>\n<p>Nesse <a href=\"https:\/\/www.oitavaigreja.org.br\/videos\" target=\"_blank\" rel=\"noopener noreferrer\">link <\/a>voc\u00ea poder\u00e1 ver datas dos pr\u00f3ximos <span style=\"text-decoration: underline;\">cultos online<\/span>.<\/p>\n<h3>Oitava Igreja Presbiteriana de Belo Horizonte Casamento<\/h3>\n<p>Para <em>casar<\/em> na Oitava Igreja Presbiteriana de Belo Horizonte um dos noivos deve ser membro da Oitava Igreja.<\/p>\n<p>Voc\u00ea deve fazer o\u00a0<span style=\"text-decoration: underline;\">Agendamento de Casamento<\/span> atrav\u00e9s do <a href=\"http:\/\/calendario.oitavaigreja.org.br\/schedule\/login\/oitavaigreja\" target=\"_blank\" rel=\"noopener noreferrer\">link<\/a>. Veja se a data de desejo est\u00e1 dispon\u00edvel. Se sim, fa\u00e7a a solicita\u00e7\u00e3o.<\/p>\n<p>Algu\u00e9m da equipe entrar\u00e1 em contato com voc\u00ea por email para confirmar as informa\u00e7\u00f5es e se tudo estiver correto, voc\u00ea dever\u00e1 trazer os documentos necess\u00e1rios para o agendamento final.<\/p>\n<h3>Boletim da Oitava Igreja Presbiteriana de Belo Horizonte<\/h3>\n<p>No <a href=\"http:\/\/www.oitavaigreja.org.br\/boletim-online\/\" target=\"_blank\" rel=\"noopener noreferrer\">link<\/a> voc\u00ea tem acesso aos <em>boletins online <\/em>semanais.<\/p>\n<h3>Hor\u00e1rio de funcionamento Oitava Igreja Presbiteriana de Belo Horizonte<\/h3>\n<p>Para ter acesso aos hor\u00e1rios de cultos, escolas b\u00edblicas, reuni\u00f5es de ora\u00e7\u00f5es etc.<br \/>\nAcesse a <a href=\"https:\/\/www.oitavaigreja.org.br\/a-igreja\/agenda\/\" target=\"_blank\" rel=\"noopener noreferrer\">agenda<\/a> Oitava Igreja Presbiteriana de Belo Horizonte.<\/p>\n<h3>Endere\u00e7o e Telefone Oitava Igreja Presbiteriana de Belo Horizonte<\/h3>\n<ul>\n<li>R. Nestor Soares de Melo, 15 &#8211; Palmares &#8211; Belo Horizonte &#8211; MG<\/li>\n<li>Telefone: (31) 3449-8600<\/li>\n<\/ul>\n<h4>Outras informa\u00e7\u00f5es e site<\/h4>\n<p>Mais informa\u00e7\u00f5es:\u00a0<a href=\"http:\/\/www.oitavaigreja.org.br\" target=\"_blank\" rel=\"noopener noreferrer\">www.oitavaigreja.org.br<\/a><\/p>\n<h4>Mapa de localiza\u00e7\u00e3o<\/h4>\n<a class=\"wp-colorbox-iframe\" href=\"https:\/\/www.google.com\/maps\/embed?pb=!1m14!1m8!1m3!1d15008.712751880255!2d-43.9290438!3d-19.8746964!3m2!1i1024!2i768!4f13.1!3m3!1m2!1s0x00x5294a0301f619653!2sOitava+Igreja+Presbiteriana+de+Belo+Horizonte!5e0!3m2!1spt-BR!2sbr!4v1512420016311\"><img decoding=\"async\" src=\"http:\/\/www.encontrabelohorizonte.com.br\/imgs\/maps-post.png\"><\/a>\n\n<div style=\"font-size: 0px; height: 0px; line-height: 0px; margin: 0; padding: 0; clear: both;\"><\/div>","protected":false},"excerpt":{"rendered":"<p>A Oitava Igreja Presbiteriana de Belo Horizonte \u00e9 uma igreja b\u00edblica, contempor\u00e2nea, acolhedora de pessoas, presente na cidade e parceira na evangeliza\u00e7\u00e3o do mundo. Criada em 25 de maio de 1969, a Oitava Igreja nasceu do desejo do cora\u00e7\u00e3o de pessoas inspiradas pelo prop\u00f3sito soberano do Senhor Jesus Cristo. H\u00e1 quase 50 anos, uma congrega\u00e7\u00e3o. E hoje, por gra\u00e7a soberana de Deus, uma comunidade, que desde seu in\u00edcio segue firme nos prop\u00f3sitos de levar a mensagem do evangelho e amor de Cristo por todo mundo. Oitava Igreja Presbiteriana de Belo Horizonte Culto Online O culto a Deus realizado na Oitava <\/p>\n","protected":false},"author":1,"featured_media":0,"parent":0,"menu_order":0,"comment_status":"closed","ping_status":"closed","template":"","meta":{"footnotes":""},"class_list":["post-2802","page","type-page","status-publish","hentry"],"aioseo_notices":[],"_links":{"self":[{"href":"https:\/\/www.encontrabelohorizonte.com.br\/sobre\/wp-json\/wp\/v2\/pages\/2802","targetHints":{"allow":["GET"]}}],"collection":[{"href":"https:\/\/www.encontrabelohorizonte.com.br\/sobre\/wp-json\/wp\/v2\/pages"}],"about":[{"href":"https:\/\/www.encontrabelohorizonte.com.br\/sobre\/wp-json\/wp\/v2\/types\/page"}],"author":[{"embeddable":true,"href":"https:\/\/www.encontrabelohorizonte.com.br\/sobre\/wp-json\/wp\/v2\/users\/1"}],"replies":[{"embeddable":true,"href":"https:\/\/www.encontrabelohorizonte.com.br\/sobre\/wp-json\/wp\/v2\/comments?post=2802"}],"version-history":[{"count":0,"href":"https:\/\/www.encontrabelohorizonte.com.br\/sobre\/wp-json\/wp\/v2\/pages\/2802\/revisions"}],"wp:attachment":[{"href":"https:\/\/www.encontrabelohorizonte.com.br\/sobre\/wp-json\/wp\/v2\/media?parent=2802"}],"curies":[{"name":"wp","href":"https:\/\/api.w.org\/{rel}","templated":true}]}}