{"id":2816,"date":"2017-12-05T13:38:57","date_gmt":"2017-12-05T13:38:57","guid":{"rendered":"http:\/\/www.encontrabelohorizonte.com.br\/sobre\/?page_id=2816"},"modified":"2017-12-05T14:12:48","modified_gmt":"2017-12-05T14:12:48","slug":"tribunal-de-justica-de-belo-horizonte","status":"publish","type":"page","link":"https:\/\/www.encontrabelohorizonte.com.br\/sobre\/tribunal-de-justica-de-belo-horizonte\/","title":{"rendered":"Tribunal de Justi\u00e7a de Belo Horizonte"},"content":{"rendered":"<div class=\"2e083cf0b19e2c11948dc6ac054ba979\" data-index=\"1\" style=\"float: none; margin:0px;\">\n<!-- Anuncio display - global -->\r\n<ins class=\"adsbygoogle\"\r\n     style=\"display:block\"\r\n     data-ad-client=\"ca-pub-8585364105181520\"\r\n     data-ad-slot=\"8789329856\"\r\n     data-ad-format=\"auto\"\r\n     data-full-width-responsive=\"true\"><\/ins>\r\n<script>\r\n     (adsbygoogle = window.adsbygoogle || []).push({});\r\n<\/script>\n<\/div>\n<p>O <strong>Tribunal de Justi\u00e7a de Belo Horizonte<\/strong> \u00e9 o \u00f3rg\u00e3o superior da justi\u00e7a mineira e tem sede em Belo Horizonte e jurisdi\u00e7\u00e3o em todo o territ\u00f3rio mineiro.<\/p>\n<p>Por se tratar de um \u00f3rg\u00e3o da justi\u00e7a estadual, sua fun\u00e7\u00e3o \u00e9 julgar os casos que n\u00e3o sejam de compet\u00eancia da justi\u00e7a federal comum, do trabalho, eleitoral e militar.<\/p>\n<p>Quando um juiz de primeira inst\u00e2ncia profere uma senten\u00e7a e uma das partes n\u00e3o est\u00e1 de acordo com a decis\u00e3o, cabe o recurso em segunda inst\u00e2ncia.<\/p>\n<p><img loading=\"lazy\" decoding=\"async\" class=\"alignnone wp-image-2817 size-full\" title=\"Tribunal de Justi\u00e7a de Belo Horizonte\" src=\"https:\/\/www.encontrabelohorizonte.com.br\/sobre\/wp-content\/uploads\/tribunal-de-justica-belo-ho.jpg\" alt=\"Tribunal de Justi\u00e7a de Belo Horizonte\" width=\"680\" height=\"189\" srcset=\"https:\/\/www.encontrabelohorizonte.com.br\/sobre\/wp-content\/uploads\/tribunal-de-justica-belo-ho.jpg 680w, https:\/\/www.encontrabelohorizonte.com.br\/sobre\/wp-content\/uploads\/tribunal-de-justica-belo-ho-300x83.jpg 300w\" sizes=\"auto, (max-width: 680px) 100vw, 680px\" \/><\/p>\n<p>Nesse caso, o julgamento \u00e9 realizado novamente por colegiado de desembargadores do Tribunal de Justi\u00e7a do estado. Esta decis\u00e3o, tomada por meio de votos dos desembargadores, \u00e9 chamada de ac\u00f3rd\u00e3o e pode, ou n\u00e3o, manter a primeira senten\u00e7a.<\/p>\n<p>Ao todo s\u00e3o previstos 140 cargos de desembargador no Tribunal de Justi\u00e7a. Quatro quintos dos desembargadores do Tribunal de Justi\u00e7a s\u00e3o ju\u00edzes de carreira, promovidos por antiguidade ou merecimento, enquanto um quinto dos lugares \u00e9 preenchido por advogados e membros do Minist\u00e9rio P\u00fablico.<\/p>\n<h2>Tribunal de Justi\u00e7a de Belo Horizonte Andamento Processual<\/h2>\n<p>A lista de <em>processos<\/em> aptos a julgamento dever\u00e1 estar permanentemente \u00e0 disposi\u00e7\u00e3o para consulta p\u00fablica em cart\u00f3rio e na rede mundial de computadores.<\/p>\n<p>A consulta poder\u00e1 ser realizada por meio do <a href=\"http:\/\/www9.tjmg.jus.br\/portal\/processos\/andamento-processual\/\" target=\"_blank\" rel=\"noopener noreferrer\">link<\/a>.<\/p>\n<h3>Tribunal de Justi\u00e7a de Belo Horizonte Concurso<\/h3>\n<p>O Tribunal de Justi\u00e7a de Belo Horizonte realiza periodicamente <span style=\"text-decoration: underline;\">concursos p\u00fablicos<\/span> com oportunidades para diversos cargos.<\/p>\n<p>Para acompanhar o andamento e obter maiores informa\u00e7\u00f5es sobre vagas, consulte o site da <a href=\"http:\/\/www.consulplan.net\" target=\"_blank\" rel=\"noopener noreferrer\">Consulplan<\/a> com cronogramas e outras especificidades dos <span style=\"text-decoration: underline;\">concursos p\u00fablicos<\/span> e processos seletivos que ocorrem.<\/p>\n<h3>Tribunal de Justi\u00e7a de Belo Horizonte Est\u00e1gios<\/h3>\n<p>Periodicamente acontece processo de sele\u00e7\u00e3o de <span style=\"text-decoration: underline;\">estagi\u00e1rios<\/span> dos cursos de gradua\u00e7\u00e3o em Direito, Psicologia e Servi\u00e7o Social, para vagas na Secretaria do TJMG.<\/p>\n<p>Para verificar se tem algum processo seletivo aberto acesse o site da <a href=\"http:\/\/seapconcursos.com.br\" target=\"_blank\" rel=\"noopener noreferrer\">Seap<\/a> &#8211; Consultoria e Concursos P\u00fablicos.<\/p>\n<h3>Hor\u00e1rio de Funcionamento Tribunal de Justi\u00e7a de Belo Horizonte<\/h3>\n<ul>\n<li><strong>Afonso Pena<\/strong> &#8211; Segunda a sexta das 08h \u00e0s 18h30<\/li>\n<li><strong>Corregedoria Geral de Justi\u00e7a<\/strong> &#8211; Segunda a sexta das 08h \u00e0s 18h30<\/li>\n<li><strong>Juizado Especial C\u00edvel e da Fazenda P\u00fablica<\/strong> &#8211; Segunda a sexta das 07h30 \u00e0s 18h30<\/li>\n<li><strong>TJMG<\/strong> &#8211; Segunda a sexta das 08h \u00e0s 18h<\/li>\n<\/ul>\n<h3>Endere\u00e7o e Telefone Tribunal de Justi\u00e7a de Belo Horizonte<\/h3>\n<ul>\n<li><strong>Afonso Pena<\/strong> &#8211; Av. Afonso Pena, 4001 &#8211; Serra &#8211; Tel.: (31) 3306-3100<\/li>\n<li><strong>Corregedoria Geral de Justi\u00e7a<\/strong> &#8211; R. Goi\u00e1s, 253 &#8211; Centro &#8211; Tel.: (31) 3237-6100<\/li>\n<li><strong>Juizado Especial C\u00edvel e da Fazenda P\u00fablica<\/strong> &#8211; Av. Francisco Sales, 1446 &#8211; Tel.: (31) 3289-9300<\/li>\n<li><strong>TJMG<\/strong> &#8211; Av. Raja Gab\u00e1glia, 1753 &#8211; Luxemburgo &#8211; Tel.: (31) 3299-4400<\/li>\n<\/ul>\n<h4>Outras informa\u00e7\u00f5es e site<\/h4>\n<p>Mais informa\u00e7\u00f5es:\u00a0<a href=\"http:\/\/www.tjmg.gov.br\" target=\"_blank\" rel=\"noopener noreferrer\">www.tjmg.gov.br<\/a><\/p>\n<h4>Mapa de localiza\u00e7\u00e3o TJMG<\/h4>\n<a class=\"wp-colorbox-iframe\" href=\"https:\/\/www.google.com\/maps\/embed?pb=!1m18!1m12!1m3!1d3750.420794196859!2d-43.9630958850851!3d-19.94879828659321!2m3!1f0!2f0!3f0!3m2!1i1024!2i768!4f13.1!3m3!1m2!1s0xa697985063da150x2cca46c6d2a9db94!2sAv.+Raja+Gabglia+1753+-+Cidade+Jardim+Belo+Horizonte+-+MG!5e0!3m2!1spt-BR!2sbr!4v1512478405512\"><img decoding=\"async\" src=\"http:\/\/www.encontrabelohorizonte.com.br\/imgs\/maps-post.png\"><\/a>\n\n<div style=\"font-size: 0px; height: 0px; line-height: 0px; margin: 0; padding: 0; clear: both;\"><\/div>","protected":false},"excerpt":{"rendered":"<p>O Tribunal de Justi\u00e7a de Belo Horizonte \u00e9 o \u00f3rg\u00e3o superior da justi\u00e7a mineira e tem sede em Belo Horizonte e jurisdi\u00e7\u00e3o em todo o territ\u00f3rio mineiro. Por se tratar de um \u00f3rg\u00e3o da justi\u00e7a estadual, sua fun\u00e7\u00e3o \u00e9 julgar os casos que n\u00e3o sejam de compet\u00eancia da justi\u00e7a federal comum, do trabalho, eleitoral e militar. Quando um juiz de primeira inst\u00e2ncia profere uma senten\u00e7a e uma das partes n\u00e3o est\u00e1 de acordo com a decis\u00e3o, cabe o recurso em segunda inst\u00e2ncia. Nesse caso, o julgamento \u00e9 realizado novamente por colegiado de desembargadores do Tribunal de Justi\u00e7a do estado. Esta <\/p>\n","protected":false},"author":1,"featured_media":0,"parent":0,"menu_order":0,"comment_status":"closed","ping_status":"closed","template":"","meta":{"footnotes":""},"class_list":["post-2816","page","type-page","status-publish","hentry"],"aioseo_notices":[],"_links":{"self":[{"href":"https:\/\/www.encontrabelohorizonte.com.br\/sobre\/wp-json\/wp\/v2\/pages\/2816","targetHints":{"allow":["GET"]}}],"collection":[{"href":"https:\/\/www.encontrabelohorizonte.com.br\/sobre\/wp-json\/wp\/v2\/pages"}],"about":[{"href":"https:\/\/www.encontrabelohorizonte.com.br\/sobre\/wp-json\/wp\/v2\/types\/page"}],"author":[{"embeddable":true,"href":"https:\/\/www.encontrabelohorizonte.com.br\/sobre\/wp-json\/wp\/v2\/users\/1"}],"replies":[{"embeddable":true,"href":"https:\/\/www.encontrabelohorizonte.com.br\/sobre\/wp-json\/wp\/v2\/comments?post=2816"}],"version-history":[{"count":0,"href":"https:\/\/www.encontrabelohorizonte.com.br\/sobre\/wp-json\/wp\/v2\/pages\/2816\/revisions"}],"wp:attachment":[{"href":"https:\/\/www.encontrabelohorizonte.com.br\/sobre\/wp-json\/wp\/v2\/media?parent=2816"}],"curies":[{"name":"wp","href":"https:\/\/api.w.org\/{rel}","templated":true}]}}