{"id":2818,"date":"2017-12-05T13:53:56","date_gmt":"2017-12-05T13:53:56","guid":{"rendered":"http:\/\/www.encontrabelohorizonte.com.br\/sobre\/?page_id=2818"},"modified":"2017-12-05T14:07:09","modified_gmt":"2017-12-05T14:07:09","slug":"galeria-do-ouvidor-belo-horizonte","status":"publish","type":"page","link":"https:\/\/www.encontrabelohorizonte.com.br\/sobre\/galeria-do-ouvidor-belo-horizonte\/","title":{"rendered":"Galeria do Ouvidor Belo Horizonte"},"content":{"rendered":"<div class=\"2e083cf0b19e2c11948dc6ac054ba979\" data-index=\"1\" style=\"float: none; margin:0px;\">\n<!-- Anuncio display - global -->\r\n<ins class=\"adsbygoogle\"\r\n     style=\"display:block\"\r\n     data-ad-client=\"ca-pub-8585364105181520\"\r\n     data-ad-slot=\"8789329856\"\r\n     data-ad-format=\"auto\"\r\n     data-full-width-responsive=\"true\"><\/ins>\r\n<script>\r\n     (adsbygoogle = window.adsbygoogle || []).push({});\r\n<\/script>\n<\/div>\n<p>Inaugurada em Mar\u00e7o de 1964. A <strong>Galeria do Ouvidor Belo Horizonte<\/strong> \u00e9 o primeiro grande centro comercial da cidade que durante anos foi principal refer\u00eancia para os consumidores de Belo Horizonte.<\/p>\n<p>Hoje, a qualquer hora do dia e da noite, o movimento nos corredores e nas lojas \u00e9 sempre grande: uma verdadeira multid\u00e3o que entra e sai, sobe e desce escadas \u00e0 procura de novidades em suas mais de 200 lojas.<\/p>\n<p><img loading=\"lazy\" decoding=\"async\" class=\"alignnone wp-image-2819 size-full\" title=\"Galeria do Ouvidor Belo Horizonte\" src=\"https:\/\/www.encontrabelohorizonte.com.br\/sobre\/wp-content\/uploads\/galeria-do-ouvidor-belo-hor.jpg\" alt=\"Galeria do Ouvidor Belo Horizonte\" width=\"680\" height=\"189\" srcset=\"https:\/\/www.encontrabelohorizonte.com.br\/sobre\/wp-content\/uploads\/galeria-do-ouvidor-belo-hor.jpg 680w, https:\/\/www.encontrabelohorizonte.com.br\/sobre\/wp-content\/uploads\/galeria-do-ouvidor-belo-hor-300x83.jpg 300w\" sizes=\"auto, (max-width: 680px) 100vw, 680px\" \/><\/p>\n<p>O nome do centro comercial teve a inspira\u00e7\u00e3o rua do Ouvidor, no Rio de Janeiro, movimentada via comercial, que por sua vez, homenageava um personagem existente na \u00e9poca do Imp\u00e9rio.<\/p>\n<p>Nomeado pelo Imperador com a fun\u00e7\u00e3o de ouvir do povo as reivindica\u00e7\u00f5es dos dirigentes imperiais. J\u00e1 nos seus primeiros anos, a Galeria do Ouvidor marcou \u00e9poca.<\/p>\n<p>Para oferecer a confian\u00e7a e fidelidade aos clientes e fregueses, a Galeria conta com aproximadamente 1.400 pessoas, entre empregados, empres\u00e1rios, que atendem uma m\u00e9dia de 40 a 45 mil freq\u00fcentadores di\u00e1rios.<\/p>\n<h2>Lojas de Artesanato na Galeria no Ouvidor em Belo Horizonte<\/h2>\n<p><em><span style=\"text-decoration: underline;\">Lojas de comercializa\u00e7\u00e3o de materiais para artesanatos e cursos<\/span><\/em>. Tintas para madeiras, pincel, acess\u00f3rios para biscuit, material para sabonetes e velas entre outros<\/p>\n<h3>Galeria do Ouvidor Belo Horizonte Lembrancinhas<\/h3>\n<p>Lojas que oferecem pe\u00e7as para montagem e <span style=\"text-decoration: underline;\">lembrancinhas<\/span> para festa em geral, caixas, garrafas, latinhas, tubetes, ta\u00e7as acr\u00edlicas.<\/p>\n<h3>Galeria do Ouvidor Belo Horizonte Cabelos<\/h3>\n<p>Fique mais bela, aqui voc\u00ea encontra <em>cabelos naturais<\/em>, cola de queratina, removedor, <em>cabelos sint\u00e9ticos<\/em>, last\u00e9x, rendinha, pr\u00f3tese, perucas, cosm\u00e9ticos.<\/p>\n<h3>Galeria do Ouvidor Belo Horizonte Lojas<\/h3>\n<p>A Galeria do Ouvidor Conta com mais de <span style=\"text-decoration: underline;\">200 lojas<\/span> diferenciadas para atender a todos.<\/p>\n<p>Listagem das <em>lojas<\/em> no <a href=\"http:\/\/www.galeriaouvidorbh.com.br\/lojas\" target=\"_blank\" rel=\"noopener noreferrer\">link<\/a>.<\/p>\n<h3>Hor\u00e1rio de Funcionamento Galeria do Ouvidor Belo Horizonte<\/h3>\n<ul>\n<li>Segunda a sexta das 9h \u00e0s 19h<\/li>\n<li>S\u00e1bado das 9h \u00e0s 14h<\/li>\n<\/ul>\n<h3>Endere\u00e7o e Telefone Galeria do Ouvidor Belo Horizonte<\/h3>\n<ul>\n<li>R. S\u00e3o Paulo, 656 &#8211; Centro &#8211; Belo Horizonte &#8211; MG<\/li>\n<li>Telefone: (31) 3201-0943<\/li>\n<\/ul>\n<h4>Outras informa\u00e7\u00f5es e site<\/h4>\n<p>Mais informa\u00e7\u00f5es:\u00a0<a href=\"http:\/\/www.galeriaouvidorbh.com.br\" target=\"_blank\" rel=\"noopener noreferrer\">www.galeriaouvidorbh.com.br<\/a><\/p>\n<h4>Mapa de localiza\u00e7\u00e3o<\/h4>\n<a class=\"wp-colorbox-iframe\" href=\"https:\/\/www.google.com\/maps\/embed?pb=!1m14!1m8!1m3!1d15004.485343331!2d-43.9401684!3d-19.9192911!3m2!1i1024!2i768!4f13.1!3m3!1m2!1s0x00x1326b7c645db3d2e!2sGaleria+Ouvidor!5e0!3m2!1spt-BR!2sbr!4v1512481002105\"><img decoding=\"async\" src=\"http:\/\/www.encontrabelohorizonte.com.br\/imgs\/maps-post.png\"><\/a>\n\n<div style=\"font-size: 0px; height: 0px; line-height: 0px; margin: 0; padding: 0; clear: both;\"><\/div>","protected":false},"excerpt":{"rendered":"<p>Inaugurada em Mar\u00e7o de 1964. A Galeria do Ouvidor Belo Horizonte \u00e9 o primeiro grande centro comercial da cidade que durante anos foi principal refer\u00eancia para os consumidores de Belo Horizonte. Hoje, a qualquer hora do dia e da noite, o movimento nos corredores e nas lojas \u00e9 sempre grande: uma verdadeira multid\u00e3o que entra e sai, sobe e desce escadas \u00e0 procura de novidades em suas mais de 200 lojas. O nome do centro comercial teve a inspira\u00e7\u00e3o rua do Ouvidor, no Rio de Janeiro, movimentada via comercial, que por sua vez, homenageava um personagem existente na \u00e9poca do <\/p>\n","protected":false},"author":1,"featured_media":0,"parent":0,"menu_order":0,"comment_status":"closed","ping_status":"closed","template":"","meta":{"footnotes":""},"class_list":["post-2818","page","type-page","status-publish","hentry"],"aioseo_notices":[],"_links":{"self":[{"href":"https:\/\/www.encontrabelohorizonte.com.br\/sobre\/wp-json\/wp\/v2\/pages\/2818","targetHints":{"allow":["GET"]}}],"collection":[{"href":"https:\/\/www.encontrabelohorizonte.com.br\/sobre\/wp-json\/wp\/v2\/pages"}],"about":[{"href":"https:\/\/www.encontrabelohorizonte.com.br\/sobre\/wp-json\/wp\/v2\/types\/page"}],"author":[{"embeddable":true,"href":"https:\/\/www.encontrabelohorizonte.com.br\/sobre\/wp-json\/wp\/v2\/users\/1"}],"replies":[{"embeddable":true,"href":"https:\/\/www.encontrabelohorizonte.com.br\/sobre\/wp-json\/wp\/v2\/comments?post=2818"}],"version-history":[{"count":0,"href":"https:\/\/www.encontrabelohorizonte.com.br\/sobre\/wp-json\/wp\/v2\/pages\/2818\/revisions"}],"wp:attachment":[{"href":"https:\/\/www.encontrabelohorizonte.com.br\/sobre\/wp-json\/wp\/v2\/media?parent=2818"}],"curies":[{"name":"wp","href":"https:\/\/api.w.org\/{rel}","templated":true}]}}