{"id":2832,"date":"2017-12-05T17:44:38","date_gmt":"2017-12-05T17:44:38","guid":{"rendered":"http:\/\/www.encontrabelohorizonte.com.br\/sobre\/?page_id=2832"},"modified":"2017-12-05T17:49:39","modified_gmt":"2017-12-05T17:49:39","slug":"guarda-municipal-de-belo-horizonte","status":"publish","type":"page","link":"https:\/\/www.encontrabelohorizonte.com.br\/sobre\/guarda-municipal-de-belo-horizonte\/","title":{"rendered":"Guarda Municipal de Belo Horizonte"},"content":{"rendered":"<div class=\"2e083cf0b19e2c11948dc6ac054ba979\" data-index=\"1\" style=\"float: none; margin:0px;\">\n<!-- Anuncio display - global -->\r\n<ins class=\"adsbygoogle\"\r\n     style=\"display:block\"\r\n     data-ad-client=\"ca-pub-8585364105181520\"\r\n     data-ad-slot=\"8789329856\"\r\n     data-ad-format=\"auto\"\r\n     data-full-width-responsive=\"true\"><\/ins>\r\n<script>\r\n     (adsbygoogle = window.adsbygoogle || []).push({});\r\n<\/script>\n<\/div>\n<p>Criada em 2003 por meio da lei 8.486, a <strong>Guarda Municipal de Belo Horizonte<\/strong> (GMBH) j\u00e1 se consolidou como uma institui\u00e7\u00e3o de seguran\u00e7a com voca\u00e7\u00e3o comunit\u00e1ria, que atua pr\u00f3ximo aos cidad\u00e3os e usu\u00e1rios dos servi\u00e7os p\u00fablicos municipais.<\/p>\n<p>Subordinada \u00e0 Secretaria Municipal de Seguran\u00e7a Urbana e Patrimonial, a GMBH tem atualmente 2.117 agentes, que trabalham para garantir a seguran\u00e7a dos \u00f3rg\u00e3os p\u00fablicos e do patrim\u00f4nio municipal.<\/p>\n<p><img loading=\"lazy\" decoding=\"async\" class=\"alignnone wp-image-2833 size-full\" title=\"Guarda Municipal de Belo Horizonte\" src=\"https:\/\/www.encontrabelohorizonte.com.br\/sobre\/wp-content\/uploads\/guarda-municipal-de-belo-ho.jpg\" alt=\"Guarda Municipal de Belo Horizonte\" width=\"680\" height=\"189\" srcset=\"https:\/\/www.encontrabelohorizonte.com.br\/sobre\/wp-content\/uploads\/guarda-municipal-de-belo-ho.jpg 680w, https:\/\/www.encontrabelohorizonte.com.br\/sobre\/wp-content\/uploads\/guarda-municipal-de-belo-ho-300x83.jpg 300w\" sizes=\"auto, (max-width: 680px) 100vw, 680px\" \/><\/p>\n<p>A GMBH est\u00e1 presente nas escolas, nas unidades de sa\u00fade, pra\u00e7as, jardins e parques municipais e em v\u00e1rios outros equipamentos e servi\u00e7os p\u00fablicos municipais.<\/p>\n<p>Com o objetivo de fortalecer os la\u00e7os de identidade, civismo e de sentimento comunit\u00e1rio junto \u00e0 popula\u00e7\u00e3o, a GMBH desenvolve v\u00e1rios projetos que contam com a participa\u00e7\u00e3o efetiva dos seus agentes.<\/p>\n<p>Um deles \u00e9 a Banda de M\u00fasica, formada por 36 m\u00fasicos e que realiza, durante todo ano, com uma agenda concorrida, v\u00e1rias apresenta\u00e7\u00f5es em Belo Horizonte. O repert\u00f3rio \u00e9 composto por can\u00e7\u00f5es nacionais e estrangeiras e tem o objetivo de atender um p\u00fablico variado.<\/p>\n<h2>Guarda Municipal de Belo Horizonte Concurso<\/h2>\n<p>Quem tem interesse em ingressar na Guarda Municipal de Belo Horizonte deve se preparar o quanto antes, pois periodicamente ocorrem <em>concursos p\u00fablicos.<\/em><\/p>\n<p>O <em>concurso<\/em> visa o aumento do efetivo da corpora\u00e7\u00e3o para melhoria da Seguran\u00e7a P\u00fablica do munic\u00edpio.<\/p>\n<p>Para acompanhar o andamento e obter maiores informa\u00e7\u00f5es sobre vagas, consulte o site da <a href=\"http:\/\/www.consulplan.net\" target=\"_blank\" rel=\"noopener noreferrer\">Consulplan<\/a> com cronogramas e outras especificidades dos concursos p\u00fablicos e processos seletivos que ocorrem.<\/p>\n<h3>Guarda Municipal de Belo Horizonte Armada<\/h3>\n<p>Criada em 2003, a Guarda Municipal de Belo Horizonte come\u00e7ou a trabalhar <span style=\"text-decoration: underline;\">armada<\/span> em 2016, pondo fim a uma novela que durou quase uma d\u00e9cada. O <span style=\"text-decoration: underline;\">armamento &#8211; rev\u00f3lveres calibre 38 e pistolas 380<\/span> &#8211; foi adquirido pelo munic\u00edpio em 2006.<\/p>\n<p>O <span style=\"text-decoration: underline;\">porte de arma<\/span> \u00e9 uma reivindica\u00e7\u00e3o antiga dos guardas municipais. Antes de receber a autoriza\u00e7\u00e3o para portar os <em>rev\u00f3lveres ou pistolas<\/em>, cada agente passou por treinamento. Eles tiveram aulas de uso progressivo da for\u00e7a, primeiros socorros, manuseio de <em>armas e t\u00e9cnicas de tiro<\/em>, submetendo-se a todos procedimentos recomendados pela Secretaria Nacional de Seguran\u00e7a P\u00fablica.<\/p>\n<p>Foram, ainda, submetidos a testes psicot\u00e9cnicos, como prev\u00ea a legisla\u00e7\u00e3o que autoriza o <span style=\"text-decoration: underline;\">porte de arma<\/span> por parte das guardas municipais. Cada um passou pela pr\u00e1tica com 600 disparos.<\/p>\n<h3>Guarda Municipal de Belo Horizonte pode multar<\/h3>\n<p>O Supremo Tribunal Federal (STF) decidiu que a Guarda Municipal de Belo Horizonte pode fiscalizar as<em> infra\u00e7\u00f5es de tr\u00e2nsito<\/em> de forma geral na capital mineira.<\/p>\n<h3>Endere\u00e7o e Telefone Guarda Municipal de Belo Horizonte<\/h3>\n<ul>\n<li>Av. dos Andradas, 915 &#8211; Centro &#8211; Belo Horizonte &#8211; MG<\/li>\n<li>Telefone: (31) 3277-9256<\/li>\n<\/ul>\n<h4>Outras informa\u00e7\u00f5es e site<\/h4>\n<p>Mais informa\u00e7\u00f5es:\u00a0<a href=\"http:\/\/www.belohorizontemais.com.br\/bairro-centro\/orgaos-governamentais\/Orgaos-municipais\/1298\/guarda-municipal-de-belo-horizonte-gmbh\/\" target=\"_blank\" rel=\"noopener noreferrer\">www.belohorizontemais.com.br<\/a><\/p>\n<h4>Mapa de localiza\u00e7\u00e3o<\/h4>\n<a class=\"wp-colorbox-iframe\" href=\"https:\/\/www.google.com\/maps\/embed?pb=!1m18!1m12!1m3!1d3751.0598098491982!2d-43.93452598508557!3d-19.921884286608286!2m3!1f0!2f0!3f0!3m2!1i1024!2i768!4f13.1!3m3!1m2!1s0xa699f028068bcf0xb9aaab571d90a6bc!2sAv.+dos+Andradas+915+-+Centro+Belo+Horizonte+-+MG+30120-010!5e0!3m2!1spt-BR!2sbr!4v1512490513196\"><img decoding=\"async\" src=\"http:\/\/www.encontrabelohorizonte.com.br\/imgs\/maps-post.png\"><\/a>\n\n<div style=\"font-size: 0px; height: 0px; line-height: 0px; margin: 0; padding: 0; clear: both;\"><\/div>","protected":false},"excerpt":{"rendered":"<p>Criada em 2003 por meio da lei 8.486, a Guarda Municipal de Belo Horizonte (GMBH) j\u00e1 se consolidou como uma institui\u00e7\u00e3o de seguran\u00e7a com voca\u00e7\u00e3o comunit\u00e1ria, que atua pr\u00f3ximo aos cidad\u00e3os e usu\u00e1rios dos servi\u00e7os p\u00fablicos municipais. Subordinada \u00e0 Secretaria Municipal de Seguran\u00e7a Urbana e Patrimonial, a GMBH tem atualmente 2.117 agentes, que trabalham para garantir a seguran\u00e7a dos \u00f3rg\u00e3os p\u00fablicos e do patrim\u00f4nio municipal. A GMBH est\u00e1 presente nas escolas, nas unidades de sa\u00fade, pra\u00e7as, jardins e parques municipais e em v\u00e1rios outros equipamentos e servi\u00e7os p\u00fablicos municipais. Com o objetivo de fortalecer os la\u00e7os de identidade, civismo e <\/p>\n","protected":false},"author":1,"featured_media":0,"parent":0,"menu_order":0,"comment_status":"closed","ping_status":"closed","template":"","meta":{"footnotes":""},"class_list":["post-2832","page","type-page","status-publish","hentry"],"aioseo_notices":[],"_links":{"self":[{"href":"https:\/\/www.encontrabelohorizonte.com.br\/sobre\/wp-json\/wp\/v2\/pages\/2832","targetHints":{"allow":["GET"]}}],"collection":[{"href":"https:\/\/www.encontrabelohorizonte.com.br\/sobre\/wp-json\/wp\/v2\/pages"}],"about":[{"href":"https:\/\/www.encontrabelohorizonte.com.br\/sobre\/wp-json\/wp\/v2\/types\/page"}],"author":[{"embeddable":true,"href":"https:\/\/www.encontrabelohorizonte.com.br\/sobre\/wp-json\/wp\/v2\/users\/1"}],"replies":[{"embeddable":true,"href":"https:\/\/www.encontrabelohorizonte.com.br\/sobre\/wp-json\/wp\/v2\/comments?post=2832"}],"version-history":[{"count":0,"href":"https:\/\/www.encontrabelohorizonte.com.br\/sobre\/wp-json\/wp\/v2\/pages\/2832\/revisions"}],"wp:attachment":[{"href":"https:\/\/www.encontrabelohorizonte.com.br\/sobre\/wp-json\/wp\/v2\/media?parent=2832"}],"curies":[{"name":"wp","href":"https:\/\/api.w.org\/{rel}","templated":true}]}}