{"id":2840,"date":"2017-12-05T18:49:10","date_gmt":"2017-12-05T18:49:10","guid":{"rendered":"http:\/\/www.encontrabelohorizonte.com.br\/sobre\/?page_id=2840"},"modified":"2017-12-05T19:07:16","modified_gmt":"2017-12-05T19:07:16","slug":"casv-belo-horizonte","status":"publish","type":"page","link":"https:\/\/www.encontrabelohorizonte.com.br\/sobre\/casv-belo-horizonte\/","title":{"rendered":"Casv Belo Horizonte"},"content":{"rendered":"<div class=\"2e083cf0b19e2c11948dc6ac054ba979\" data-index=\"1\" style=\"float: none; margin:0px;\">\n<!-- Anuncio display - global -->\r\n<ins class=\"adsbygoogle\"\r\n     style=\"display:block\"\r\n     data-ad-client=\"ca-pub-8585364105181520\"\r\n     data-ad-slot=\"8789329856\"\r\n     data-ad-format=\"auto\"\r\n     data-full-width-responsive=\"true\"><\/ins>\r\n<script>\r\n     (adsbygoogle = window.adsbygoogle || []).push({});\r\n<\/script>\n<\/div>\n<p>Em 2012 foi criado o <strong>CASV\u00a0Belo Horizonte<\/strong> (Centro de Atendimento ao Solicitante de Visto)<\/p>\n<p>O CASV \u00e9 uma triagem do Consulado Americano, antes da pessoa comparecer \u00e0 entrevista do Consulado Americano \u00e9 obrigat\u00f3rio que antes ela compare\u00e7a ao CASV para tirar fotos e colher impress\u00f5es digitais.<\/p>\n<p>Depois o solicitante dever\u00e1 comparecer na unidade do Consulado Americano de sua escolha (Bras\u00edlia, Recife, Rio de Janeiro e S\u00e3o Paulo).<\/p>\n<p><img loading=\"lazy\" decoding=\"async\" class=\"alignnone wp-image-2841 size-full\" title=\"Casv Belo Horizonte\" src=\"https:\/\/www.encontrabelohorizonte.com.br\/sobre\/wp-content\/uploads\/casv-belo-horizonte.jpg\" alt=\"Casv Belo Horizonte\" width=\"680\" height=\"189\" srcset=\"https:\/\/www.encontrabelohorizonte.com.br\/sobre\/wp-content\/uploads\/casv-belo-horizonte.jpg 680w, https:\/\/www.encontrabelohorizonte.com.br\/sobre\/wp-content\/uploads\/casv-belo-horizonte-300x83.jpg 300w\" sizes=\"auto, (max-width: 680px) 100vw, 680px\" \/><\/p>\n<h2>Casv Belo Horizonte Agendamento<\/h2>\n<p>O <em>agendamento<\/em> para o visto pode ser feito pela Internet atrav\u00e9s do <a href=\"https:\/\/ais.usvisa-info.com\/pt-br\/niv\/information\/asc\" target=\"_blank\" rel=\"noopener noreferrer\">site<\/a>.<\/p>\n<h3>Casv Belo Horizonte Visto<\/h3>\n<p>Solicitantes menores de 16 anos (15 anos para baixo), maiores de 66 anos e casos de Renova\u00e7\u00e3o s\u00e3o Isentos de entrevista, esses solicitantes conseguem Tirar o <span style=\"text-decoration: underline;\">Visto Americano<\/span> apenas indo ao CASV de Belo Horizonte.<\/p>\n<p>Basta o solicitante emitir a DS-160 (Documento Consular), criar a conta junto ao Consulado Americano, fazer o pagamento da taxa MRV de US$160,00 (d\u00f3lares) e fazer o agendamento para entrega dos documentos do <span style=\"text-decoration: underline;\">Visto Americano<\/span>.<\/p>\n<p>Solicitantes isentos de entrevista do <span style=\"text-decoration: underline;\">Visto Americano<\/span> podem ser representados por algum familiar ou por um despachante, assim o <span style=\"text-decoration: underline;\">Visto Americano<\/span> chegar\u00e1 em sua resid\u00eancia sem voc\u00ea sair de casa.<\/p>\n<h3>Hor\u00e1rio de Funcionamento Casv Belo Horizonte<\/h3>\n<ul>\n<li>Segunda a s\u00e1bado das 7h \u00e0s 18h<\/li>\n<li>Domingo das 13h \u00e0s 18h<\/li>\n<\/ul>\n<h3>Endere\u00e7o e Telefone Casv Belo Horizonte<\/h3>\n<ul>\n<li>R. Maranh\u00e3o, 310 &#8211; Santa Efig\u00eania &#8211; Belo Horizonte &#8211; MG<\/li>\n<li>Telefone: (31) 3956-0800<\/li>\n<\/ul>\n<h4>Outras informa\u00e7\u00f5es e site<\/h4>\n<p>Mais informa\u00e7\u00f5es:\u00a0<a href=\"https:\/\/ais.usvisa-info.com\/pt-br\/niv\" target=\"_blank\" rel=\"noopener noreferrer\">www.ais.usvisa-info.com<\/a><\/p>\n<h4>Mapa de localiza\u00e7\u00e3o<\/h4>\n<a class=\"wp-colorbox-iframe\" href=\"https:\/\/www.google.com\/maps\/embed?pb=!1m14!1m8!1m3!1d15003.991469528764!2d-43.923731!3d-19.9244947!3m2!1i1024!2i768!4f13.1!3m3!1m2!1s0x00x7b03f9203703178d!2sCentro+de+Atendimento+ao+Solicitante+de+Visto+-+EUA!5e0!3m2!1spt-BR!2sbr!4v1512498809483\"><img decoding=\"async\" src=\"http:\/\/www.encontrabelohorizonte.com.br\/imgs\/maps-post.png\"><\/a>\n\n<div style=\"font-size: 0px; height: 0px; line-height: 0px; margin: 0; padding: 0; clear: both;\"><\/div>","protected":false},"excerpt":{"rendered":"<p>Em 2012 foi criado o CASV\u00a0Belo Horizonte (Centro de Atendimento ao Solicitante de Visto) O CASV \u00e9 uma triagem do Consulado Americano, antes da pessoa comparecer \u00e0 entrevista do Consulado Americano \u00e9 obrigat\u00f3rio que antes ela compare\u00e7a ao CASV para tirar fotos e colher impress\u00f5es digitais. Depois o solicitante dever\u00e1 comparecer na unidade do Consulado Americano de sua escolha (Bras\u00edlia, Recife, Rio de Janeiro e S\u00e3o Paulo). Casv Belo Horizonte Agendamento O agendamento para o visto pode ser feito pela Internet atrav\u00e9s do site. Casv Belo Horizonte Visto Solicitantes menores de 16 anos (15 anos para baixo), maiores de 66 <\/p>\n","protected":false},"author":1,"featured_media":0,"parent":0,"menu_order":0,"comment_status":"closed","ping_status":"closed","template":"","meta":{"footnotes":""},"class_list":["post-2840","page","type-page","status-publish","hentry"],"aioseo_notices":[],"_links":{"self":[{"href":"https:\/\/www.encontrabelohorizonte.com.br\/sobre\/wp-json\/wp\/v2\/pages\/2840","targetHints":{"allow":["GET"]}}],"collection":[{"href":"https:\/\/www.encontrabelohorizonte.com.br\/sobre\/wp-json\/wp\/v2\/pages"}],"about":[{"href":"https:\/\/www.encontrabelohorizonte.com.br\/sobre\/wp-json\/wp\/v2\/types\/page"}],"author":[{"embeddable":true,"href":"https:\/\/www.encontrabelohorizonte.com.br\/sobre\/wp-json\/wp\/v2\/users\/1"}],"replies":[{"embeddable":true,"href":"https:\/\/www.encontrabelohorizonte.com.br\/sobre\/wp-json\/wp\/v2\/comments?post=2840"}],"version-history":[{"count":0,"href":"https:\/\/www.encontrabelohorizonte.com.br\/sobre\/wp-json\/wp\/v2\/pages\/2840\/revisions"}],"wp:attachment":[{"href":"https:\/\/www.encontrabelohorizonte.com.br\/sobre\/wp-json\/wp\/v2\/media?parent=2840"}],"curies":[{"name":"wp","href":"https:\/\/api.w.org\/{rel}","templated":true}]}}