{"id":2860,"date":"2017-12-07T17:30:21","date_gmt":"2017-12-07T17:30:21","guid":{"rendered":"http:\/\/www.encontrabelohorizonte.com.br\/sobre\/?page_id=2860"},"modified":"2017-12-07T17:40:30","modified_gmt":"2017-12-07T17:40:30","slug":"sine-belo-horizonte","status":"publish","type":"page","link":"https:\/\/www.encontrabelohorizonte.com.br\/sobre\/sine-belo-horizonte\/","title":{"rendered":"Sine Belo Horizonte"},"content":{"rendered":"<div class=\"2e083cf0b19e2c11948dc6ac054ba979\" data-index=\"1\" style=\"float: none; margin:0px;\">\n<!-- Anuncio display - global -->\r\n<ins class=\"adsbygoogle\"\r\n     style=\"display:block\"\r\n     data-ad-client=\"ca-pub-8585364105181520\"\r\n     data-ad-slot=\"8789329856\"\r\n     data-ad-format=\"auto\"\r\n     data-full-width-responsive=\"true\"><\/ins>\r\n<script>\r\n     (adsbygoogle = window.adsbygoogle || []).push({});\r\n<\/script>\n<\/div>\n<p>Na capital mineira existem v\u00e1rios postos do <strong>Sine Belo Horizonte<\/strong><\/p>\n<p>Criado em 2000, o SINE \u00e9 um SERVI\u00c7O DE UTILIDADE P\u00daBLICA e atua como um classificado online de vagas de emprego, em todo o Brasil.<\/p>\n<p>O Sine \u00e9 um site gratuito e confi\u00e1vel que busca contribuir socialmente com o mercado de trabalho, promovendo o contato direto entre empregador e trabalhador.<\/p>\n<p><img loading=\"lazy\" decoding=\"async\" class=\"alignnone wp-image-2861 size-full\" title=\"Sine Belo Horizonte\" src=\"https:\/\/www.encontrabelohorizonte.com.br\/sobre\/wp-content\/uploads\/sine-belo-horizonte.jpg\" alt=\"Sine Belo Horizonte\" width=\"680\" height=\"189\" srcset=\"https:\/\/www.encontrabelohorizonte.com.br\/sobre\/wp-content\/uploads\/sine-belo-horizonte.jpg 680w, https:\/\/www.encontrabelohorizonte.com.br\/sobre\/wp-content\/uploads\/sine-belo-horizonte-300x83.jpg 300w\" sizes=\"auto, (max-width: 680px) 100vw, 680px\" \/><\/p>\n<h2>Sine Belo Horizonte Vagas de Emprego<\/h2>\n<p>Cadastre seu <span style=\"text-decoration: underline;\">curr\u00edculo<\/span>, pesquise e encontre <em>vagas<\/em> de acordo com o seu perfil.<br \/>\nAo se candidatar, seu <span style=\"text-decoration: underline;\">curr\u00edculo<\/span> \u00e9 enviado diretamente ao empregador.<\/p>\n<p>Acesse o site <a href=\"http:\/\/www.sine.com.br\" target=\"_blank\" rel=\"noopener noreferrer\">www.sine.com.br<\/a><\/p>\n<h3>Hor\u00e1rio de Funcionamento Sine Belo Horizonte<\/h3>\n<ul>\n<li>Segunda a sexta das 8h \u00e0s 17h<\/li>\n<\/ul>\n<h3>Endere\u00e7o e Telefone Sine Belo Horizonte<\/h3>\n<ul>\n<li><strong>Gameleira<\/strong> &#8211; R. Eng. Felipe Caldas, 510 &#8211; Gameleira &#8211; Telefone: (31) 3322-4459<\/li>\n<li><strong>Venda Nova<\/strong> &#8211; R. Padre Pedro Pinto, 1055 &#8211; Venda Nova &#8211; (31) 3277-7502<\/li>\n<li><strong>Santa Efig\u00eania<\/strong> &#8211; Av. dos Andradas, 3100 &#8211; Santa Efig\u00eania &#8211; Telefone: (31) 3555-1267<\/li>\n<\/ul>\n<h4>Outras informa\u00e7\u00f5es e site<\/h4>\n<p>Mais informa\u00e7\u00f5es:\u00a0<a href=\"http:\/\/www.sine.com.br\" target=\"_blank\" rel=\"noopener noreferrer\">www.sine.com.br<\/a><\/p>\n<h4>Mapa de localiza\u00e7\u00e3o <strong>Gameleira<\/strong><\/h4>\n<a class=\"wp-colorbox-iframe\" href=\"https:\/\/www.google.com\/maps\/embed?pb=!1m18!1m12!1m3!1d3750.7911864903785!2d-43.98649748508558!3d-19.93320238660199!2m3!1f0!2f0!3f0!3m2!1i1024!2i768!4f13.1!3m3!1m2!1s0xa696ff76cc3b9d0xe7665e8d0b852eac!2sR.+Eng.+Felipe+Caldas+-+Gameleira+Belo+Horizonte+-+MG+30510-060!5e0!3m2!1spt-BR!2sbr!4v1512664568588\"><img decoding=\"async\" src=\"http:\/\/www.encontrabelohorizonte.com.br\/imgs\/maps-post.png\"><\/a>\n\n<div style=\"font-size: 0px; height: 0px; line-height: 0px; margin: 0; padding: 0; clear: both;\"><\/div>","protected":false},"excerpt":{"rendered":"<p>Na capital mineira existem v\u00e1rios postos do Sine Belo Horizonte Criado em 2000, o SINE \u00e9 um SERVI\u00c7O DE UTILIDADE P\u00daBLICA e atua como um classificado online de vagas de emprego, em todo o Brasil. O Sine \u00e9 um site gratuito e confi\u00e1vel que busca contribuir socialmente com o mercado de trabalho, promovendo o contato direto entre empregador e trabalhador. Sine Belo Horizonte Vagas de Emprego Cadastre seu curr\u00edculo, pesquise e encontre vagas de acordo com o seu perfil. Ao se candidatar, seu curr\u00edculo \u00e9 enviado diretamente ao empregador. Acesse o site www.sine.com.br Hor\u00e1rio de Funcionamento Sine Belo Horizonte Segunda <\/p>\n","protected":false},"author":1,"featured_media":0,"parent":0,"menu_order":0,"comment_status":"closed","ping_status":"closed","template":"","meta":{"footnotes":""},"class_list":["post-2860","page","type-page","status-publish","hentry"],"aioseo_notices":[],"_links":{"self":[{"href":"https:\/\/www.encontrabelohorizonte.com.br\/sobre\/wp-json\/wp\/v2\/pages\/2860","targetHints":{"allow":["GET"]}}],"collection":[{"href":"https:\/\/www.encontrabelohorizonte.com.br\/sobre\/wp-json\/wp\/v2\/pages"}],"about":[{"href":"https:\/\/www.encontrabelohorizonte.com.br\/sobre\/wp-json\/wp\/v2\/types\/page"}],"author":[{"embeddable":true,"href":"https:\/\/www.encontrabelohorizonte.com.br\/sobre\/wp-json\/wp\/v2\/users\/1"}],"replies":[{"embeddable":true,"href":"https:\/\/www.encontrabelohorizonte.com.br\/sobre\/wp-json\/wp\/v2\/comments?post=2860"}],"version-history":[{"count":0,"href":"https:\/\/www.encontrabelohorizonte.com.br\/sobre\/wp-json\/wp\/v2\/pages\/2860\/revisions"}],"wp:attachment":[{"href":"https:\/\/www.encontrabelohorizonte.com.br\/sobre\/wp-json\/wp\/v2\/media?parent=2860"}],"curies":[{"name":"wp","href":"https:\/\/api.w.org\/{rel}","templated":true}]}}