{"id":2865,"date":"2017-12-07T19:12:01","date_gmt":"2017-12-07T19:12:01","guid":{"rendered":"http:\/\/www.encontrabelohorizonte.com.br\/sobre\/?page_id=2865"},"modified":"2017-12-07T19:32:15","modified_gmt":"2017-12-07T19:32:15","slug":"metro-belo-horizonte","status":"publish","type":"page","link":"https:\/\/www.encontrabelohorizonte.com.br\/sobre\/metro-belo-horizonte\/","title":{"rendered":"Metr\u00f4 Belo Horizonte"},"content":{"rendered":"<div class=\"2e083cf0b19e2c11948dc6ac054ba979\" data-index=\"1\" style=\"float: none; margin:0px;\">\n<!-- Anuncio display - global -->\r\n<ins class=\"adsbygoogle\"\r\n     style=\"display:block\"\r\n     data-ad-client=\"ca-pub-8585364105181520\"\r\n     data-ad-slot=\"8789329856\"\r\n     data-ad-format=\"auto\"\r\n     data-full-width-responsive=\"true\"><\/ins>\r\n<script>\r\n     (adsbygoogle = window.adsbygoogle || []).push({});\r\n<\/script>\n<\/div>\n<p>A Companhia Brasileira de Trens Urbanos &#8211; CBTU \u00e9 a empresa respons\u00e1vel pela implanta\u00e7\u00e3o, gest\u00e3o e opera\u00e7\u00e3o do <strong>Metr\u00f4 Belo Horizonte.<\/strong><\/p>\n<p>A CBTU desenvolve atividades em nove centros urbanos do Pa\u00eds, atuando como operadora nas cidades de Belo Horizonte, Recife, Fortaleza, Jo\u00e3o Pessoa, Macei\u00f3 e Natal.<\/p>\n<p><img loading=\"lazy\" decoding=\"async\" class=\"alignnone wp-image-2866 size-full\" title=\"Metr\u00f4 Belo Horizonte\" src=\"https:\/\/www.encontrabelohorizonte.com.br\/sobre\/wp-content\/uploads\/metro-belo-horizonte.jpg\" alt=\"Metr\u00f4 Belo Horizonte\" width=\"680\" height=\"189\" srcset=\"https:\/\/www.encontrabelohorizonte.com.br\/sobre\/wp-content\/uploads\/metro-belo-horizonte.jpg 680w, https:\/\/www.encontrabelohorizonte.com.br\/sobre\/wp-content\/uploads\/metro-belo-horizonte-300x83.jpg 300w\" sizes=\"auto, (max-width: 680px) 100vw, 680px\" \/><\/p>\n<p>Em Belo Horizonte, a CBTU est\u00e1 presente atrav\u00e9s de sua Superintend\u00eancia de Trens Urbanos de Belo Horizonte, denominada CBTU\/STU-BH.<\/p>\n<h2>Jornal Metr\u00f4 Belo Horizonte<\/h2>\n<p><em>Metro Jornal<\/em> , o maior <span style=\"text-decoration: underline;\">jornal<\/span> do mundo. Presente em 150 cidades de 24 pa\u00edses.<br \/>\nConhe\u00e7a <a href=\"http:\/\/www.metrojornal.com.br\" target=\"_blank\" rel=\"noopener noreferrer\">www.metrojornal.com.br<\/a><\/p>\n<h3>Metr\u00f4 Belo Horizonte Mapa<\/h3>\n<p><img loading=\"lazy\" decoding=\"async\" class=\"alignnone wp-image-2867 size-full\" title=\"Metr\u00f4 Belo Horizonte Mapa\" src=\"https:\/\/www.encontrabelohorizonte.com.br\/sobre\/wp-content\/uploads\/belo-horizonte-mapa.png\" alt=\"Metr\u00f4 Belo Horizonte Mapa\" width=\"399\" height=\"400\" srcset=\"https:\/\/www.encontrabelohorizonte.com.br\/sobre\/wp-content\/uploads\/belo-horizonte-mapa.png 399w, https:\/\/www.encontrabelohorizonte.com.br\/sobre\/wp-content\/uploads\/belo-horizonte-mapa-150x150.png 150w, https:\/\/www.encontrabelohorizonte.com.br\/sobre\/wp-content\/uploads\/belo-horizonte-mapa-300x300.png 300w\" sizes=\"auto, (max-width: 399px) 100vw, 399px\" \/><\/p>\n<h3>Metr\u00f4 Belo Horizonte Expans\u00e3o<\/h3>\n<p>O metr\u00f4 de Belo Horizonte possui 28,1 km desde 2002. Desde ent\u00e3o nada mais foi feito. Agora parece que regi\u00e3o metropolitana de BH deve ganhar uma <span style=\"text-decoration: underline;\">amplia\u00e7\u00e3o<\/span> de 1,5 km com a proposta da constru\u00e7\u00e3o da esta\u00e7\u00e3o Novo Eldorado.<\/p>\n<p>O an\u00fancio foi feito pelo prefeito de Contagem, Alex de Freitas (PSDB), depois que a Uni\u00e3o disponibilizou um empr\u00e9stimo de R$ 157 milh\u00f5es para a obra. A previs\u00e3o \u00e9 que as obras iniciem em mar\u00e7o de 2018 e termine no fim de 2019.<\/p>\n<h3>Metr\u00f4 Belo Horizonte Esta\u00e7\u00f5es<\/h3>\n<p>Perto de cada <em>esta\u00e7\u00e3o<\/em> do metr\u00f4, voc\u00ea encontra os principais servi\u00e7os da regi\u00e3o<br \/>\nAcesse o<a href=\"http:\/\/www.metrobh.gov.br\/cbtu\/final\/operacao\/estacoes\/estacoes.html\" target=\"_blank\" rel=\"noopener noreferrer\"> link <\/a>e veja as <span style=\"text-decoration: underline;\">esta\u00e7\u00f5es<\/span><\/p>\n<h3>Hor\u00e1rio de Funcionamento Metr\u00f4 Belo Horizonte<\/h3>\n<ul>\n<li>Diariamente das 5h15 \u00e0s 23h<\/li>\n<\/ul>\n<h3>Endere\u00e7o e Telefone Metr\u00f4 Belo Horizonte<\/h3>\n<ul>\n<li>Rua Janu\u00e1ria, 181 &#8211; Bairro Floresta &#8211; Belo Horizonte &#8211; MG<\/li>\n<li>Telefone: (31) 3250-3900<\/li>\n<\/ul>\n<h4>Outras informa\u00e7\u00f5es e site<\/h4>\n<p>Mais informa\u00e7\u00f5es:\u00a0<a href=\"http:\/\/www.metrobh.gov.br\" target=\"_blank\" rel=\"noopener noreferrer\">www.metrobh.gov.br<\/a><\/p>\n<h4>Mapa de localiza\u00e7\u00e3o<\/h4>\n<a class=\"wp-colorbox-iframe\" href=\"https:\/\/www.google.com\/maps\/embed?pb=!1m14!1m8!1m3!1d15005.108649520535!2d-43.9345398!3d-19.9127219!3m2!1i1024!2i768!4f13.1!3m3!1m2!1s0x00x131dc63702c110e8!2sCBTU++STUBH++METROBH!5e0!3m2!1spt-BR!2sbr!4v1512672082133\"><img decoding=\"async\" src=\"http:\/\/www.encontrabelohorizonte.com.br\/imgs\/maps-post.png\"><\/a>\n\n<div style=\"font-size: 0px; height: 0px; line-height: 0px; margin: 0; padding: 0; clear: both;\"><\/div>","protected":false},"excerpt":{"rendered":"<p>A Companhia Brasileira de Trens Urbanos &#8211; CBTU \u00e9 a empresa respons\u00e1vel pela implanta\u00e7\u00e3o, gest\u00e3o e opera\u00e7\u00e3o do Metr\u00f4 Belo Horizonte. A CBTU desenvolve atividades em nove centros urbanos do Pa\u00eds, atuando como operadora nas cidades de Belo Horizonte, Recife, Fortaleza, Jo\u00e3o Pessoa, Macei\u00f3 e Natal. Em Belo Horizonte, a CBTU est\u00e1 presente atrav\u00e9s de sua Superintend\u00eancia de Trens Urbanos de Belo Horizonte, denominada CBTU\/STU-BH. Jornal Metr\u00f4 Belo Horizonte Metro Jornal , o maior jornal do mundo. Presente em 150 cidades de 24 pa\u00edses. Conhe\u00e7a www.metrojornal.com.br Metr\u00f4 Belo Horizonte Mapa Metr\u00f4 Belo Horizonte Expans\u00e3o O metr\u00f4 de Belo Horizonte possui <\/p>\n","protected":false},"author":1,"featured_media":0,"parent":0,"menu_order":0,"comment_status":"closed","ping_status":"closed","template":"","meta":{"footnotes":""},"class_list":["post-2865","page","type-page","status-publish","hentry"],"aioseo_notices":[],"_links":{"self":[{"href":"https:\/\/www.encontrabelohorizonte.com.br\/sobre\/wp-json\/wp\/v2\/pages\/2865","targetHints":{"allow":["GET"]}}],"collection":[{"href":"https:\/\/www.encontrabelohorizonte.com.br\/sobre\/wp-json\/wp\/v2\/pages"}],"about":[{"href":"https:\/\/www.encontrabelohorizonte.com.br\/sobre\/wp-json\/wp\/v2\/types\/page"}],"author":[{"embeddable":true,"href":"https:\/\/www.encontrabelohorizonte.com.br\/sobre\/wp-json\/wp\/v2\/users\/1"}],"replies":[{"embeddable":true,"href":"https:\/\/www.encontrabelohorizonte.com.br\/sobre\/wp-json\/wp\/v2\/comments?post=2865"}],"version-history":[{"count":0,"href":"https:\/\/www.encontrabelohorizonte.com.br\/sobre\/wp-json\/wp\/v2\/pages\/2865\/revisions"}],"wp:attachment":[{"href":"https:\/\/www.encontrabelohorizonte.com.br\/sobre\/wp-json\/wp\/v2\/media?parent=2865"}],"curies":[{"name":"wp","href":"https:\/\/api.w.org\/{rel}","templated":true}]}}