{"id":2871,"date":"2017-12-07T20:01:26","date_gmt":"2017-12-07T20:01:26","guid":{"rendered":"http:\/\/www.encontrabelohorizonte.com.br\/sobre\/?page_id=2871"},"modified":"2017-12-07T20:01:38","modified_gmt":"2017-12-07T20:01:38","slug":"consulado-italiano-belo-horizonte","status":"publish","type":"page","link":"https:\/\/www.encontrabelohorizonte.com.br\/sobre\/consulado-italiano-belo-horizonte\/","title":{"rendered":"Consulado Italiano Belo Horizonte"},"content":{"rendered":"<div class=\"2e083cf0b19e2c11948dc6ac054ba979\" data-index=\"1\" style=\"float: none; margin:0px;\">\n<!-- Anuncio display - global -->\r\n<ins class=\"adsbygoogle\"\r\n     style=\"display:block\"\r\n     data-ad-client=\"ca-pub-8585364105181520\"\r\n     data-ad-slot=\"8789329856\"\r\n     data-ad-format=\"auto\"\r\n     data-full-width-responsive=\"true\"><\/ins>\r\n<script>\r\n     (adsbygoogle = window.adsbygoogle || []).push({});\r\n<\/script>\n<\/div>\n<p>Todos os servi\u00e7os consulares do <strong>Consulado Italiano Belo Horizonte<\/strong> s\u00e3o oferecidos exclusivamente pelo funcion\u00e1rios e funcion\u00e1rias dentro do Consulado nos hor\u00e1rios de atendimento.<\/p>\n<p><img loading=\"lazy\" decoding=\"async\" class=\"alignnone wp-image-2872 size-full\" title=\"Consulado Italiano Belo Horizonte\" src=\"https:\/\/www.encontrabelohorizonte.com.br\/sobre\/wp-content\/uploads\/consulado-italiano-belo-hor.jpg\" alt=\"Consulado Italiano Belo Horizonte\" width=\"680\" height=\"189\" srcset=\"https:\/\/www.encontrabelohorizonte.com.br\/sobre\/wp-content\/uploads\/consulado-italiano-belo-hor.jpg 680w, https:\/\/www.encontrabelohorizonte.com.br\/sobre\/wp-content\/uploads\/consulado-italiano-belo-hor-300x83.jpg 300w\" sizes=\"auto, (max-width: 680px) 100vw, 680px\" \/><\/p>\n<h2>Hor\u00e1rio de Funcionamento Consulado Italiano Belo Horizonte<\/h2>\n<ul>\n<li><strong>Anagrafe Registro Civil<\/strong>: quartas e quintas das 09h \u00e0s 12h30<\/li>\n<li><strong>Passaporte<\/strong>: Segunda a Quinta das 09h \u00e0s 12h30<\/li>\n<li><strong>Cidadania<\/strong>: Segundas, ter\u00e7as e sextas das 09h \u00e0s 12h30<\/li>\n<li><strong>Visto<\/strong>: Ter\u00e7as das 09h \u00e0s 12h30<\/li>\n<li><strong>Estudo<\/strong>: Sextas das 09h \u00e0s 12h30<\/li>\n<\/ul>\n<h3>Endere\u00e7o e Telefone Consulado Italiano Belo Horizonte<\/h3>\n<ul>\n<li>R. Alagoas, 721 &#8211; Savassi &#8211; Belo Horizonte &#8211; MG<\/li>\n<li>Telefone: (31) 3524-1000<\/li>\n<\/ul>\n<h4>Outras informa\u00e7\u00f5es e site:<\/h4>\n<ul>\n<li>Mais informa\u00e7\u00f5es: <a href=\"http:\/\/www.consbelohorizonte.esteri.it\/consolato_belohorizonte\/pt\/\" target=\"_blank\" rel=\"noopener noreferrer\">www.consbelohorizonte.esteri.it<\/a><\/li>\n<\/ul>\n<h4>Mapa de localiza\u00e7\u00e3o<\/h4>\n<a class=\"wp-colorbox-iframe\" href=\"https:\/\/www.google.com\/maps\/embed?pb=!1m14!1m8!1m3!1d15003.134954974943!2d-43.9355197!3d-19.9335161!3m2!1i1024!2i768!4f13.1!3m3!1m2!1s0x00x402502260a28d2f3!2sConsulado+da+Itlia+em+Belo+Horizonte!5e0!3m2!1spt-BR!2sbr!4v1512676068028\"><img decoding=\"async\" src=\"http:\/\/www.encontrabelohorizonte.com.br\/imgs\/maps-post.png\"><\/a>\n\n<div style=\"font-size: 0px; height: 0px; line-height: 0px; margin: 0; padding: 0; clear: both;\"><\/div>","protected":false},"excerpt":{"rendered":"<p>Todos os servi\u00e7os consulares do Consulado Italiano Belo Horizonte s\u00e3o oferecidos exclusivamente pelo funcion\u00e1rios e funcion\u00e1rias dentro do Consulado nos hor\u00e1rios de atendimento. Hor\u00e1rio de Funcionamento Consulado Italiano Belo Horizonte Anagrafe Registro Civil: quartas e quintas das 09h \u00e0s 12h30 Passaporte: Segunda a Quinta das 09h \u00e0s 12h30 Cidadania: Segundas, ter\u00e7as e sextas das 09h \u00e0s 12h30 Visto: Ter\u00e7as das 09h \u00e0s 12h30 Estudo: Sextas das 09h \u00e0s 12h30 Endere\u00e7o e Telefone Consulado Italiano Belo Horizonte R. Alagoas, 721 &#8211; Savassi &#8211; Belo Horizonte &#8211; MG Telefone: (31) 3524-1000 Outras informa\u00e7\u00f5es e site: Mais informa\u00e7\u00f5es: www.consbelohorizonte.esteri.it Mapa de localiza\u00e7\u00e3o<\/p>\n","protected":false},"author":1,"featured_media":0,"parent":0,"menu_order":0,"comment_status":"closed","ping_status":"closed","template":"","meta":{"footnotes":""},"class_list":["post-2871","page","type-page","status-publish","hentry"],"aioseo_notices":[],"_links":{"self":[{"href":"https:\/\/www.encontrabelohorizonte.com.br\/sobre\/wp-json\/wp\/v2\/pages\/2871","targetHints":{"allow":["GET"]}}],"collection":[{"href":"https:\/\/www.encontrabelohorizonte.com.br\/sobre\/wp-json\/wp\/v2\/pages"}],"about":[{"href":"https:\/\/www.encontrabelohorizonte.com.br\/sobre\/wp-json\/wp\/v2\/types\/page"}],"author":[{"embeddable":true,"href":"https:\/\/www.encontrabelohorizonte.com.br\/sobre\/wp-json\/wp\/v2\/users\/1"}],"replies":[{"embeddable":true,"href":"https:\/\/www.encontrabelohorizonte.com.br\/sobre\/wp-json\/wp\/v2\/comments?post=2871"}],"version-history":[{"count":0,"href":"https:\/\/www.encontrabelohorizonte.com.br\/sobre\/wp-json\/wp\/v2\/pages\/2871\/revisions"}],"wp:attachment":[{"href":"https:\/\/www.encontrabelohorizonte.com.br\/sobre\/wp-json\/wp\/v2\/media?parent=2871"}],"curies":[{"name":"wp","href":"https:\/\/api.w.org\/{rel}","templated":true}]}}