{"id":2938,"date":"2017-12-19T17:14:27","date_gmt":"2017-12-19T17:14:27","guid":{"rendered":"http:\/\/www.encontrabelohorizonte.com.br\/sobre\/?page_id=2938"},"modified":"2017-12-19T17:44:14","modified_gmt":"2017-12-19T17:44:14","slug":"anvisa-belo-horizonte","status":"publish","type":"page","link":"https:\/\/www.encontrabelohorizonte.com.br\/sobre\/anvisa-belo-horizonte\/","title":{"rendered":"Anvisa Belo Horizonte"},"content":{"rendered":"<div class=\"2e083cf0b19e2c11948dc6ac054ba979\" data-index=\"1\" style=\"float: none; margin:0px;\">\n<!-- Anuncio display - global -->\r\n<ins class=\"adsbygoogle\"\r\n     style=\"display:block\"\r\n     data-ad-client=\"ca-pub-8585364105181520\"\r\n     data-ad-slot=\"8789329856\"\r\n     data-ad-format=\"auto\"\r\n     data-full-width-responsive=\"true\"><\/ins>\r\n<script>\r\n     (adsbygoogle = window.adsbygoogle || []).push({});\r\n<\/script>\n<\/div>\n<p>Ag\u00eancia Nacional de Vigil\u00e2ncia Sanit\u00e1ria \u00e9 uma ag\u00eancia reguladora, sob a forma de autarquia de regime especial, vinculada ao Minist\u00e9rio da Sa\u00fade.<\/p>\n<p>A ag\u00eancia<strong> Anvisa Belo Horizonte<\/strong> exerce o controle sanit\u00e1rio de todos os produtos e servi\u00e7os (nacionais ou importados) submetidos \u00e0 vigil\u00e2ncia sanit\u00e1ria, tais como medicamentos, alimentos, cosm\u00e9ticos, saneantes, derivados do tabaco, produtos m\u00e9dicos, sangue, hemoderivados e servi\u00e7os de sa\u00fade.<\/p>\n<p><img loading=\"lazy\" decoding=\"async\" class=\"alignnone wp-image-2939 size-full\" title=\"Anvisa Belo Horizonte\" src=\"https:\/\/www.encontrabelohorizonte.com.br\/sobre\/wp-content\/uploads\/anvisa-belo-horizonte.jpg\" alt=\"Anvisa Belo Horizonte\" width=\"680\" height=\"189\" srcset=\"https:\/\/www.encontrabelohorizonte.com.br\/sobre\/wp-content\/uploads\/anvisa-belo-horizonte.jpg 680w, https:\/\/www.encontrabelohorizonte.com.br\/sobre\/wp-content\/uploads\/anvisa-belo-horizonte-300x83.jpg 300w\" sizes=\"auto, (max-width: 680px) 100vw, 680px\" \/><\/p>\n<h2>Anvisa Belo Horizonte Certificado Internacional<\/h2>\n<p>Para emitir o <em>Certificado Internacional<\/em> de Vacina de Febre Amarela (CIVP), dever\u00e1:<br \/>\n&#8211; Fazer o pr\u00e9-cadastro no <a href=\"http:\/\/www.anvisa.gov.br\/viajante\" target=\"_blank\" rel=\"noopener noreferrer\">www.anvisa.gov.br\/viajante<\/a>, clicar na palavra cadastro; preencher os dados e salvar (fa\u00e7a o seu roteiro de viagem no site e verifique se as escalas\/conex\u00f5es, assim como o seu destino exigem a apresenta\u00e7\u00e3o do CIVP);<br \/>\n&#8211; Trazer o comprovante de vacina de febre amarela, com o lote da mesma bem vis\u00edvel e um documento oficial de identifica\u00e7\u00e3o com foto;<br \/>\n&#8211; Comparecer (a presen\u00e7a do viajante s\u00f3 \u00e9 dispensada quando ele for menor de idade e estiver sendo representado pelos pais ou respons\u00e1veis legais) a um posto da ANVISA<\/p>\n<h3>Anvisa Belo Horizonte Vacina Febre Amarela<\/h3>\n<p>Vacinar-se contra a <span style=\"text-decoration: underline;\">febre amarela<\/span> \u00e9 uma prote\u00e7\u00e3o indispens\u00e1vel para visitar algumas \u00e1reas do Brasil, como a Amaz\u00f4nia e o Pantanal. E tamb\u00e9m \u00e9 uma exig\u00eancia de v\u00e1rios pa\u00edses do mundo (Austr\u00e1lia, Tail\u00e2ndia, \u00c1frica do Sul, Barbados; veja a lista mais abaixo) para receber viajantes brasileiros.<\/p>\n<p>Muita gente perde a viagem porque n\u00e3o se d\u00e1 conta de que precisa ter o certificado internacional da vacina\u00a0 e que a vacina\u00e7\u00e3o precisa ser feita 10 dias antes de embarcar. Por isso \u00e9 que a gente recomenda que todo viajante que possa se vacinar tome a vacina, mesmo que n\u00e3o tenha uma viagem em vista a um pa\u00eds que exija o <span style=\"text-decoration: underline;\">certificado<\/span>.<\/p>\n<h3>Anvisa Belo Horizonte Vacina<\/h3>\n<p>O Ouvidor SUS\/BH possui uma listagem com todos os endere\u00e7os dos postos de <span style=\"text-decoration: underline;\">vacina\u00e7\u00e3o<\/span> montados pela cidade em dias de campanhas. Excepcionalmente nestas ocasi\u00f5es, o servi\u00e7o funciona nos finais de semana para dar suporte informacional \u00e0 toda popula\u00e7\u00e3o de Belo Horizonte, e o hor\u00e1rio de funcionamento \u00e9 um pouco diferente do hor\u00e1rio normal.<\/p>\n<p>Nestes plant\u00f5es, o setor abre \u00e0s 8 horas e encerra suas atividades \u00e0s 17 horas. Voc\u00ea poder\u00e1 acessar este servi\u00e7o pelo (31) 3277-7722.<\/p>\n<h3>Hor\u00e1rio de Funcionamento Anvisa Belo Horizonte<\/h3>\n<ul>\n<li>Segunda a sexta das 8h \u00e0s 17h.<\/li>\n<\/ul>\n<h3>Endere\u00e7o e Telefone Anvisa Belo Horizonte<\/h3>\n<ul>\n<li>R. Para\u00edba, 890 &#8211; Funcion\u00e1rios &#8211; Belo Horizonte &#8211; MG<\/li>\n<li>Telefone: (31) 3277-5300<\/li>\n<\/ul>\n<h4>Outras informa\u00e7\u00f5es e site<\/h4>\n<p>Mais informa\u00e7\u00f5es:\u00a0<a href=\"http:\/\/portal.anvisa.gov.br\/\" target=\"_blank\" rel=\"noopener noreferrer\">www.anvisa.gov.br\/<\/a><\/p>\n<h4>Mapa de localiza\u00e7\u00e3o<\/h4>\n<a class=\"wp-colorbox-iframe\" href=\"https:\/\/www.google.com\/maps\/embed?pb=!1m14!1m8!1m3!1d15003.055421736724!2d-43.9333751!3d-19.9343536!3m2!1i1024!2i768!4f13.1!3m3!1m2!1s0x00x806fd0781d970a44!2sAnvisa+-+Servio+de+Ateno+ao+Viajante!5e0!3m2!1spt-BR!2sbr!4v1513701976199\"><img decoding=\"async\" src=\"http:\/\/www.encontrabelohorizonte.com.br\/imgs\/maps-post.png\"><\/a>\n\n<div style=\"font-size: 0px; height: 0px; line-height: 0px; margin: 0; padding: 0; clear: both;\"><\/div>","protected":false},"excerpt":{"rendered":"<p>Ag\u00eancia Nacional de Vigil\u00e2ncia Sanit\u00e1ria \u00e9 uma ag\u00eancia reguladora, sob a forma de autarquia de regime especial, vinculada ao Minist\u00e9rio da Sa\u00fade. A ag\u00eancia Anvisa Belo Horizonte exerce o controle sanit\u00e1rio de todos os produtos e servi\u00e7os (nacionais ou importados) submetidos \u00e0 vigil\u00e2ncia sanit\u00e1ria, tais como medicamentos, alimentos, cosm\u00e9ticos, saneantes, derivados do tabaco, produtos m\u00e9dicos, sangue, hemoderivados e servi\u00e7os de sa\u00fade. Anvisa Belo Horizonte Certificado Internacional Para emitir o Certificado Internacional de Vacina de Febre Amarela (CIVP), dever\u00e1: &#8211; Fazer o pr\u00e9-cadastro no www.anvisa.gov.br\/viajante, clicar na palavra cadastro; preencher os dados e salvar (fa\u00e7a o seu roteiro de viagem no <\/p>\n","protected":false},"author":1,"featured_media":0,"parent":0,"menu_order":0,"comment_status":"closed","ping_status":"closed","template":"","meta":{"footnotes":""},"class_list":["post-2938","page","type-page","status-publish","hentry"],"aioseo_notices":[],"_links":{"self":[{"href":"https:\/\/www.encontrabelohorizonte.com.br\/sobre\/wp-json\/wp\/v2\/pages\/2938","targetHints":{"allow":["GET"]}}],"collection":[{"href":"https:\/\/www.encontrabelohorizonte.com.br\/sobre\/wp-json\/wp\/v2\/pages"}],"about":[{"href":"https:\/\/www.encontrabelohorizonte.com.br\/sobre\/wp-json\/wp\/v2\/types\/page"}],"author":[{"embeddable":true,"href":"https:\/\/www.encontrabelohorizonte.com.br\/sobre\/wp-json\/wp\/v2\/users\/1"}],"replies":[{"embeddable":true,"href":"https:\/\/www.encontrabelohorizonte.com.br\/sobre\/wp-json\/wp\/v2\/comments?post=2938"}],"version-history":[{"count":0,"href":"https:\/\/www.encontrabelohorizonte.com.br\/sobre\/wp-json\/wp\/v2\/pages\/2938\/revisions"}],"wp:attachment":[{"href":"https:\/\/www.encontrabelohorizonte.com.br\/sobre\/wp-json\/wp\/v2\/media?parent=2938"}],"curies":[{"name":"wp","href":"https:\/\/api.w.org\/{rel}","templated":true}]}}