{"id":2963,"date":"2018-01-04T14:50:56","date_gmt":"2018-01-04T14:50:56","guid":{"rendered":"http:\/\/www.encontrabelohorizonte.com.br\/sobre\/?page_id=2963"},"modified":"2018-01-04T21:10:58","modified_gmt":"2018-01-04T21:10:58","slug":"cartorio-de-registro-civil-do-3o-subdistrito-de-belo-horizonte","status":"publish","type":"page","link":"https:\/\/www.encontrabelohorizonte.com.br\/sobre\/cartorio-de-registro-civil-do-3o-subdistrito-de-belo-horizonte\/","title":{"rendered":"Cart\u00f3rio de Registro Civil do 3\u00ba Subdistrito de Belo Horizonte"},"content":{"rendered":"<div class=\"2e083cf0b19e2c11948dc6ac054ba979\" data-index=\"1\" style=\"float: none; margin:0px;\">\n<!-- Anuncio display - global -->\r\n<ins class=\"adsbygoogle\"\r\n     style=\"display:block\"\r\n     data-ad-client=\"ca-pub-8585364105181520\"\r\n     data-ad-slot=\"8789329856\"\r\n     data-ad-format=\"auto\"\r\n     data-full-width-responsive=\"true\"><\/ins>\r\n<script>\r\n     (adsbygoogle = window.adsbygoogle || []).push({});\r\n<\/script>\n<\/div>\n<p>O <strong>Cart\u00f3rio de Registro Civil do 3\u00ba Subdistrito de Belo Horizonte<\/strong> \u00e9 respons\u00e1vel pela pr\u00e1tica de registrar atos de registro de nascimento, de casamento, de \u00f3bito, entre outros.<\/p>\n<p>O Cart\u00f3rio tamb\u00e9m emite v\u00e1rias certid\u00f5es e documentos.<\/p>\n<p><img loading=\"lazy\" decoding=\"async\" class=\"alignnone wp-image-2964 size-full\" title=\"Cart\u00f3rio de Registro Civil do 3\u00ba Subdistrito de Belo Horizonte\" src=\"https:\/\/www.encontrabelohorizonte.com.br\/sobre\/wp-content\/uploads\/cartorio-belo-horizonte.jpg\" alt=\"Cart\u00f3rio de Registro Civil do 3\u00ba Subdistrito de Belo Horizonte\" width=\"680\" height=\"189\" srcset=\"https:\/\/www.encontrabelohorizonte.com.br\/sobre\/wp-content\/uploads\/cartorio-belo-horizonte.jpg 680w, https:\/\/www.encontrabelohorizonte.com.br\/sobre\/wp-content\/uploads\/cartorio-belo-horizonte-300x83.jpg 300w\" sizes=\"auto, (max-width: 680px) 100vw, 680px\" \/><\/p>\n<h2>Pre\u00e7os Cart\u00f3rio de Registro Civil do 3\u00ba Subdistrito de Belo Horizonte<\/h2>\n<p>Os <em>pre\u00e7os<\/em> de certid\u00f5es e documentos variam. Para consultar os valores corretos entre em contato diretamente com o Cart\u00f3rio via telefone ou pessoalmente<\/p>\n<h3>Registros no Cart\u00f3rio de Registro Civil do 3\u00ba Subdistrito de Belo Horizonte<\/h3>\n<p>S\u00e3o executados os registros:<\/p>\n<ul>\n<li>Interdi\u00e7\u00e3o por incapacidade absoluta ou relativa;<\/li>\n<li>Expedi\u00e7\u00e3o de certid\u00f5es relativa aos atos registrados;<\/li>\n<li>Senten\u00e7a declarat\u00f3ria de aus\u00eancia ou de morte presumida;<\/li>\n<li>Nascimentos;<\/li>\n<li>Senten\u00e7as que deferirem a legitima\u00e7\u00e3o adotiva;<\/li>\n<li>Casamentos;<\/li>\n<li>Averba\u00e7\u00e3o da emancipa\u00e7\u00e3o por outorga dos pais ou por senten\u00e7a do juiz;<\/li>\n<li>\u00d3bitos;<\/li>\n<li>Averba\u00e7\u00e3o de separa\u00e7\u00f5es ou convers\u00f5es de div\u00f3rcio;<\/li>\n<\/ul>\n<h3>Hor\u00e1rio de Funcionamento Cart\u00f3rio de Registro Civil do 3\u00ba Subdistrito de Belo Horizonte<\/h3>\n<ul>\n<li>Segunda a sexta das 9h \u00e0s 17h<\/li>\n<\/ul>\n<h3>Endere\u00e7o e Telefone Cart\u00f3rio de Registro Civil do 3\u00ba Subdistrito de Belo Horizonte<\/h3>\n<ul>\n<li>R. S\u00e3o Paulo, 1620 &#8211; Lourdes &#8211; Belo Horizonte &#8211; MG<\/li>\n<li>Telefone: (31) 2535-4822<\/li>\n<\/ul>\n<h4>Outras informa\u00e7\u00f5es e site<\/h4>\n<p>Mais informa\u00e7\u00f5es: <a href=\"http:\/\/www.acessoajustica.gov.br\/\" target=\"_blank\" rel=\"noopener noreferrer\">www.acessoajustica.gov.br\/<\/a><\/p>\n<h4>Mapa de localiza\u00e7\u00e3o<\/h4>\n<a class=\"wp-colorbox-iframe\" href=\"https:\/\/www.google.com\/maps\/embed?pb=!1m14!1m8!1m3!1d15003.69260421041!2d-43.942505!3d-19.927643!3m2!1i1024!2i768!4f13.1!3m3!1m2!1s0x00xb9f6d10c4d969090!2sCartrio+de+Registro+Civil+do+3+Subdistrito+de+Belo+Horizonte!5e0!3m2!1spt-BR!2sbr!4v1515073201413\"><img decoding=\"async\" src=\"http:\/\/www.encontrabelohorizonte.com.br\/imgs\/maps-post.png\"><\/a>\n\n<div style=\"font-size: 0px; height: 0px; line-height: 0px; margin: 0; padding: 0; clear: both;\"><\/div>","protected":false},"excerpt":{"rendered":"<p>O Cart\u00f3rio de Registro Civil do 3\u00ba Subdistrito de Belo Horizonte \u00e9 respons\u00e1vel pela pr\u00e1tica de registrar atos de registro de nascimento, de casamento, de \u00f3bito, entre outros. O Cart\u00f3rio tamb\u00e9m emite v\u00e1rias certid\u00f5es e documentos. Pre\u00e7os Cart\u00f3rio de Registro Civil do 3\u00ba Subdistrito de Belo Horizonte Os pre\u00e7os de certid\u00f5es e documentos variam. Para consultar os valores corretos entre em contato diretamente com o Cart\u00f3rio via telefone ou pessoalmente Registros no Cart\u00f3rio de Registro Civil do 3\u00ba Subdistrito de Belo Horizonte S\u00e3o executados os registros: Interdi\u00e7\u00e3o por incapacidade absoluta ou relativa; Expedi\u00e7\u00e3o de certid\u00f5es relativa aos atos registrados; Senten\u00e7a <\/p>\n","protected":false},"author":1,"featured_media":0,"parent":0,"menu_order":0,"comment_status":"closed","ping_status":"closed","template":"","meta":{"footnotes":""},"class_list":["post-2963","page","type-page","status-publish","hentry"],"aioseo_notices":[],"_links":{"self":[{"href":"https:\/\/www.encontrabelohorizonte.com.br\/sobre\/wp-json\/wp\/v2\/pages\/2963","targetHints":{"allow":["GET"]}}],"collection":[{"href":"https:\/\/www.encontrabelohorizonte.com.br\/sobre\/wp-json\/wp\/v2\/pages"}],"about":[{"href":"https:\/\/www.encontrabelohorizonte.com.br\/sobre\/wp-json\/wp\/v2\/types\/page"}],"author":[{"embeddable":true,"href":"https:\/\/www.encontrabelohorizonte.com.br\/sobre\/wp-json\/wp\/v2\/users\/1"}],"replies":[{"embeddable":true,"href":"https:\/\/www.encontrabelohorizonte.com.br\/sobre\/wp-json\/wp\/v2\/comments?post=2963"}],"version-history":[{"count":0,"href":"https:\/\/www.encontrabelohorizonte.com.br\/sobre\/wp-json\/wp\/v2\/pages\/2963\/revisions"}],"wp:attachment":[{"href":"https:\/\/www.encontrabelohorizonte.com.br\/sobre\/wp-json\/wp\/v2\/media?parent=2963"}],"curies":[{"name":"wp","href":"https:\/\/api.w.org\/{rel}","templated":true}]}}