{"id":2974,"date":"2018-01-04T17:29:37","date_gmt":"2018-01-04T17:29:37","guid":{"rendered":"http:\/\/www.encontrabelohorizonte.com.br\/sobre\/?page_id=2974"},"modified":"2018-01-04T17:30:56","modified_gmt":"2018-01-04T17:30:56","slug":"oab-belo-horizonte","status":"publish","type":"page","link":"https:\/\/www.encontrabelohorizonte.com.br\/sobre\/oab-belo-horizonte\/","title":{"rendered":"Oab Belo Horizonte"},"content":{"rendered":"<div class=\"2e083cf0b19e2c11948dc6ac054ba979\" data-index=\"1\" style=\"float: none; margin:0px;\">\n<!-- Anuncio display - global -->\r\n<ins class=\"adsbygoogle\"\r\n     style=\"display:block\"\r\n     data-ad-client=\"ca-pub-8585364105181520\"\r\n     data-ad-slot=\"8789329856\"\r\n     data-ad-format=\"auto\"\r\n     data-full-width-responsive=\"true\"><\/ins>\r\n<script>\r\n     (adsbygoogle = window.adsbygoogle || []).push({});\r\n<\/script>\n<\/div>\n<p>No desempenho de sua fun\u00e7\u00e3o institucional, a <strong>Oab Belo Horizonte<\/strong> promove, com exclusividade, a representa\u00e7\u00e3o, defesa, sele\u00e7\u00e3o e disciplina dos advogados.<\/p>\n<p>A Oab Belo Horizonte est\u00e1 voltada para a amplia\u00e7\u00e3o e consolida\u00e7\u00e3o da cidadania, nunca descuidando da luta por uma Justi\u00e7a mais \u00e1gil e eficiente para todos os jurisdicionados.<\/p>\n<p><img loading=\"lazy\" decoding=\"async\" class=\"alignnone wp-image-2975 size-full\" title=\"Oab Belo Horizonte\" src=\"https:\/\/www.encontrabelohorizonte.com.br\/sobre\/wp-content\/uploads\/oab-belo-horizonte.jpg\" alt=\"Oab Belo Horizonte\" width=\"680\" height=\"189\" srcset=\"https:\/\/www.encontrabelohorizonte.com.br\/sobre\/wp-content\/uploads\/oab-belo-horizonte.jpg 680w, https:\/\/www.encontrabelohorizonte.com.br\/sobre\/wp-content\/uploads\/oab-belo-horizonte-300x83.jpg 300w\" sizes=\"auto, (max-width: 680px) 100vw, 680px\" \/><\/p>\n<h2>Oab Belo Horizonte Inscritos<\/h2>\n<p>Acesse o <a href=\"https:\/\/www.oabmg.org.br\/consulta\/home\/index\" target=\"_blank\" rel=\"noopener noreferrer\">link<\/a> e consulte por Nome ou n\u00famero de Ordem<\/p>\n<h3>Oab Sa\u00fade Belo Horizonte<\/h3>\n<p>O <span style=\"text-decoration: underline;\">OAB Sa\u00fade<\/span> possui a solidez e o padr\u00e3o de qualidade Unimed-BH. S\u00e3o vantagens exclusivas para advogados, estagi\u00e1rios e seus familiares.<\/p>\n<h3>Expresso Oab Belo Horizonte<\/h3>\n<p>Objetiva compartilhar com um maior n\u00famero de advogados e estagi\u00e1rios de Direito da Capital, confira os hor\u00e1rios e os itiner\u00e1rios do<em> Expresso OAB<\/em> em Belo Horizonte.<\/p>\n<p>Lembrando que, os advogados e estagi\u00e1rios devem pegar selo\/mensal para usufru\u00edrem do <em>Expresso OAB<\/em>\/MG, podendo este selo ser obtido na Tesouraria do DAAC &#8211; Departamento de Apoio ao Advogado na Capital, no endere\u00e7o Rua Paracatu, 472 em frente ao F\u00f3rum Lafayette. Ressaltemos que \u00e9 feito confer\u00eancia no sistema da OAB\/MG se o advogado ou estagi\u00e1rio est\u00e1 adimplente com a Seccional.<\/p>\n<p>Clique <a href=\"http:\/\/www.esamg.org.br\/pdf\/expresso_OABMG.pdf\" target=\"_blank\" rel=\"noopener noreferrer\">aqui<\/a> para visualizar os hor\u00e1rios das vans<\/p>\n<h3>Livraria Oab Belo Horizonte<\/h3>\n<p><span style=\"text-decoration: underline;\">Livraria<\/span> Conceito Editorial, voltada para atender o advogado mineiro. A <span style=\"text-decoration: underline;\">livraria<\/span> do advogado esta localizada no cora\u00e7\u00e3o de Belo Horizonte, na Rua dos Guajajaras, 285. N<\/p>\n<p>A <span style=\"text-decoration: underline;\">Livraria<\/span> Conceito Editorial \u00e9 uma garantia de que estudantes, advogados, magistrados e demais operadores do direito ter\u00e3o sempre excelentes descontos e prazos de pagamento facilitados<\/p>\n<h3>Hor\u00e1rio de Funcionamento Oab Belo Horizonte<\/h3>\n<ul>\n<li>Segunda a sexta das 9h \u00e0s 18h<\/li>\n<\/ul>\n<h3>Endere\u00e7o e Telefone Oab Belo Horizonte<\/h3>\n<ul>\n<li>R. Albita, 250 &#8211; Cruzeiro &#8211; Belo Horizonte &#8211; MG<\/li>\n<li>Telefone: (31) 2102-5800<\/li>\n<\/ul>\n<h4>Outras informa\u00e7\u00f5es e site<\/h4>\n<p>Mais informa\u00e7\u00f5es:\u00a0<a href=\"http:\/\/www.oabmg.org.br\/\" target=\"_blank\" rel=\"noopener noreferrer\">www.oabmg.org.br\/<\/a><\/p>\n<h4>Mapa de localiza\u00e7\u00e3o<\/h4>\n<a class=\"wp-colorbox-iframe\" href=\"https:\/\/www.google.com\/maps\/embed?pb=!1m14!1m8!1m3!1d15002.346954942259!2d-43.9268525!3d-19.9418124!3m2!1i1024!2i768!4f13.1!3m3!1m2!1s0x00x45af72d7bc3c862!2sOAB-MG!5e0!3m2!1spt-BR!2sbr!4v1515085265647\"><img decoding=\"async\" src=\"http:\/\/www.encontrabelohorizonte.com.br\/imgs\/maps-post.png\"><\/a>\n\n<div style=\"font-size: 0px; height: 0px; line-height: 0px; margin: 0; padding: 0; clear: both;\"><\/div>","protected":false},"excerpt":{"rendered":"<p>No desempenho de sua fun\u00e7\u00e3o institucional, a Oab Belo Horizonte promove, com exclusividade, a representa\u00e7\u00e3o, defesa, sele\u00e7\u00e3o e disciplina dos advogados. A Oab Belo Horizonte est\u00e1 voltada para a amplia\u00e7\u00e3o e consolida\u00e7\u00e3o da cidadania, nunca descuidando da luta por uma Justi\u00e7a mais \u00e1gil e eficiente para todos os jurisdicionados. Oab Belo Horizonte Inscritos Acesse o link e consulte por Nome ou n\u00famero de Ordem Oab Sa\u00fade Belo Horizonte O OAB Sa\u00fade possui a solidez e o padr\u00e3o de qualidade Unimed-BH. S\u00e3o vantagens exclusivas para advogados, estagi\u00e1rios e seus familiares. Expresso Oab Belo Horizonte Objetiva compartilhar com um maior n\u00famero de <\/p>\n","protected":false},"author":1,"featured_media":0,"parent":0,"menu_order":0,"comment_status":"closed","ping_status":"closed","template":"","meta":{"footnotes":""},"class_list":["post-2974","page","type-page","status-publish","hentry"],"aioseo_notices":[],"_links":{"self":[{"href":"https:\/\/www.encontrabelohorizonte.com.br\/sobre\/wp-json\/wp\/v2\/pages\/2974","targetHints":{"allow":["GET"]}}],"collection":[{"href":"https:\/\/www.encontrabelohorizonte.com.br\/sobre\/wp-json\/wp\/v2\/pages"}],"about":[{"href":"https:\/\/www.encontrabelohorizonte.com.br\/sobre\/wp-json\/wp\/v2\/types\/page"}],"author":[{"embeddable":true,"href":"https:\/\/www.encontrabelohorizonte.com.br\/sobre\/wp-json\/wp\/v2\/users\/1"}],"replies":[{"embeddable":true,"href":"https:\/\/www.encontrabelohorizonte.com.br\/sobre\/wp-json\/wp\/v2\/comments?post=2974"}],"version-history":[{"count":0,"href":"https:\/\/www.encontrabelohorizonte.com.br\/sobre\/wp-json\/wp\/v2\/pages\/2974\/revisions"}],"wp:attachment":[{"href":"https:\/\/www.encontrabelohorizonte.com.br\/sobre\/wp-json\/wp\/v2\/media?parent=2974"}],"curies":[{"name":"wp","href":"https:\/\/api.w.org\/{rel}","templated":true}]}}