{"id":2977,"date":"2018-01-04T17:47:45","date_gmt":"2018-01-04T17:47:45","guid":{"rendered":"http:\/\/www.encontrabelohorizonte.com.br\/sobre\/?page_id=2977"},"modified":"2018-01-04T21:16:58","modified_gmt":"2018-01-04T21:16:58","slug":"sindicato-dos-bancarios-de-belo-horizonte","status":"publish","type":"page","link":"https:\/\/www.encontrabelohorizonte.com.br\/sobre\/sindicato-dos-bancarios-de-belo-horizonte\/","title":{"rendered":"Sindicato dos Banc\u00e1rios de Belo Horizonte"},"content":{"rendered":"<div class=\"2e083cf0b19e2c11948dc6ac054ba979\" data-index=\"1\" style=\"float: none; margin:0px;\">\n<!-- Anuncio display - global -->\r\n<ins class=\"adsbygoogle\"\r\n     style=\"display:block\"\r\n     data-ad-client=\"ca-pub-8585364105181520\"\r\n     data-ad-slot=\"8789329856\"\r\n     data-ad-format=\"auto\"\r\n     data-full-width-responsive=\"true\"><\/ins>\r\n<script>\r\n     (adsbygoogle = window.adsbygoogle || []).push({});\r\n<\/script>\n<\/div>\n<p>O <strong>Sindicato dos Banc\u00e1rios de Belo Horizonte<\/strong> e Regi\u00e3o \u00e9 o terceiro maior do pa\u00eds e carrega uma tradi\u00e7\u00e3o de mais de oitenta anos, marcados por lutas, conquistas e forte atua\u00e7\u00e3o junto com a categoria.<\/p>\n<p>Oferece os servi\u00e7os: Consulta Processual, Den\u00fancia de Ass\u00e9dio Moral, Conv\u00eanios, Ccv Documentos e Evolu\u00e7\u00e3o Salarial<\/p>\n<p><img loading=\"lazy\" decoding=\"async\" class=\"alignnone wp-image-2978 size-full\" title=\"Sindicato dos Banc\u00e1rios de Belo Horizonte\" src=\"https:\/\/www.encontrabelohorizonte.com.br\/sobre\/wp-content\/uploads\/sindicato-dos-bancarios-de-.jpg\" alt=\"Sindicato dos Banc\u00e1rios de Belo Horizonte\" width=\"680\" height=\"189\" srcset=\"https:\/\/www.encontrabelohorizonte.com.br\/sobre\/wp-content\/uploads\/sindicato-dos-bancarios-de-.jpg 680w, https:\/\/www.encontrabelohorizonte.com.br\/sobre\/wp-content\/uploads\/sindicato-dos-bancarios-de--300x83.jpg 300w\" sizes=\"auto, (max-width: 680px) 100vw, 680px\" \/><\/p>\n<h2>Sindicato dos Banc\u00e1rios de Belo Horizonte Acordos e Conven\u00e7\u00f5es<\/h2>\n<p>O Sindicato dos Banc\u00e1rios de BH e Regi\u00e3o, em sua luta sindical marcada pela integra\u00e7\u00e3o nacional, disponibiliza no ste os documentos das <em>Conven\u00e7\u00f5es Coletivas<\/em> dos \u00faltimos anos.<\/p>\n<p>As <em>Conven\u00e7\u00f5es<\/em> s\u00e3o os acordos firmados pela FENABAN, Federa\u00e7\u00e3o Nacional dos Bancos, que regularizam as negocia\u00e7\u00f5es feitas entre os bancos particulares\/financeiras e os sindicatos<\/p>\n<h3>Hor\u00e1rio de Funcionamento Sindicato dos Banc\u00e1rios de Belo Horizonte<\/h3>\n<ul>\n<li>Segunda a sexta das 9h \u00e0s 18h<\/li>\n<\/ul>\n<h3>Endere\u00e7o e Telefone Sindicato dos Banc\u00e1rios de Belo Horizonte<\/h3>\n<ul>\n<li>Rua dos Tam\u00f4ios, 611 &#8211; Centro &#8211; Belo Horizonte &#8211; MG<\/li>\n<li>Telefone: (31) 3279-7800<\/li>\n<\/ul>\n<h4>Outras informa\u00e7\u00f5es e site<\/h4>\n<ul>\n<li>Mais informa\u00e7\u00f5es:\u00a0<a href=\"http:\/\/www.bancariosbh.org.br\" target=\"_blank\" rel=\"noopener noreferrer\">www.bancariosbh.org.br<\/a><\/li>\n<li>E-mail: <a href=\"mailto:fale_conosco@bancariosbh.org.br\" target=\"_blank\" rel=\"noopener noreferrer\">fale_conosco@bancariosbh.org.br<\/a><\/li>\n<\/ul>\n<h4>Mapa de localiza\u00e7\u00e3o<\/h4>\n<a class=\"wp-colorbox-iframe\" href=\"https:\/\/www.google.com\/maps\/embed?pb=!1m14!1m8!1m3!1d15004.447886682065!2d-43.9421572!3d-19.9196858!3m2!1i1024!2i768!4f13.1!3m3!1m2!1s0x00x66a7f508194f074b!2sSindicato+dos+Bancrios!5e0!3m2!1spt-BR!2sbr!4v1515086815936\"><img decoding=\"async\" src=\"http:\/\/www.encontrabelohorizonte.com.br\/imgs\/maps-post.png\"><\/a>\n\n<div style=\"font-size: 0px; height: 0px; line-height: 0px; margin: 0; padding: 0; clear: both;\"><\/div>","protected":false},"excerpt":{"rendered":"<p>O Sindicato dos Banc\u00e1rios de Belo Horizonte e Regi\u00e3o \u00e9 o terceiro maior do pa\u00eds e carrega uma tradi\u00e7\u00e3o de mais de oitenta anos, marcados por lutas, conquistas e forte atua\u00e7\u00e3o junto com a categoria. Oferece os servi\u00e7os: Consulta Processual, Den\u00fancia de Ass\u00e9dio Moral, Conv\u00eanios, Ccv Documentos e Evolu\u00e7\u00e3o Salarial Sindicato dos Banc\u00e1rios de Belo Horizonte Acordos e Conven\u00e7\u00f5es O Sindicato dos Banc\u00e1rios de BH e Regi\u00e3o, em sua luta sindical marcada pela integra\u00e7\u00e3o nacional, disponibiliza no ste os documentos das Conven\u00e7\u00f5es Coletivas dos \u00faltimos anos. As Conven\u00e7\u00f5es s\u00e3o os acordos firmados pela FENABAN, Federa\u00e7\u00e3o Nacional dos Bancos, que regularizam <\/p>\n","protected":false},"author":1,"featured_media":0,"parent":0,"menu_order":0,"comment_status":"closed","ping_status":"closed","template":"","meta":{"footnotes":""},"class_list":["post-2977","page","type-page","status-publish","hentry"],"aioseo_notices":[],"_links":{"self":[{"href":"https:\/\/www.encontrabelohorizonte.com.br\/sobre\/wp-json\/wp\/v2\/pages\/2977","targetHints":{"allow":["GET"]}}],"collection":[{"href":"https:\/\/www.encontrabelohorizonte.com.br\/sobre\/wp-json\/wp\/v2\/pages"}],"about":[{"href":"https:\/\/www.encontrabelohorizonte.com.br\/sobre\/wp-json\/wp\/v2\/types\/page"}],"author":[{"embeddable":true,"href":"https:\/\/www.encontrabelohorizonte.com.br\/sobre\/wp-json\/wp\/v2\/users\/1"}],"replies":[{"embeddable":true,"href":"https:\/\/www.encontrabelohorizonte.com.br\/sobre\/wp-json\/wp\/v2\/comments?post=2977"}],"version-history":[{"count":0,"href":"https:\/\/www.encontrabelohorizonte.com.br\/sobre\/wp-json\/wp\/v2\/pages\/2977\/revisions"}],"wp:attachment":[{"href":"https:\/\/www.encontrabelohorizonte.com.br\/sobre\/wp-json\/wp\/v2\/media?parent=2977"}],"curies":[{"name":"wp","href":"https:\/\/api.w.org\/{rel}","templated":true}]}}