{"id":2981,"date":"2018-01-04T18:59:39","date_gmt":"2018-01-04T18:59:39","guid":{"rendered":"http:\/\/www.encontrabelohorizonte.com.br\/sobre\/?page_id=2981"},"modified":"2018-01-04T21:19:42","modified_gmt":"2018-01-04T21:19:42","slug":"forum-belo-horizonte","status":"publish","type":"page","link":"https:\/\/www.encontrabelohorizonte.com.br\/sobre\/forum-belo-horizonte\/","title":{"rendered":"F\u00f3rum Belo Horizonte"},"content":{"rendered":"<div class=\"2e083cf0b19e2c11948dc6ac054ba979\" data-index=\"1\" style=\"float: none; margin:0px;\">\n<!-- Anuncio display - global -->\r\n<ins class=\"adsbygoogle\"\r\n     style=\"display:block\"\r\n     data-ad-client=\"ca-pub-8585364105181520\"\r\n     data-ad-slot=\"8789329856\"\r\n     data-ad-format=\"auto\"\r\n     data-full-width-responsive=\"true\"><\/ins>\r\n<script>\r\n     (adsbygoogle = window.adsbygoogle || []).push({});\r\n<\/script>\n<\/div>\n<p>No <strong>F\u00f3rum Belo Horizonte<\/strong> est\u00e3o sediadas as instala\u00e7\u00f5es do Poder Judici\u00e1rio, onde trabalham os magistrados e onde funcionam os tribunais judiciais.<\/p>\n<p><img loading=\"lazy\" decoding=\"async\" class=\"alignnone wp-image-2982 size-full\" title=\"F\u00f3rum Belo Horizonte\" src=\"https:\/\/www.encontrabelohorizonte.com.br\/sobre\/wp-content\/uploads\/forum-belo-horizonte.jpg\" alt=\"F\u00f3rum Belo Horizonte\" width=\"680\" height=\"189\" srcset=\"https:\/\/www.encontrabelohorizonte.com.br\/sobre\/wp-content\/uploads\/forum-belo-horizonte.jpg 680w, https:\/\/www.encontrabelohorizonte.com.br\/sobre\/wp-content\/uploads\/forum-belo-horizonte-300x83.jpg 300w\" sizes=\"auto, (max-width: 680px) 100vw, 680px\" \/><\/p>\n<h2>F\u00f3rum Belo Horizonte Est\u00e1gio<\/h2>\n<p>O estudante pode comparecer ao setor de <em>est\u00e1gio<\/em> do TJMG, que fica na rua Guajajaras, n\u00ba 40, 19\u00b0 andar e preencher uma ficha de cadastro. N\u00e3o \u00e9 necess\u00e1rio apresentar documenta\u00e7\u00e3o no ato da inscri\u00e7\u00e3o. Para mais informa\u00e7\u00f5es, entre em contato com a Coordena\u00e7\u00e3o de Recrutamento, Sele\u00e7\u00e3o e Acompanhamento de Est\u00e1gios (Coest), pelo telefone (31) 3247-8970 ou envie e-mail para <a href=\"mailto:coest@tjmg.jus.br\" target=\"_blank\" rel=\"noopener noreferrer\">coest@tjmg.jus.br<\/a> .<\/p>\n<h3>Hor\u00e1rio de Funcionamento F\u00f3rum Lafayette Belo Horizonte<\/h3>\n<ul>\n<li>Segunda a sexta das 8h \u00e0s 18h<\/li>\n<\/ul>\n<h3>Endere\u00e7o e Telefone F\u00f3rum Belo Horizonte<\/h3>\n<ul>\n<li>Av. Augusto de Lima, 1549 &#8211; Barro Preto &#8211; Belo Horizonte &#8211; MG<\/li>\n<li>Telefone: (31) 3330-2000<\/li>\n<\/ul>\n<h4>Outras informa\u00e7\u00f5es e site<\/h4>\n<p>Mais informa\u00e7\u00f5es:\u00a0<a href=\"http:\/\/www.tjmg.jus.br\/\" target=\"_blank\" rel=\"noopener noreferrer\">www.tjmg.jus.br\/<\/a><\/p>\n<h4>Mapa de localiza\u00e7\u00e3o<\/h4>\n<a class=\"wp-colorbox-iframe\" href=\"https:\/\/www.google.com\/maps\/embed?pb=!1m14!1m8!1m3!1d15004.229728122345!2d-43.9511202!3d-19.9219845!3m2!1i1024!2i768!4f13.1!3m3!1m2!1s0x00x3225cd6f758cf556!2sFrum+Lafayette!5e0!3m2!1spt-BR!2sbr!4v1515090550423\"><img decoding=\"async\" src=\"http:\/\/www.encontrabelohorizonte.com.br\/imgs\/maps-post.png\"><\/a>\n\n<div style=\"font-size: 0px; height: 0px; line-height: 0px; margin: 0; padding: 0; clear: both;\"><\/div>","protected":false},"excerpt":{"rendered":"<p>No F\u00f3rum Belo Horizonte est\u00e3o sediadas as instala\u00e7\u00f5es do Poder Judici\u00e1rio, onde trabalham os magistrados e onde funcionam os tribunais judiciais. F\u00f3rum Belo Horizonte Est\u00e1gio O estudante pode comparecer ao setor de est\u00e1gio do TJMG, que fica na rua Guajajaras, n\u00ba 40, 19\u00b0 andar e preencher uma ficha de cadastro. N\u00e3o \u00e9 necess\u00e1rio apresentar documenta\u00e7\u00e3o no ato da inscri\u00e7\u00e3o. Para mais informa\u00e7\u00f5es, entre em contato com a Coordena\u00e7\u00e3o de Recrutamento, Sele\u00e7\u00e3o e Acompanhamento de Est\u00e1gios (Coest), pelo telefone (31) 3247-8970 ou envie e-mail para coest@tjmg.jus.br . Hor\u00e1rio de Funcionamento F\u00f3rum Lafayette Belo Horizonte Segunda a sexta das 8h \u00e0s 18h <\/p>\n","protected":false},"author":1,"featured_media":0,"parent":0,"menu_order":0,"comment_status":"closed","ping_status":"closed","template":"","meta":{"footnotes":""},"class_list":["post-2981","page","type-page","status-publish","hentry"],"aioseo_notices":[],"_links":{"self":[{"href":"https:\/\/www.encontrabelohorizonte.com.br\/sobre\/wp-json\/wp\/v2\/pages\/2981","targetHints":{"allow":["GET"]}}],"collection":[{"href":"https:\/\/www.encontrabelohorizonte.com.br\/sobre\/wp-json\/wp\/v2\/pages"}],"about":[{"href":"https:\/\/www.encontrabelohorizonte.com.br\/sobre\/wp-json\/wp\/v2\/types\/page"}],"author":[{"embeddable":true,"href":"https:\/\/www.encontrabelohorizonte.com.br\/sobre\/wp-json\/wp\/v2\/users\/1"}],"replies":[{"embeddable":true,"href":"https:\/\/www.encontrabelohorizonte.com.br\/sobre\/wp-json\/wp\/v2\/comments?post=2981"}],"version-history":[{"count":0,"href":"https:\/\/www.encontrabelohorizonte.com.br\/sobre\/wp-json\/wp\/v2\/pages\/2981\/revisions"}],"wp:attachment":[{"href":"https:\/\/www.encontrabelohorizonte.com.br\/sobre\/wp-json\/wp\/v2\/media?parent=2981"}],"curies":[{"name":"wp","href":"https:\/\/api.w.org\/{rel}","templated":true}]}}