{"id":2987,"date":"2018-01-04T19:40:11","date_gmt":"2018-01-04T19:40:11","guid":{"rendered":"http:\/\/www.encontrabelohorizonte.com.br\/sobre\/?page_id=2987"},"modified":"2018-01-04T21:22:40","modified_gmt":"2018-01-04T21:22:40","slug":"ibama-belo-horizonte","status":"publish","type":"page","link":"https:\/\/www.encontrabelohorizonte.com.br\/sobre\/ibama-belo-horizonte\/","title":{"rendered":"Ibama Belo Horizonte"},"content":{"rendered":"<div class=\"2e083cf0b19e2c11948dc6ac054ba979\" data-index=\"1\" style=\"float: none; margin:0px;\">\n<!-- Anuncio display - global -->\r\n<ins class=\"adsbygoogle\"\r\n     style=\"display:block\"\r\n     data-ad-client=\"ca-pub-8585364105181520\"\r\n     data-ad-slot=\"8789329856\"\r\n     data-ad-format=\"auto\"\r\n     data-full-width-responsive=\"true\"><\/ins>\r\n<script>\r\n     (adsbygoogle = window.adsbygoogle || []).push({});\r\n<\/script>\n<\/div>\n<p>O Instituto Brasileiro do Meio Ambiente e dos Recursos Naturais Renov\u00e1veis, mais conhecido pelo acr\u00f4nimo IBAMA, \u00e9 uma autarquia federal vinculada ao Minist\u00e9rio do Meio Ambiente (MMA).<\/p>\n<p><strong>Ibama Belo Horizonte<\/strong> \u00e9 o \u00f3rg\u00e3o executivo respons\u00e1vel pela execu\u00e7\u00e3o da Pol\u00edtica Nacional do Meio Ambiente e desenvolve diversas atividades para a preserva\u00e7\u00e3o e conserva\u00e7\u00e3o do patrim\u00f4nio natural, exercendo o controle e a fiscaliza\u00e7\u00e3o sobre o uso dos recursos naturais (\u00e1gua, flora, fauna, solo, etc).<\/p>\n<p><img loading=\"lazy\" decoding=\"async\" class=\"alignnone wp-image-2988 size-full\" title=\"Ibama Belo Horizonte\" src=\"https:\/\/www.encontrabelohorizonte.com.br\/sobre\/wp-content\/uploads\/ibama-belo-horizonte.jpg\" alt=\"Ibama Belo Horizonte\" width=\"680\" height=\"189\" srcset=\"https:\/\/www.encontrabelohorizonte.com.br\/sobre\/wp-content\/uploads\/ibama-belo-horizonte.jpg 680w, https:\/\/www.encontrabelohorizonte.com.br\/sobre\/wp-content\/uploads\/ibama-belo-horizonte-300x83.jpg 300w\" sizes=\"auto, (max-width: 680px) 100vw, 680px\" \/><\/p>\n<p>Tamb\u00e9m cabe a ele conceder licen\u00e7as ambientais para empreendimentos de sua compet\u00eancia.<\/p>\n<h2>Concurso Ibama Belo Horizonte<\/h2>\n<p>O Minist\u00e9rio do Meio Ambiente \u00e9 o respons\u00e1vel por solicitar abertura de novo <em>concurso<\/em> p\u00fablico.<br \/>\nAcesse o site para informa\u00e7\u00f5es sobre vagas, sal\u00e1rios, prazos e como efetuar inscri\u00e7\u00e3o.<\/p>\n<h3>Hor\u00e1rio de Funcionamento Ibama Belo Horizonte<\/h3>\n<ul>\n<li>Segunda a sexta das 8h \u00e0s 18h<\/li>\n<\/ul>\n<h3>Endere\u00e7o e Telefone Cetas Ibama Belo Horizonte<\/h3>\n<ul>\n<li>Av. do Contorno, 8121 &#8211; Lourdes &#8211; Belo Horizonte &#8211; MG<\/li>\n<li>Telefone: (31) 3555-6100<\/li>\n<\/ul>\n<h4>Outras informa\u00e7\u00f5es e site<\/h4>\n<p>Mais informa\u00e7\u00f5es:\u00a0<a href=\"http:\/\/www.ibama.gov.br\/\" target=\"_blank\" rel=\"noopener noreferrer\">www.ibama.gov.br\/<\/a><\/p>\n<h4>Mapa de localiza\u00e7\u00e3o<\/h4>\n<a class=\"wp-colorbox-iframe\" href=\"https:\/\/www.google.com\/maps\/embed?pb=!1m14!1m8!1m3!1d15003.040160484938!2d-43.9517622!3d-19.9345143!3m2!1i1024!2i768!4f13.1!3m3!1m2!1s0x00xe37b4eaab005cd79!2sIBAMA+-+Instituto+Brasileiro+de+Meio+Ambiente+e+dos+Recursos+Naturais+Renovveis!5e0!3m2!1spt-BR!2sbr!4v1515093622337\"><img decoding=\"async\" src=\"http:\/\/www.encontrabelohorizonte.com.br\/imgs\/maps-post.png\"><\/a>\n\n<div style=\"font-size: 0px; height: 0px; line-height: 0px; margin: 0; padding: 0; clear: both;\"><\/div>","protected":false},"excerpt":{"rendered":"<p>O Instituto Brasileiro do Meio Ambiente e dos Recursos Naturais Renov\u00e1veis, mais conhecido pelo acr\u00f4nimo IBAMA, \u00e9 uma autarquia federal vinculada ao Minist\u00e9rio do Meio Ambiente (MMA). Ibama Belo Horizonte \u00e9 o \u00f3rg\u00e3o executivo respons\u00e1vel pela execu\u00e7\u00e3o da Pol\u00edtica Nacional do Meio Ambiente e desenvolve diversas atividades para a preserva\u00e7\u00e3o e conserva\u00e7\u00e3o do patrim\u00f4nio natural, exercendo o controle e a fiscaliza\u00e7\u00e3o sobre o uso dos recursos naturais (\u00e1gua, flora, fauna, solo, etc). Tamb\u00e9m cabe a ele conceder licen\u00e7as ambientais para empreendimentos de sua compet\u00eancia. Concurso Ibama Belo Horizonte O Minist\u00e9rio do Meio Ambiente \u00e9 o respons\u00e1vel por solicitar abertura de <\/p>\n","protected":false},"author":1,"featured_media":0,"parent":0,"menu_order":0,"comment_status":"closed","ping_status":"closed","template":"","meta":{"footnotes":""},"class_list":["post-2987","page","type-page","status-publish","hentry"],"aioseo_notices":[],"_links":{"self":[{"href":"https:\/\/www.encontrabelohorizonte.com.br\/sobre\/wp-json\/wp\/v2\/pages\/2987","targetHints":{"allow":["GET"]}}],"collection":[{"href":"https:\/\/www.encontrabelohorizonte.com.br\/sobre\/wp-json\/wp\/v2\/pages"}],"about":[{"href":"https:\/\/www.encontrabelohorizonte.com.br\/sobre\/wp-json\/wp\/v2\/types\/page"}],"author":[{"embeddable":true,"href":"https:\/\/www.encontrabelohorizonte.com.br\/sobre\/wp-json\/wp\/v2\/users\/1"}],"replies":[{"embeddable":true,"href":"https:\/\/www.encontrabelohorizonte.com.br\/sobre\/wp-json\/wp\/v2\/comments?post=2987"}],"version-history":[{"count":0,"href":"https:\/\/www.encontrabelohorizonte.com.br\/sobre\/wp-json\/wp\/v2\/pages\/2987\/revisions"}],"wp:attachment":[{"href":"https:\/\/www.encontrabelohorizonte.com.br\/sobre\/wp-json\/wp\/v2\/media?parent=2987"}],"curies":[{"name":"wp","href":"https:\/\/api.w.org\/{rel}","templated":true}]}}