{"id":3015,"date":"2018-01-08T17:47:16","date_gmt":"2018-01-08T17:47:16","guid":{"rendered":"http:\/\/www.encontrabelohorizonte.com.br\/sobre\/?page_id=3015"},"modified":"2018-01-08T17:51:43","modified_gmt":"2018-01-08T17:51:43","slug":"hospital-sao-francisco-belo-horizonte","status":"publish","type":"page","link":"https:\/\/www.encontrabelohorizonte.com.br\/sobre\/hospital-sao-francisco-belo-horizonte\/","title":{"rendered":"Hospital S\u00e3o Francisco Belo Horizonte"},"content":{"rendered":"<div class=\"2e083cf0b19e2c11948dc6ac054ba979\" data-index=\"1\" style=\"float: none; margin:0px;\">\n<!-- Anuncio display - global -->\r\n<ins class=\"adsbygoogle\"\r\n     style=\"display:block\"\r\n     data-ad-client=\"ca-pub-8585364105181520\"\r\n     data-ad-slot=\"8789329856\"\r\n     data-ad-format=\"auto\"\r\n     data-full-width-responsive=\"true\"><\/ins>\r\n<script>\r\n     (adsbygoogle = window.adsbygoogle || []).push({});\r\n<\/script>\n<\/div>\n<p>Atualmente o<strong> Hospital S\u00e3o Francisco Belo Horizonte<\/strong> mant\u00e9m suas duas unidades em funcionamento, somando 344 leitos, sendo 52 leitos de CTI, e mais de 1.300 colaboradores, que prestam servi\u00e7os hospitalares e cir\u00fargicos de alta, m\u00e9dia e baixa complexidade em 21 especia\u00adlidades, atendendo exclusivamente a pacientes do SUS.<\/p>\n<p>Os pacientes e familiares contam com uma estrutura f\u00edsica completa, com enfermarias, ambulat\u00f3rios, laborat\u00f3rios, salas e centros cir\u00fargicos modernos.<\/p>\n<p><img loading=\"lazy\" decoding=\"async\" class=\"alignnone wp-image-3016 size-full\" title=\"Hospital S\u00e3o Francisco Belo Horizonte\" src=\"https:\/\/www.encontrabelohorizonte.com.br\/sobre\/wp-content\/uploads\/hospital-sao-francisco-belo.jpg\" alt=\"Hospital S\u00e3o Francisco Belo Horizonte\" width=\"680\" height=\"189\" srcset=\"https:\/\/www.encontrabelohorizonte.com.br\/sobre\/wp-content\/uploads\/hospital-sao-francisco-belo.jpg 680w, https:\/\/www.encontrabelohorizonte.com.br\/sobre\/wp-content\/uploads\/hospital-sao-francisco-belo-300x83.jpg 300w\" sizes=\"auto, (max-width: 680px) 100vw, 680px\" \/><\/p>\n<p>O Complexo tamb\u00e9m disponibiliza uma estrutura funcional eficiente, com estacionamento, almoxarifado, setor de manuten\u00e7\u00e3o, farm\u00e1cia, refeit\u00f3rio, rouparia, espa\u00e7o ecum\u00eanico, entre outras \u00e1reas importantes para o atendimento de sa\u00fade com qualidade e seguran\u00e7a.<\/p>\n<p>O CHSF re\u00fane uma equipe multidisciplinar que visa tratar os pacientes de maneira hol\u00edstica e atend\u00ea-los em suas v\u00e1rias necessidades, cuidando deles e de seus acompanhantes e visitantes com respeito, cortesia, aten\u00e7\u00e3o e empatia, contribuindo para sua recupera\u00e7\u00e3o e qualidade de vida.<\/p>\n<p>O Complexo Hospitalar S\u00e3o Francisco \u00e9 reconhecido como uma importante refer\u00eancia em todo o Estado no atendimento a pacientes usu\u00e1rios do Sistema \u00danico de Sa\u00fade (SUS) da capital mineira e Regi\u00e3o Metropolitana de Belo Horizonte, bem como em outras regi\u00f5es do Estado, e atua com a maior capacidade de toda a sua hist\u00f3ria. Com ambiente acolhedor, atendimento humanizado e profissionais confi\u00e1veis, o hospital traduz, para pacientes, familiares e acompanhantes, a sua filosofia de trabalho \u2013 baseada no trip\u00e9 Cortesia, Entusiasmo e Planejamento.<\/p>\n<h2>Hospital S\u00e3o Francisco Belo Horizonte Trabalhe Conosco<\/h2>\n<p>Deixe seu <em>curr\u00edculo<\/em> no banco de dados do CHSF. Envie e-mail para: <a href=\"mailto:rh@saofrancisco.org.br\" target=\"_blank\" rel=\"noopener noreferrer\">rh@saofrancisco.org.br<\/a><\/p>\n<h3>Hor\u00e1rio de Funcionamento Hospital S\u00e3o Francisco Belo Horizonte<\/h3>\n<ul>\n<li>Atendimento 24 horas.<\/li>\n<\/ul>\n<h3>Endere\u00e7o e Telefone Hospital S\u00e3o Francisco Belo Horizonte<\/h3>\n<ul>\n<li><strong>Unidade Santa L\u00facia<\/strong> &#8211; Rua Crucis, 50 &#8211; Tel.: (31) 3298-2300<\/li>\n<li><strong>Unidade Conc\u00f3rdia<\/strong> &#8211; Rua Itamarac\u00e1, 535 &#8211; Tel.: (31) 2126-1500<\/li>\n<\/ul>\n<h4>Outras informa\u00e7\u00f5es e site<\/h4>\n<p>Mais informa\u00e7\u00f5es:\u00a0<a href=\"http:\/\/www.saofrancisco.org.br\" target=\"_blank\" rel=\"noopener noreferrer\">www.saofrancisco.org.br<\/a><\/p>\n<h4>Mapa de localiza\u00e7\u00e3o Unidade Santa L\u00facia<\/h4>\n<a class=\"wp-colorbox-iframe\" href=\"https:\/\/www.google.com\/maps\/embed?pb=!1m14!1m8!1m3!1d15000.68367005451!2d-43.9460759!3d-19.9593131!3m2!1i1024!2i768!4f13.1!3m3!1m2!1s0x00x21ada987b67c6af8!2sHospital+So+Francisco+-+Unidade+Santa+Lcia!5e0!3m2!1spt-BR!2sbr!4v1515429003776\"><img decoding=\"async\" src=\"http:\/\/www.encontrabelohorizonte.com.br\/imgs\/maps-post.png\"><\/a>\n<p>&nbsp;<\/p>\n\n<div style=\"font-size: 0px; height: 0px; line-height: 0px; margin: 0; padding: 0; clear: both;\"><\/div>","protected":false},"excerpt":{"rendered":"<p>Atualmente o Hospital S\u00e3o Francisco Belo Horizonte mant\u00e9m suas duas unidades em funcionamento, somando 344 leitos, sendo 52 leitos de CTI, e mais de 1.300 colaboradores, que prestam servi\u00e7os hospitalares e cir\u00fargicos de alta, m\u00e9dia e baixa complexidade em 21 especia\u00adlidades, atendendo exclusivamente a pacientes do SUS. Os pacientes e familiares contam com uma estrutura f\u00edsica completa, com enfermarias, ambulat\u00f3rios, laborat\u00f3rios, salas e centros cir\u00fargicos modernos. O Complexo tamb\u00e9m disponibiliza uma estrutura funcional eficiente, com estacionamento, almoxarifado, setor de manuten\u00e7\u00e3o, farm\u00e1cia, refeit\u00f3rio, rouparia, espa\u00e7o ecum\u00eanico, entre outras \u00e1reas importantes para o atendimento de sa\u00fade com qualidade e seguran\u00e7a. O CHSF <\/p>\n","protected":false},"author":1,"featured_media":0,"parent":0,"menu_order":0,"comment_status":"closed","ping_status":"closed","template":"","meta":{"footnotes":""},"class_list":["post-3015","page","type-page","status-publish","hentry"],"aioseo_notices":[],"_links":{"self":[{"href":"https:\/\/www.encontrabelohorizonte.com.br\/sobre\/wp-json\/wp\/v2\/pages\/3015","targetHints":{"allow":["GET"]}}],"collection":[{"href":"https:\/\/www.encontrabelohorizonte.com.br\/sobre\/wp-json\/wp\/v2\/pages"}],"about":[{"href":"https:\/\/www.encontrabelohorizonte.com.br\/sobre\/wp-json\/wp\/v2\/types\/page"}],"author":[{"embeddable":true,"href":"https:\/\/www.encontrabelohorizonte.com.br\/sobre\/wp-json\/wp\/v2\/users\/1"}],"replies":[{"embeddable":true,"href":"https:\/\/www.encontrabelohorizonte.com.br\/sobre\/wp-json\/wp\/v2\/comments?post=3015"}],"version-history":[{"count":0,"href":"https:\/\/www.encontrabelohorizonte.com.br\/sobre\/wp-json\/wp\/v2\/pages\/3015\/revisions"}],"wp:attachment":[{"href":"https:\/\/www.encontrabelohorizonte.com.br\/sobre\/wp-json\/wp\/v2\/media?parent=3015"}],"curies":[{"name":"wp","href":"https:\/\/api.w.org\/{rel}","templated":true}]}}