{"id":3019,"date":"2018-01-08T18:27:24","date_gmt":"2018-01-08T18:27:24","guid":{"rendered":"http:\/\/www.encontrabelohorizonte.com.br\/sobre\/?page_id=3019"},"modified":"2018-01-08T18:27:39","modified_gmt":"2018-01-08T18:27:39","slug":"oiapoque-belo-horizonte","status":"publish","type":"page","link":"https:\/\/www.encontrabelohorizonte.com.br\/sobre\/oiapoque-belo-horizonte\/","title":{"rendered":"Oiapoque Belo Horizonte"},"content":{"rendered":"<div class=\"2e083cf0b19e2c11948dc6ac054ba979\" data-index=\"1\" style=\"float: none; margin:0px;\">\n<!-- Anuncio display - global -->\r\n<ins class=\"adsbygoogle\"\r\n     style=\"display:block\"\r\n     data-ad-client=\"ca-pub-8585364105181520\"\r\n     data-ad-slot=\"8789329856\"\r\n     data-ad-format=\"auto\"\r\n     data-full-width-responsive=\"true\"><\/ins>\r\n<script>\r\n     (adsbygoogle = window.adsbygoogle || []).push({});\r\n<\/script>\n<\/div>\n<p><strong>Oiapoque Belo Horizonte<\/strong> \u00e9 uma empresa de presta\u00e7\u00e3o de servi\u00e7os que disponibiliza espa\u00e7o para an\u00fancios de produtos e servi\u00e7os na internet.<\/p>\n<p>Busca oferecer servi\u00e7o de hospedagem de lojas virtuais para os clientes. \u00c9 uma empresa do grupo Shopping Oiapoque que est\u00e1 a mais de dez anos no centro de Belo Horizonte contando mais de 900 lojas dos mais diversos segmentos.<\/p>\n<p><img loading=\"lazy\" decoding=\"async\" class=\"alignnone wp-image-3020 size-full\" title=\"Oiapoque Belo Horizonte\" src=\"https:\/\/www.encontrabelohorizonte.com.br\/sobre\/wp-content\/uploads\/oiapoque-belo-horizonte.jpg\" alt=\"Oiapoque Belo Horizonte\" width=\"680\" height=\"189\" srcset=\"https:\/\/www.encontrabelohorizonte.com.br\/sobre\/wp-content\/uploads\/oiapoque-belo-horizonte.jpg 680w, https:\/\/www.encontrabelohorizonte.com.br\/sobre\/wp-content\/uploads\/oiapoque-belo-horizonte-300x83.jpg 300w\" sizes=\"auto, (max-width: 680px) 100vw, 680px\" \/><\/p>\n<h2>Oiapoque Belo Horizonte Celulares<\/h2>\n<p><em>Celulares<\/em> de diferentes marcas e modelos como LG, Motorola, Alcatel e Multilaser.<\/p>\n<h3>Oiapoque Belo Horizonte Som Automotivo<\/h3>\n<p>Para Motos e Carros oferece ampla linha de <span style=\"text-decoration: underline;\">acess\u00f3rios<\/span>.<\/p>\n<h3>Oiapoque Belo Horizonte Mochilas<\/h3>\n<p>Precisando viajar? O Oiapoque Belo Horizonte oferece malas, <em>mochilas<\/em>, bolsas e muito mais.<\/p>\n<h3>Shopping Oiapoque Belo Horizonte Roupas<\/h3>\n<p><span style=\"text-decoration: underline;\">Moda feminina e masculina<\/span> como bermudas, camisas, shorts e muito mais.<\/p>\n<h3>Hor\u00e1rio de Funcionamento Oiapoque Belo Horizonte<\/h3>\n<ul>\n<li>Segunda a s\u00e1bado das 9h \u00e0s 19h \/ Domingo das 9h \u00e0s 15h<\/li>\n<\/ul>\n<h3>Endere\u00e7o e Telefone Oiapoque Belo Horizonte<\/h3>\n<ul>\n<li>Av. Oiapoque, 156 &#8211; Centro &#8211; Belo Horizonte &#8211; MG<\/li>\n<li>Telefone: (31) 3478-0125<\/li>\n<\/ul>\n<h4>Outras informa\u00e7\u00f5es e site<\/h4>\n<p>Mais informa\u00e7\u00f5es:\u00a0<a href=\"http:\/\/www.shoppingoi.com.br\/\" target=\"_blank\" rel=\"noopener noreferrer\">www.shoppingoi.com.br\/<\/a><\/p>\n<h4>Mapa de localiza\u00e7\u00e3o<\/h4>\n<a class=\"wp-colorbox-iframe\" href=\"https:\/\/www.google.com\/maps\/embed?pb=!1m14!1m8!1m3!1d15005.059402870595!2d-43.939341!3d-19.913241!3m2!1i1024!2i768!4f13.1!3m3!1m2!1s0x00x4c5d634ec65a440c!2sShopping+Oiapoque!5e0!3m2!1spt-BR!2sbr!4v1515431371498\"><img decoding=\"async\" src=\"http:\/\/www.encontrabelohorizonte.com.br\/imgs\/maps-post.png\"><\/a>\n\n<div style=\"font-size: 0px; height: 0px; line-height: 0px; margin: 0; padding: 0; clear: both;\"><\/div>","protected":false},"excerpt":{"rendered":"<p>Oiapoque Belo Horizonte \u00e9 uma empresa de presta\u00e7\u00e3o de servi\u00e7os que disponibiliza espa\u00e7o para an\u00fancios de produtos e servi\u00e7os na internet. Busca oferecer servi\u00e7o de hospedagem de lojas virtuais para os clientes. \u00c9 uma empresa do grupo Shopping Oiapoque que est\u00e1 a mais de dez anos no centro de Belo Horizonte contando mais de 900 lojas dos mais diversos segmentos. Oiapoque Belo Horizonte Celulares Celulares de diferentes marcas e modelos como LG, Motorola, Alcatel e Multilaser. Oiapoque Belo Horizonte Som Automotivo Para Motos e Carros oferece ampla linha de acess\u00f3rios. Oiapoque Belo Horizonte Mochilas Precisando viajar? O Oiapoque Belo Horizonte <\/p>\n","protected":false},"author":1,"featured_media":0,"parent":0,"menu_order":0,"comment_status":"closed","ping_status":"closed","template":"","meta":{"footnotes":""},"class_list":["post-3019","page","type-page","status-publish","hentry"],"aioseo_notices":[],"_links":{"self":[{"href":"https:\/\/www.encontrabelohorizonte.com.br\/sobre\/wp-json\/wp\/v2\/pages\/3019","targetHints":{"allow":["GET"]}}],"collection":[{"href":"https:\/\/www.encontrabelohorizonte.com.br\/sobre\/wp-json\/wp\/v2\/pages"}],"about":[{"href":"https:\/\/www.encontrabelohorizonte.com.br\/sobre\/wp-json\/wp\/v2\/types\/page"}],"author":[{"embeddable":true,"href":"https:\/\/www.encontrabelohorizonte.com.br\/sobre\/wp-json\/wp\/v2\/users\/1"}],"replies":[{"embeddable":true,"href":"https:\/\/www.encontrabelohorizonte.com.br\/sobre\/wp-json\/wp\/v2\/comments?post=3019"}],"version-history":[{"count":0,"href":"https:\/\/www.encontrabelohorizonte.com.br\/sobre\/wp-json\/wp\/v2\/pages\/3019\/revisions"}],"wp:attachment":[{"href":"https:\/\/www.encontrabelohorizonte.com.br\/sobre\/wp-json\/wp\/v2\/media?parent=3019"}],"curies":[{"name":"wp","href":"https:\/\/api.w.org\/{rel}","templated":true}]}}