{"id":3032,"date":"2018-01-08T20:57:43","date_gmt":"2018-01-08T20:57:43","guid":{"rendered":"http:\/\/www.encontrabelohorizonte.com.br\/sobre\/?page_id=3032"},"modified":"2018-01-08T21:12:15","modified_gmt":"2018-01-08T21:12:15","slug":"primeira-igreja-presbiteriana-de-belo-horizonte","status":"publish","type":"page","link":"https:\/\/www.encontrabelohorizonte.com.br\/sobre\/primeira-igreja-presbiteriana-de-belo-horizonte\/","title":{"rendered":"Primeira Igreja Presbiteriana de Belo Horizonte"},"content":{"rendered":"<div class=\"2e083cf0b19e2c11948dc6ac054ba979\" data-index=\"1\" style=\"float: none; margin:0px;\">\n<!-- Anuncio display - global -->\r\n<ins class=\"adsbygoogle\"\r\n     style=\"display:block\"\r\n     data-ad-client=\"ca-pub-8585364105181520\"\r\n     data-ad-slot=\"8789329856\"\r\n     data-ad-format=\"auto\"\r\n     data-full-width-responsive=\"true\"><\/ins>\r\n<script>\r\n     (adsbygoogle = window.adsbygoogle || []).push({});\r\n<\/script>\n<\/div>\n<p>A <strong>Primeira Igreja Presbiteriana de Belo Horizonte<\/strong>, nasceu aqui na capital de Minas Gerais no dia 26 de agosto de 1912, quando o primeiro pastor presbiteriano, a convite de um grupo de irm\u00e3os, pregou o Evangelho Salvador de Jesus Cristo em terras alterosas.<\/p>\n<p>A Igreja veio para o bairro Funcion\u00e1rios nos idos de 1920. Este bairro ficava na periferia de nossa cidade, onde o bonde, literalmente, fazia o retorno.<\/p>\n<p><img loading=\"lazy\" decoding=\"async\" class=\"alignnone wp-image-3034 size-full\" title=\"Primeira Igreja Presbiteriana de Belo Horizonte\" src=\"https:\/\/www.encontrabelohorizonte.com.br\/sobre\/wp-content\/uploads\/primeira-igreja-presbiteria.jpg\" alt=\"Primeira Igreja Presbiteriana de Belo Horizonte\" width=\"680\" height=\"189\" srcset=\"https:\/\/www.encontrabelohorizonte.com.br\/sobre\/wp-content\/uploads\/primeira-igreja-presbiteria.jpg 680w, https:\/\/www.encontrabelohorizonte.com.br\/sobre\/wp-content\/uploads\/primeira-igreja-presbiteria-300x83.jpg 300w\" sizes=\"auto, (max-width: 680px) 100vw, 680px\" \/><\/p>\n<h2>Boletim da Primeira Igreja Presbiteriana de Belo Horizonte<\/h2>\n<p>Atrav\u00e9s do <a href=\"http:\/\/www.primeiraipbh.com.br\/boletim\" target=\"_blank\" rel=\"noopener noreferrer\">link <\/a>voc\u00ea pode acessar os <em>boletins<\/em> da Primeira Igreja Presbiteriana de Belo Horizonte.<\/p>\n<h3>Primeira Igreja Presbiteriana de Belo Horizonte Casamento<\/h3>\n<p>Os n<em>oivo<\/em>s dever\u00e3o preencher formul\u00e1rio, dispon\u00edvel na secretaria da Igreja, solicitando a cess\u00e3o do templo para a <span style=\"text-decoration: underline;\">cerim\u00f4nia<\/span>, no qual constar\u00e3o a data e os hor\u00e1rios para in\u00edcio e t\u00e9rmino da <span style=\"text-decoration: underline;\">cerim\u00f4nia<\/span>. Todo conte\u00fado desse formul\u00e1rio \u00e9 parte integrante desta norma;<\/p>\n<p>Os <em>noivos<\/em> dever\u00e3o agendar entrevista com o pastor da igreja, para esclarecimentos e orienta\u00e7\u00f5es sobre a <span style=\"text-decoration: underline;\">cerim\u00f4nia<\/span>;<br \/>\nAs reservas ser\u00e3o feitas obedecendo-se \u00e0 seguinte ordem de prioridades:<\/p>\n<ul>\n<li>1) Dias dos trabalhos regulares da igreja;<\/li>\n<li>2) Atividades programadas, do calend\u00e1rio da igreja, local e nacional;<\/li>\n<li>3) O \u00faltimo s\u00e1bado de cada m\u00eas ser\u00e1 previamente reservado para programa\u00e7\u00f5es e<br \/>\natividades dos departamentos da igreja local;<\/li>\n<li>4) Ordem de solicita\u00e7\u00e3o da reserva;<\/li>\n<\/ul>\n<p>Ser\u00e1 realizada apenas uma <em>celebra\u00e7\u00e3o<\/em> por dia;<\/p>\n<h3>Coral da Primeira Igreja Presbiteriana de Belo Horizonte<\/h3>\n<p>Um coro ou <em>coral<\/em> \u00e9 um grupo de cantores distribu\u00eddos por naipes segundo a tessitura de suas vozes.<\/p>\n<p>Na m\u00fasica ocidental, um coro misto (de vozes adultas, masculinas e femininas) comp\u00f5e-se de quatro naipes: baixos, tenores, contraltos e sopranos. Incluindo, algumas vezes, tamb\u00e9m as vozes interm\u00e9dias: bar\u00edtono e mezzo-soprano mais frequentemente ditas 2\u00ba Tenor e 2\u00ba soprano, respectivamente.<\/p>\n<h3>Hor\u00e1rio de Funcionamento Primeira Igreja Presbiteriana de Belo Horizonte<\/h3>\n<ul>\n<li>Domingo<\/li>\n<li>Escola dominical: 9 horas<\/li>\n<li>Culto matutino: 10h20min<\/li>\n<li>Culto vespertino: 19 horas<\/li>\n<\/ul>\n<p>Segunda-feira<br \/>\nReuni\u00e3o de ora\u00e7\u00e3o \u00e0s 19h30min.<\/p>\n<p>Ter\u00e7a-feira<br \/>\n\u00c0s 8h30min e 14h30min, reuni\u00e3o de ora\u00e7\u00e3o da SAF (Sociedade Auxiliadora Feminina).<\/p>\n<p>Quinta-feira<br \/>\n\u00c0s 19h30min, temos nosso estudo b\u00edblico doutrin\u00e1rio. Venha estudar a Palavra de Deus conosco e crescer em gra\u00e7a e no conhecimento de Nosso Senhor e Salvador Jesus Cristo.<\/p>\n<p>Sexta-feira<br \/>\n\u00c0s 20h, temos a &#8220;Sexta Jovem&#8221;, quando os jovens de nossa igreja se encontram para louvar a Deus e estudar a Santa Palavra.<\/p>\n<h3>Endere\u00e7o e Telefone Primeira Igreja Presbiteriana de Belo Horizonte<\/h3>\n<ul>\n<li>R. Cear\u00e1, 1434 &#8211; Funcion\u00e1rios &#8211; Belo Horizonte &#8211; MG<\/li>\n<li>Telefone: (31) 3273-7044<\/li>\n<\/ul>\n<h4>Outras informa\u00e7\u00f5es e site<\/h4>\n<p>Mais informa\u00e7\u00f5es:\u00a0<a href=\"http:\/\/www.primeiraipbh.com.br\" target=\"_blank\" rel=\"noopener noreferrer\">www.primeiraipbh.com.br<\/a><\/p>\n<h4>Mapa de localiza\u00e7\u00e3o<\/h4>\n<a class=\"wp-colorbox-iframe\" href=\"https:\/\/www.google.com\/maps\/embed?pb=!1m14!1m8!1m3!1d15003.079505214451!2d-43.9290758!3d-19.9341!3m2!1i1024!2i768!4f13.1!3m3!1m2!1s0x00xed9daf9427dfdd02!2sPrimeira+Igreja+Presbiteriana!5e0!3m2!1spt-BR!2sbr!4v1515442143268\"><img decoding=\"async\" src=\"http:\/\/www.encontrabelohorizonte.com.br\/imgs\/maps-post.png\"><\/a>\n\n<div style=\"font-size: 0px; height: 0px; line-height: 0px; margin: 0; padding: 0; clear: both;\"><\/div>","protected":false},"excerpt":{"rendered":"<p>A Primeira Igreja Presbiteriana de Belo Horizonte, nasceu aqui na capital de Minas Gerais no dia 26 de agosto de 1912, quando o primeiro pastor presbiteriano, a convite de um grupo de irm\u00e3os, pregou o Evangelho Salvador de Jesus Cristo em terras alterosas. A Igreja veio para o bairro Funcion\u00e1rios nos idos de 1920. Este bairro ficava na periferia de nossa cidade, onde o bonde, literalmente, fazia o retorno. Boletim da Primeira Igreja Presbiteriana de Belo Horizonte Atrav\u00e9s do link voc\u00ea pode acessar os boletins da Primeira Igreja Presbiteriana de Belo Horizonte. Primeira Igreja Presbiteriana de Belo Horizonte Casamento Os <\/p>\n","protected":false},"author":1,"featured_media":0,"parent":0,"menu_order":0,"comment_status":"closed","ping_status":"closed","template":"","meta":{"footnotes":""},"class_list":["post-3032","page","type-page","status-publish","hentry"],"aioseo_notices":[],"_links":{"self":[{"href":"https:\/\/www.encontrabelohorizonte.com.br\/sobre\/wp-json\/wp\/v2\/pages\/3032","targetHints":{"allow":["GET"]}}],"collection":[{"href":"https:\/\/www.encontrabelohorizonte.com.br\/sobre\/wp-json\/wp\/v2\/pages"}],"about":[{"href":"https:\/\/www.encontrabelohorizonte.com.br\/sobre\/wp-json\/wp\/v2\/types\/page"}],"author":[{"embeddable":true,"href":"https:\/\/www.encontrabelohorizonte.com.br\/sobre\/wp-json\/wp\/v2\/users\/1"}],"replies":[{"embeddable":true,"href":"https:\/\/www.encontrabelohorizonte.com.br\/sobre\/wp-json\/wp\/v2\/comments?post=3032"}],"version-history":[{"count":0,"href":"https:\/\/www.encontrabelohorizonte.com.br\/sobre\/wp-json\/wp\/v2\/pages\/3032\/revisions"}],"wp:attachment":[{"href":"https:\/\/www.encontrabelohorizonte.com.br\/sobre\/wp-json\/wp\/v2\/media?parent=3032"}],"curies":[{"name":"wp","href":"https:\/\/api.w.org\/{rel}","templated":true}]}}