{"id":3069,"date":"2018-02-02T18:12:57","date_gmt":"2018-02-02T18:12:57","guid":{"rendered":"http:\/\/www.encontrabelohorizonte.com.br\/sobre\/?page_id=3069"},"modified":"2018-02-02T19:29:26","modified_gmt":"2018-02-02T19:29:26","slug":"feira-hippie-belo-horizonte","status":"publish","type":"page","link":"https:\/\/www.encontrabelohorizonte.com.br\/sobre\/feira-hippie-belo-horizonte\/","title":{"rendered":"Feira Hippie Belo Horizonte"},"content":{"rendered":"<div class=\"2e083cf0b19e2c11948dc6ac054ba979\" data-index=\"1\" style=\"float: none; margin:0px;\">\n<!-- Anuncio display - global -->\r\n<ins class=\"adsbygoogle\"\r\n     style=\"display:block\"\r\n     data-ad-client=\"ca-pub-8585364105181520\"\r\n     data-ad-slot=\"8789329856\"\r\n     data-ad-format=\"auto\"\r\n     data-full-width-responsive=\"true\"><\/ins>\r\n<script>\r\n     (adsbygoogle = window.adsbygoogle || []).push({});\r\n<\/script>\n<\/div>\n<p>A Feira de Artes, Artesanato e Produtores de Variedades de Belo Horizonte, a <strong>Feira Hippie Belo Horizonte<\/strong>, \u00e9 um importante cap\u00edtulo na hist\u00f3ria da capital mineira. Destino, nas manh\u00e3s de domingo, de visitantes de diversos estados e pa\u00edses, \u00e9 o principal ponto de refer\u00eancia e de encontro da popula\u00e7\u00e3o local.<\/p>\n<p>Pioneira no Brasil, a Feira Hippie foi criada por um grupo de artistas e artes\u00e3os em 1969, na Pra\u00e7a da Liberdade.<\/p>\n<p><img loading=\"lazy\" decoding=\"async\" class=\"alignnone wp-image-3070 size-full\" title=\"Feira Hippie Belo Horizonte\" src=\"https:\/\/www.encontrabelohorizonte.com.br\/sobre\/wp-content\/uploads\/feira-hippie-belo-horizonte.jpg\" alt=\"Feira Hippie Belo Horizonte\" width=\"680\" height=\"189\" srcset=\"https:\/\/www.encontrabelohorizonte.com.br\/sobre\/wp-content\/uploads\/feira-hippie-belo-horizonte.jpg 680w, https:\/\/www.encontrabelohorizonte.com.br\/sobre\/wp-content\/uploads\/feira-hippie-belo-horizonte-300x83.jpg 300w\" sizes=\"auto, (max-width: 680px) 100vw, 680px\" \/><\/p>\n<p>Oficializada em 1972 pela Prefeitura, a feira passou por vigoroso processo de crescimento e reconhecimento nacional e internacional em virtude da qualidade dos trabalhos ali comercializados.<\/p>\n<p>Em 1991 a feira foi transferida para a Av. Afonso Pena, no centro, agregando nessa mudan\u00e7a outras feiras antes espalhadas pela cidade. Surgiu ent\u00e3o a maior feira de artesanato e variedades a c\u00e9u aberto da Am\u00e9rica Latina.<\/p>\n<p>Apesar da mudan\u00e7a e da introdu\u00e7\u00e3o de novos conte\u00fados, o nome, FEIRA HIPPIE, dado carinhosamente pela popula\u00e7\u00e3o local e pelos visitantes dos mais diversos recantos do mundo \u00e0quela feira da Pra\u00e7a da Liberdade, permaneceu, agora como marca e sin\u00f4nimo de qualidade e criatividade desta feira que n\u00e3o parou no tempo.<\/p>\n<p>A Feira Hippie \u00e9 hoje, sem d\u00favida, o maior atrativo tur\u00edstico e um dos maiores polos de desenvolvimento comercial e humano da capital mineira. Imposs\u00edvel conhecer tudo em apenas um dia de visita; imposs\u00edvel visitar uma vez e n\u00e3o querer voltar.<\/p>\n<h2>Feira Hippie Belo Horizonte Bijuterias<\/h2>\n<p>Se voc\u00ea estiver em Belo Horizonte no domingo e curte fazer umas comprinhas, vale a pena dar uma passada na Feira Hippie, uma das maiores e mais conhecidas feiras de artesanato do Brasil.<\/p>\n<p>Se estiver pensando em comprar <em>bijuterias<\/em>, \u00e9 o lugar ideal pois h\u00e1 diversas barracas com pe\u00e7as lindas e de muita qualidade.<\/p>\n<h3>Quadros Feira Hippie Belo Horizonte<\/h3>\n<p>Os <span style=\"text-decoration: underline;\">quadros<\/span> de pintura tomam conta de quase toda a lateral da feira, ultrapassam as barraquinhas e se fixam na pr\u00f3pria cal\u00e7ada da avenida. Na \u00e1rea das tendas, a artista Marilene Magalh\u00e3es se dedica \u00e0s pinturas florais e faz tudo com maestria. Seus quadros s\u00e3o delicados e deixam qualquer parede mais bonita.<\/p>\n<h3>Feira Hippie Belo Horizonte Cal\u00e7ados<\/h3>\n<p>Aqui voc\u00ea encontra <em>cal\u00e7ados<\/em> bem trabalhados. Lugar ideal pra comprar aquela rasteirinha.<\/p>\n<h3>Fotos Feira Hippie Belo Horizonte<\/h3>\n<p><img loading=\"lazy\" decoding=\"async\" class=\"alignnone wp-image-3071 size-full\" title=\"Fotos Feira Hippie Belo Horizonte\" src=\"https:\/\/www.encontrabelohorizonte.com.br\/sobre\/wp-content\/uploads\/feira-hippie-belo-horizonte-fotos.jpg\" alt=\"Fotos Feira Hippie Belo Horizonte\" width=\"680\" height=\"189\" srcset=\"https:\/\/www.encontrabelohorizonte.com.br\/sobre\/wp-content\/uploads\/feira-hippie-belo-horizonte-fotos.jpg 680w, https:\/\/www.encontrabelohorizonte.com.br\/sobre\/wp-content\/uploads\/feira-hippie-belo-horizonte-fotos-300x83.jpg 300w\" sizes=\"auto, (max-width: 680px) 100vw, 680px\" \/><\/p>\n<h3>Hor\u00e1rio de Funcionamento Feira Hippie Belo Horizonte<\/h3>\n<ul>\n<li>Domingo das 6h \u00e0s 14h<\/li>\n<\/ul>\n<h3>Endere\u00e7o e Telefone Feira Hippie Belo Horizonte<\/h3>\n<ul>\n<li>Av. Afonso Pena, 1387 &#8211; Centro &#8211; Belo Horizonte &#8211; MG<\/li>\n<li>Telefone: (31) 3327-9983<\/li>\n<\/ul>\n<h4>Outras informa\u00e7\u00f5es e site<\/h4>\n<p>Mais informa\u00e7\u00f5es:\u00a0<a href=\"http:\/\/www.feirahippie.com\" target=\"_blank\" rel=\"noopener noreferrer\">www.feirahippie.com<\/a><\/p>\n<h4>Mapa de localiza\u00e7\u00e3o<\/h4>\n<a class=\"wp-colorbox-iframe\" href=\"https:\/\/www.google.com\/maps\/embed?pb=!1m14!1m8!1m3!1d15004.182860788376!2d-43.936527!3d-19.9224783!3m2!1i1024!2i768!4f13.1!3m3!1m2!1s0x00x6ec3255bd7bee5ac!2sFeira+de+Arte+e+Artesanato+da+Avenida+Afonso+Pena!5e0!3m2!1spt-BR!2sbr!4v1517594001830\"><img decoding=\"async\" src=\"http:\/\/www.encontrabelohorizonte.com.br\/imgs\/maps-post.png\"><\/a>\n\n<div style=\"font-size: 0px; height: 0px; line-height: 0px; margin: 0; padding: 0; clear: both;\"><\/div>","protected":false},"excerpt":{"rendered":"<p>A Feira de Artes, Artesanato e Produtores de Variedades de Belo Horizonte, a Feira Hippie Belo Horizonte, \u00e9 um importante cap\u00edtulo na hist\u00f3ria da capital mineira. Destino, nas manh\u00e3s de domingo, de visitantes de diversos estados e pa\u00edses, \u00e9 o principal ponto de refer\u00eancia e de encontro da popula\u00e7\u00e3o local. Pioneira no Brasil, a Feira Hippie foi criada por um grupo de artistas e artes\u00e3os em 1969, na Pra\u00e7a da Liberdade. Oficializada em 1972 pela Prefeitura, a feira passou por vigoroso processo de crescimento e reconhecimento nacional e internacional em virtude da qualidade dos trabalhos ali comercializados. Em 1991 a <\/p>\n","protected":false},"author":1,"featured_media":0,"parent":0,"menu_order":0,"comment_status":"closed","ping_status":"closed","template":"","meta":{"footnotes":""},"class_list":["post-3069","page","type-page","status-publish","hentry"],"aioseo_notices":[],"_links":{"self":[{"href":"https:\/\/www.encontrabelohorizonte.com.br\/sobre\/wp-json\/wp\/v2\/pages\/3069","targetHints":{"allow":["GET"]}}],"collection":[{"href":"https:\/\/www.encontrabelohorizonte.com.br\/sobre\/wp-json\/wp\/v2\/pages"}],"about":[{"href":"https:\/\/www.encontrabelohorizonte.com.br\/sobre\/wp-json\/wp\/v2\/types\/page"}],"author":[{"embeddable":true,"href":"https:\/\/www.encontrabelohorizonte.com.br\/sobre\/wp-json\/wp\/v2\/users\/1"}],"replies":[{"embeddable":true,"href":"https:\/\/www.encontrabelohorizonte.com.br\/sobre\/wp-json\/wp\/v2\/comments?post=3069"}],"version-history":[{"count":0,"href":"https:\/\/www.encontrabelohorizonte.com.br\/sobre\/wp-json\/wp\/v2\/pages\/3069\/revisions"}],"wp:attachment":[{"href":"https:\/\/www.encontrabelohorizonte.com.br\/sobre\/wp-json\/wp\/v2\/media?parent=3069"}],"curies":[{"name":"wp","href":"https:\/\/api.w.org\/{rel}","templated":true}]}}